{"id":8421,"date":"2026-02-05T09:36:49","date_gmt":"2026-02-05T11:36:49","guid":{"rendered":"https:\/\/apotekar-online.rs\/?post_type=product&#038;p=8421"},"modified":"2026-03-05T08:27:39","modified_gmt":"2026-03-05T10:27:39","slug":"san-sebastian-ashwagandha-organic-60-kapsula","status":"publish","type":"product","link":"https:\/\/apotekar-online.rs\/en\/p\/san-sebastian-ashwagandha-organic-60-kapsula\/","title":{"rendered":"San Sebastian Ashwagandha Organic, 60 kapsula"},"content":{"rendered":"","protected":false},"excerpt":{"rendered":"<p>San Sebastian Ashwagandha je organski dodatak ishrani koji sadr\u017ei suvi ekstrakt korena a\u0161vagande KSM-66\u00ae. A\u0161vaganda je biljka koja se tradicionalno koristi i deluje kao adaptogen koji poma\u017ee u pove\u0107anju energije i otpornosti na stres, odnosno kod mentalnog i fizi\u010dkog umora povezanog sa stresom. Doprinosi odr\u017eavanju mentalnog i fizi\u010dkog blagostanja, emocionalnoj ravnote\u017ei i blagotvorno uti\u010de na srce i kardiovaskularni sistem.<\/p>\n<h2>Delovanje i na\u010din primene<\/h2>\n<p>Odrasli: uzeti 1 kapsulu dnevno.<\/p>\n<h2>Composition<\/h2>\n<p>Aktivni sastojak u 1 kapsuli (dnevna doza): suvi vodeni ekstrakt korena a\u0161vagande (Withania somnfera) KSM-66\u00ae, standardizovan na 5% vitanolida 150 mg.<br \/>\nMikrokristalna celuloza, suvi vodeni ekstrakt korena a\u0161vagande (Withania somnifera) KSM-66\u00ae, standardizovan na 5% vitanolida; kapsula (\u017eelatin, boja: kalcijum-karbonat), silicijum-dioksid, magnezijum stearat.<\/p>\n<p>&nbsp;<\/p>\n<p>&nbsp;<\/p>\n<p>&nbsp;<\/p>","protected":false},"featured_media":8422,"template":"","meta":[],"product_brand":[3099],"product_cat":[84,85],"product_tag":[3101,3102,3100,2338],"class_list":{"0":"post-8421","1":"product","2":"type-product","3":"status-publish","4":"has-post-thumbnail","6":"product_brand-san-sebastian","7":"product_cat-zdravlje-muskaraca","8":"product_cat-zdravlje-zena","9":"product_tag-anti-stres","10":"product_tag-kardio-vaskularni-sistem","11":"product_tag-organski-dodatak","12":"product_tag-povecanje-energije","14":"first","15":"instock","16":"shipping-taxable","17":"purchasable","18":"product-type-simple"},"ams_default_variation_id":0,"ams_product_points_reward":[],"ams_product_discount_percentage":0,"ams_price_to_display":2592,"ams_acf":[],"jetpack_sharing_enabled":true,"_links":{"self":[{"href":"https:\/\/apotekar-online.rs\/en\/wp-json\/wp\/v2\/product\/8421","targetHints":{"allow":["GET"]}}],"collection":[{"href":"https:\/\/apotekar-online.rs\/en\/wp-json\/wp\/v2\/product"}],"about":[{"href":"https:\/\/apotekar-online.rs\/en\/wp-json\/wp\/v2\/types\/product"}],"wp:featuredmedia":[{"embeddable":true,"href":"https:\/\/apotekar-online.rs\/en\/wp-json\/wp\/v2\/media\/8422"}],"wp:attachment":[{"href":"https:\/\/apotekar-online.rs\/en\/wp-json\/wp\/v2\/media?parent=8421"}],"wp:term":[{"taxonomy":"product_brand","embeddable":true,"href":"https:\/\/apotekar-online.rs\/en\/wp-json\/wp\/v2\/product_brand?post=8421"},{"taxonomy":"product_cat","embeddable":true,"href":"https:\/\/apotekar-online.rs\/en\/wp-json\/wp\/v2\/product_cat?post=8421"},{"taxonomy":"product_tag","embeddable":true,"href":"https:\/\/apotekar-online.rs\/en\/wp-json\/wp\/v2\/product_tag?post=8421"}],"curies":[{"name":"wp","href":"https:\/\/api.w.org\/{rel}","templated":true}]}}