{"id":8426,"date":"2026-02-05T10:10:16","date_gmt":"2026-02-05T12:10:16","guid":{"rendered":"https:\/\/apotekar-online.rs\/?post_type=product&#038;p=8426"},"modified":"2026-03-05T08:27:38","modified_gmt":"2026-03-05T10:27:38","slug":"iberogast-kapi-20ml","status":"publish","type":"product","link":"https:\/\/apotekar-online.rs\/en\/p\/iberogast-kapi-20ml\/","title":{"rendered":"Iberogast kapi 20ml"},"content":{"rendered":"","protected":false},"excerpt":{"rendered":"<div class=\"kratki-opis\">\n<p><em><strong>Iberogast\u00a0<\/strong><\/em>je biljni lek koji se koristi u terapiji stoma\u010dnih i crevnih tegoba koje se javljaju kod funkcionalne dispepsije i sindroma iritabilnog creva. Ove bolesti se uglavnom manifestuju kao poreme\u0107aj rada creva, goru\u0161ica, ose\u0107aj prezasi\u0107enosti, stoma\u010dnih gr\u010deva i mu\u010dnine.<\/p>\n<\/div>\n<div id=\"accordionExample\" class=\"accordion mt-5\">\n<div class=\"accordion-item\">\n<h2 class=\"accordion-header\"><button class=\"accordion-button collapsed\" type=\"button\" data-bs-toggle=\"collapse\" data-bs-target=\"#collapseOne\">OPIS<\/button><\/h2>\n<div id=\"collapseOne\" class=\"accordion-collapse collapse show\" data-bs-parent=\"#accordionExample\">\n<div class=\"accordion-body\">\n<p><em><strong>Way of use:<\/strong><\/em><\/p>\n<p>Ukoliko nije druga\u010dije propisano, Iberogast kapi se uzimaju pre ili u toku jela sa ne\u0161to te\u010dnosti.<br \/>\nOdrasli i adolescenti: uzeti 3 puta dnevno po 20 kapi.<br \/>\nDeca od 6 do 12 godina: 3 puta dnevno po 15 kapi, samo po preporuci lekara.<br \/>\nDu\u017eina trajanja terapije zavisi od vrste, ozbiljnosti i toka bolesti.<br \/>\nPre upotrebe dobro promu\u0107kajte rastvor.<\/p>\n<p>&nbsp;<\/p>\n<p><em><strong>Composition:<\/strong>\u00a0<\/em>Divlji renac (Iberis amara L.), te\u010dni ekstrakt cele sve\u017ee biljke; an\u0111elika (Angelica archangelica L.), te\u010dni ekstrakt korena; mati\u010dnjak (Melissa officinalis L.), te\u010dni ekstrakt lista; kim (Carum carvi L.), te\u010dni ekstrakt ploda; rusa (Chelidonium majus L.), te\u010dni ekstrakt herbe; sladi\u0107 (Glycyrrhiza glabra L.), te\u010dni ekstrakt korena; kamilica (Matricaria recutita L.), te\u010dni ekstrakt cveta; nana (Mentha piperita L.), te\u010dni ekstrakt lista; gujina trava (Silybum marianum L.), te\u010dni ekstrakt ploda.<\/p>\n<\/div>\n<\/div>\n<\/div>\n<\/div>","protected":false},"featured_media":8427,"template":"","meta":[],"product_brand":[3094],"product_cat":[15],"product_tag":[341,2485],"class_list":{"0":"post-8426","1":"product","2":"type-product","3":"status-publish","4":"has-post-thumbnail","6":"product_brand-bayer","7":"product_cat-uncategorized","8":"product_tag-gorusica","9":"product_tag-stomacne-tegobe","11":"first","12":"instock","13":"shipping-taxable","14":"product-type-simple"},"ams_default_variation_id":0,"ams_product_points_reward":[],"ams_product_discount_percentage":0,"ams_price_to_display":0,"ams_acf":[],"jetpack_sharing_enabled":true,"_links":{"self":[{"href":"https:\/\/apotekar-online.rs\/en\/wp-json\/wp\/v2\/product\/8426","targetHints":{"allow":["GET"]}}],"collection":[{"href":"https:\/\/apotekar-online.rs\/en\/wp-json\/wp\/v2\/product"}],"about":[{"href":"https:\/\/apotekar-online.rs\/en\/wp-json\/wp\/v2\/types\/product"}],"wp:featuredmedia":[{"embeddable":true,"href":"https:\/\/apotekar-online.rs\/en\/wp-json\/wp\/v2\/media\/8427"}],"wp:attachment":[{"href":"https:\/\/apotekar-online.rs\/en\/wp-json\/wp\/v2\/media?parent=8426"}],"wp:term":[{"taxonomy":"product_brand","embeddable":true,"href":"https:\/\/apotekar-online.rs\/en\/wp-json\/wp\/v2\/product_brand?post=8426"},{"taxonomy":"product_cat","embeddable":true,"href":"https:\/\/apotekar-online.rs\/en\/wp-json\/wp\/v2\/product_cat?post=8426"},{"taxonomy":"product_tag","embeddable":true,"href":"https:\/\/apotekar-online.rs\/en\/wp-json\/wp\/v2\/product_tag?post=8426"}],"curies":[{"name":"wp","href":"https:\/\/api.w.org\/{rel}","templated":true}]}}