{"id":8428,"date":"2026-02-05T10:18:45","date_gmt":"2026-02-05T12:18:45","guid":{"rendered":"https:\/\/apotekar-online.rs\/?post_type=product&#038;p=8428"},"modified":"2026-03-05T08:27:38","modified_gmt":"2026-03-05T10:27:38","slug":"iberogast-kapi-50ml","status":"publish","type":"product","link":"https:\/\/apotekar-online.rs\/en\/p\/iberogast-kapi-50ml\/","title":{"rendered":"Iberogast kapi 50ml"},"content":{"rendered":"","protected":false},"excerpt":{"rendered":"<p style=\"font-weight: 400;\"><b><strong>The distribution of this drug over the Internet is strictly prohibited and regulated by the laws of the Republic of Serbia, while its presentation on the Internet is allowed, solely for the purpose of informing the general and professional public about its purpose and better familiarization with the basic characteristics of the drug itself.<\/strong><\/b><\/p>\n<p style=\"font-weight: 400;\">YOU CAN VIEW THE REGULATION ON THE METHOD OF ADVERTISING MEDICINE, REGARDING MEDICINE (&quot;Sl. Gl. RS&quot;, no. 79\/2010)\u00a0<a href=\"http:\/\/www.alims.gov.rs\/ciril\/files\/2012\/06\/p-oglasavanje-79-2010.pdf\">HERE<\/a>.<\/p>\n<p style=\"font-weight: 400;\">Proprietary name, strength, pharmaceutical form<br \/>\nIberogast\u00ae ; oralne kapi, rastvor; 15 mL\/100 mL + 10 mL\/100 mL + 10 mL\/100 mL + 10 mL\/100 mL + 10 mL\/100 mL + 10 mL\/100 mL + 20 mL\/100 mL + 5 mL\/100 mL + 10 mL\/100 mL<br \/>\nINN Divlji renac (Iberis amara L.), te\u010dni ekstrakt cele sve\u017ee biljke; an\u0111elika (Angelica archangelica L.), te\u010dni ekstrakt korena; mati\u010dnjak (Melissa officinalis L.), te\u010dni ekstrakt lista; kim (Carum carvi L.), te\u010dni ekstrakt ploda; rusa (Chelidonium majus L.), te\u010dni ekstrakt herbe; sladi\u0107 (Glycyrrhiza glabra L.), te\u010dni ekstrakt korena; kamilica (Matricaria recutita L.), te\u010dni ekstrakt cveta; nana (Mentha piperita L.), te\u010dni ekstrakt lista; gujina trava (Silybum marianum L.), te\u010dni ekstrakt ploda.<\/p>\n<p style=\"font-weight: 400;\"><b><strong>Read this manual carefully, because it contains information that is important to you.<\/strong><\/b><br \/>\nOvaj lek se mo\u017ee nabaviti bez lekarskog recepta. Me\u0111utim, neophodno je da pa\u017eljivo koristite lek Iberogast, da biste sa njim postigli najbolje rezultate.<\/p>\n<ul style=\"font-weight: 400;\">\n<li>Save the instructions. You may need to read it again.<\/li>\n<li>If you have any further questions, ask your pharmacist.<\/li>\n<li>Ukoliko se Va\u0161i simptomi pogor\u0161aju ili Vam ne bude bolje posle nedelju dana, morate se obratiti svom lekaru.<\/li>\n<li>If any side effect becomes serious or you notice any side effect that is not listed in this guide, please inform your doctor or pharmacist.<\/li>\n<\/ul>\n<p style=\"font-weight: 400;\"><b><strong>In this guide you will read:\u00a0<\/strong><\/b><br \/>\n1. \u0160ta je lek Iberogast i \u010demu je namenjen<br \/>\n2. \u0160ta treba da znate pre nego \u0161to uzmete lek Iberogast<br \/>\n3. Kako se upotrebljava lek Iberogast<br \/>\n4. Possible side effects<br \/>\n5. Kako \u010duvati lek Iberogast<br \/>\n6. Additional information<\/p>\n<ol>\n<li style=\"font-weight: 400;\"><b><strong> \u0160TA JE LEK IBEROGAST I \u010cEMU JE NAMENjEN\u00a0<\/strong><\/b><br \/>\nIberogast je biljni lek koji se koristi u terapiji stoma\u010dnih i crevnih tegoba koje se javljaju kod funkcionalne dispepsije i sindroma iritabilnog creva. Ove bolesti se uglavnom manifestuju kao poreme\u0107aj rada creva, goru\u0161ica, ose\u0107aj prezasi\u0107enosti, stoma\u010dnih gr\u010deva i mu\u010dnine.<\/li>\n<li style=\"font-weight: 400;\"><b><strong> \u0160TA TREBA DA ZNATE PRE NEGO \u0160TO UZMETE LEK IBEROGAST<\/strong><\/b><br \/>\n<b><strong>Lek Iberogast ne smete koristiti:<\/strong><\/b><br \/>\nLek Iberogast ne smete uzimati ako znate da ste alergi\u010dni na neku od aktivnih supstanci.<br \/>\nLek Iberogast se ne sme primenjivati kod dece mla\u0111e od 6 godina.<\/li>\n<\/ol>\n<p style=\"font-weight: 400;\"><b><strong>Kada uzimate lek Iberogast, posebno vodite ra\u010duna:\u00a0<\/strong><\/b><br \/>\nU slu\u010daju organskih gastrointestinalnih poreme\u0107aja, kao i kod dece uzrasta 6-12 godina, lekar treba da odlu\u010di o primeni ovog biljnog leka.<br \/>\nUkoliko tegobe ne prestanu ili ako \u017eeljeni rezultat terapije izostane, nakon nedelju dana treba se obratiti lekaru kako bi se isklju\u010dila mogu\u0107nost organskih uzroka. Ako se uzimanjem leka Iberogast tegobe pogor\u0161aju ili nastupe nove tegobe, obavezno se treba konsultovati sa lekarom.<br \/>\nZbog sadr\u017eaja alkohola u proizvodu, neophodan je poseban oprez kod pacijenata sa o\u0161te\u0107enjem jetre, alkoholizmom, epilepsijom ili o\u0161te\u0107enjem mozga.<\/p>\n<p style=\"font-weight: 400;\"><b><strong>Administration of other drugs\u00a0<\/strong><\/b><br \/>\nNema poznatih interakcija sa drugim lekovima. Ka\u017eite svom lekaru i farmaceutu ako uzimate ili ste do nedavno uzimali bilo koji drugi lek, uklju\u010duju\u0107i i one koji se mogu nabaviti bez lekarskog recepta.<\/p>\n<p style=\"font-weight: 400;\"><b><strong>Uzimanje leka Iberogast sa hranom ili pi\u0107ima\u00a0<\/strong><\/b><br \/>\nNema uticaja.<\/p>\n<p style=\"font-weight: 400;\"><b><strong>Primena leka Iberogast u periodu trudno\u0107e i dojenja\u00a0<\/strong><\/b><br \/>\nU postoje\u0107im dokumentovanim iskustvima nema indicija o \u0161tetnosti upotrebe Iberogast kapi za vreme trudno\u0107e i tokom dojenja. Primena tokom trudno\u0107e i dojenja se ne preporu\u010duje.<br \/>\nTrudnice i dojilje smeju koristiti lek Iberogast samo nakon konsultacije sa lekarom.<\/p>\n<p style=\"font-weight: 400;\"><b><strong>Uticaj leka Iberogast na upravljanje motornim vozilima i rukovanje ma\u0161inama\u00a0<\/strong><\/b><br \/>\nUticaj nije poznat.<\/p>\n<p style=\"font-weight: 400;\"><b><strong>Va\u017ene informacije o nekim sastojcima leka Iberogast<br \/>\n<\/strong><\/b>Lek Iberogast sadr\u017ei 31 % alkohola, odnosno 297 mg alkohola po dozi od 20 kapi, \u0161to odgovara sadr\u017eaju alkohola u 7,5 mL piva ili 3,1 mL vina. \u0160tetan je za osobe koje boluju od alkoholizma. Mora se obratiti pa\u017enja u le\u010denju trudnica i dojilja, dece i visoko-rizi\u010dnih grupa kao \u0161to su pacijenti sa bolestima jetre ili epilepsijom.<\/p>\n<ol start=\"3\">\n<li style=\"font-weight: 400;\"><b><strong> KAKO SE UPOTREBLJAVA LEK IBEROGAST\u00a0<\/strong><\/b><br \/>\nUkoliko nije druga\u010dije propisano, Iberogast kapi se uzimaju pre ili u toku jela sa ne\u0161to te\u010dnosti.<br \/>\nOdrasli i adolescenti: uzeti 3 puta dnevno po 20 kapi.<br \/>\nDeca od 6 do 12 godina: 3 puta dnevno po 15 kapi, samo po preporuci lekara.<br \/>\nDu\u017eina trajanja terapije zavisi od vrste, ozbiljnosti i toka bolesti.<br \/>\nPre upotrebe dobro promu\u0107kajte rastvor.<\/li>\n<\/ol>\n<p style=\"font-weight: 400;\"><b><strong>Ako ste uzeli vi\u0161e leka Iberogast nego \u0161to je trebalo\u00a0<\/strong><\/b><br \/>\nDo sada nije bilo registrovanih slu\u010dajeva akutnog predoziranja. Treba obratiti pa\u017enju na sadr\u017eaj alkohola.<br \/>\nNehoti\u010dno uzimanje 1 ili 2 doze leka Iberogast vi\u0161e nego \u0161to je predvi\u0111eno, zna\u010di ukupno 40 do 60 kapi, ne mora da ima negativne posledice. Ako ste uzeli zna\u010dajno ve\u0107e doze, obavestite o tome Va\u0161eg lekara, koji \u0107e u slu\u010daju potrebe doneti odluku o preduzimanju adekvatnih mera.<br \/>\nUkoliko ste uzeli preveliku koli\u010dinu leka Iberogast, prilikom slede\u0107eg uzimanja nastavite sa koli\u010dinom koju Vam je propisao lekar ili onom koja je navedena u ovom uputstvu.<\/p>\n<p style=\"font-weight: 400;\"><b><strong>Ako ste zaboravili da uzmete lek Iberogast<\/strong><\/b><br \/>\nUkoliko ste jednom zaboravili da uzmete lek Iberogast, prilikom slede\u0107eg uzimanja nastavite sa koli\u010dinom koju Vam je propisao lekar ili onom koja je navedena u ovom uputstvu.<br \/>\nNikada ne uzimajte duplu dozu da nadomestite to \u0161to ste zaboravili da uzmete lek.<\/p>\n<p style=\"font-weight: 400;\"><b><strong>Ako naglo prestanete da uzimate lek Iberogast\u00a0<\/strong><\/b><br \/>\nNema efekata.<\/p>\n<ol start=\"4\">\n<li style=\"font-weight: 400;\"><b><strong> POSSIBLE SIDE EFFECTS\u00a0<\/strong><\/b><br \/>\nLek Iberogast, kao i drugi lekovi, mo\u017ee da ima ne\u017eeljena dejstva, mada se ona ne moraju ispoljiti kod svih.<br \/>\nVrlo retko se mogu javiti alergijske reakcije kao \u0161to su osip, svrab, ote\u017eano disanje.<br \/>\nUkoliko se pojavi neka ne\u017eeljena reakcija, treba prestati sa uzimanjem leka i obratiti se lekaru za savet. Lekar \u0107e utvrditi ozbiljnost ne\u017eeljene reakcije i odlu\u010diti o daljem toku terapije.<\/li>\n<\/ol>\n<p style=\"font-weight: 400;\"><b><strong>Reporting adverse reactions\u00a0<\/strong><\/b><br \/>\nUkoliko Vam se ispolji bilo koja ne\u017eeljena reakcija, potrebno je da o tome obavestite lekara ili farmaceuta. Ovo uklju\u010duje i svaku mogu\u0107u ne\u017eeljenu reakciju koja nije navedena u ovom uputstvu. Prijavljivanjem ne\u017eeljenih reakcija mo\u017eete da pomognete u proceni bezbednosti ovog leka. Sumnju na ne\u017eeljene reakcije mo\u017eete da\u00a0prijavite Agenciji za lekove i medicinska sredstva Srbije (ALIMS): Agencija za lekove i medicinska sredstva Srbije Nacionalni centar za farmakovigilancu Vojvode Stepe 458, 11221 Beograd Republika Srbija website: www.alims.gov.rs e-mail: nezeljene.reakcije@alims.gov.rs<\/p>\n<ol start=\"5\">\n<li style=\"font-weight: 400;\"><b><strong> KAKO \u010cUVATI LEK IBEROGAST\u00a0<\/strong><\/b><br \/>\nKeep out of the reach and sight of children!<br \/>\n<b><strong>Expiration date\u00a0<\/strong><\/b><br \/>\nRok upotrebe neotvorenog pakovanja: 2 godine.<br \/>\nRok upotrebe nakon prvog otvaranja bo\u010dice: 8 nedelja.<br \/>\n<b><strong>Keeping\u00a0<\/strong><\/b><br \/>\n\u010cuvati na temperaturi do +25\u00b0 C.<br \/>\nNe \u010duvati u fri\u017eideru i ne zamrzavati.<br \/>\nPojava taloga ili zamu\u0107enja rastvora Iberogast ne umanjuje efikasnost preparata.<br \/>\nNe koristite lek posle isteka roka upotrebe nazna\u010denog na bo\u010dici i kutiji leka.<\/li>\n<li style=\"font-weight: 400;\"><b><strong> ADDITIONAL INFORMATION\u00a0<\/strong><\/b><br \/>\n\u0160ta sadr\u017ei lek Iberogast<br \/>\n100 mL oralnih kapi, rastvora sadr\u017ei:<br \/>\n15 mL te\u010dnog ekstrakta cele sve\u017ee biljke divljeg renca (Iberis amara L.) (1:1.5-2.5), rastvara\u010d za ekstrakciju: etanol 50% (v\/v); 10 mL te\u010dnog ekstrakta korena an\u0111elike (Angelica archangelica L.) (1:2.5-3.5), rastvara\u010d za ekstrakciju: etanol 30% (v\/v); 10 mL te\u010dnog ekstrakta lista mati\u010dnjaka (Mellissa officinalis L.) (1:2.5-3.5), rastvara\u010d za ekstrakciju: etanol 30% (v\/v); 10 mL te\u010dnog ekstrakta ploda kima (Carum carvi L.) (1:2.5-3.5), rastvara\u010d za ekstrakciju: etanol 30% (v\/v); 10 mL te\u010dnog ekstrakta herbe ruse (Chelidonium majus L.) (1:2.5- 3.5), rastvara\u010d za ekstrakciju: etanol 30% (v\/v); 10 mL te\u010dnog ekstrakta korena sladi\u0107a (Glycyrrhiza glabra L.) (1:2.5-3.5), rastvara\u010d za ekstrakciju: etanol 30% (v\/v); 20 mL te\u010dnog ekstrakta cveta kamilice (Matricaria recutita L.) (1:2-4), rastvara\u010d za ekstrakciju: etanol 30% (v\/v); 5 mL te\u010dnog ekstrakta lista nane (Mentha piperita L.) (1:2.5-3.5), rastvara\u010d za ekstrakciju: etanol 30% (v\/v); 10 mL te\u010dnog ekstrakta ploda gujine trave (Silybum marianum L.) (1:2.5-3.5), rastvara\u010d za ekstrakciju: etanol 30% (v\/v).<\/li>\n<\/ol>\n<p style=\"font-weight: 400;\"><b><strong>Kako izgleda lek Iberogast i sadr\u017eaj pakovanja<br \/>\n<\/strong><\/b>Iberogast oralne kapi su bistar do slabo opalescentan rastvor tamnosme\u0111e boje.<br \/>\nNevedeni sadr\u017eaj pakovanja odgovara: 20 mL, 50 mL i 100 mL.<\/p>\n<p style=\"font-weight: 400;\"><b><strong>Before use, study the instructions in detail. Consult your doctor or pharmacist about indications, precautions and adverse drug reactions.<\/strong><\/b><\/p>","protected":false},"featured_media":8432,"template":"","meta":[],"product_brand":[3094],"product_cat":[126],"product_tag":[3104,3105],"class_list":{"0":"post-8428","1":"product","2":"type-product","3":"status-publish","4":"has-post-thumbnail","6":"product_brand-bayer","7":"product_cat-preparati-za-gorusicu-i-otezano-varenje","8":"product_tag-poremecaj-creva","9":"product_tag-preparati-za-zeludac","11":"first","12":"instock","13":"shipping-taxable","14":"product-type-simple"},"ams_default_variation_id":0,"ams_product_points_reward":[],"ams_product_discount_percentage":0,"ams_price_to_display":0,"ams_acf":[],"jetpack_sharing_enabled":true,"_links":{"self":[{"href":"https:\/\/apotekar-online.rs\/en\/wp-json\/wp\/v2\/product\/8428","targetHints":{"allow":["GET"]}}],"collection":[{"href":"https:\/\/apotekar-online.rs\/en\/wp-json\/wp\/v2\/product"}],"about":[{"href":"https:\/\/apotekar-online.rs\/en\/wp-json\/wp\/v2\/types\/product"}],"wp:featuredmedia":[{"embeddable":true,"href":"https:\/\/apotekar-online.rs\/en\/wp-json\/wp\/v2\/media\/8432"}],"wp:attachment":[{"href":"https:\/\/apotekar-online.rs\/en\/wp-json\/wp\/v2\/media?parent=8428"}],"wp:term":[{"taxonomy":"product_brand","embeddable":true,"href":"https:\/\/apotekar-online.rs\/en\/wp-json\/wp\/v2\/product_brand?post=8428"},{"taxonomy":"product_cat","embeddable":true,"href":"https:\/\/apotekar-online.rs\/en\/wp-json\/wp\/v2\/product_cat?post=8428"},{"taxonomy":"product_tag","embeddable":true,"href":"https:\/\/apotekar-online.rs\/en\/wp-json\/wp\/v2\/product_tag?post=8428"}],"curies":[{"name":"wp","href":"https:\/\/api.w.org\/{rel}","templated":true}]}}