{"id":8446,"date":"2026-02-05T11:07:01","date_gmt":"2026-02-05T13:07:01","guid":{"rendered":"https:\/\/apotekar-online.rs\/?post_type=product&#038;p=8446"},"modified":"2026-03-05T08:38:28","modified_gmt":"2026-03-05T10:38:28","slug":"gastral-protect-30-tableta-za-zvakanje","status":"publish","type":"product","link":"https:\/\/apotekar-online.rs\/en\/p\/gastral-protect-30-tableta-za-zvakanje\/","title":{"rendered":"Gastral Protect 30 tableta za \u017evakanje"},"content":{"rendered":"","protected":false},"excerpt":{"rendered":"<p><strong>Distribucija ovog leka preko interneta je strogo zabranjena i regulisana propisima zakona Republike Srbije, dok je prezentacija istog na internetu dozvoljena, isklju\u010divo u cilju informisanja\u00a0<\/strong><strong>op\u0161te i stru\u010dne javnosti o njegovoj nameni i boljeg upoznavanja sa osnovnim karakteristikama samog leka.<\/strong><\/p>\n<div class=\"kratki-opis\">\n<p>Gastral protect sadr\u017ei aktivne sastojke koji efikasno normalizuju kiselinu, ubla\u017eavaju goru\u0161icu i bol u \u017eelucu. Istovremeno, obla\u017eu i \u0161tite sluzoko\u017eu \u017eeluca.<\/p>\n<ul>\n<li><em>Aktivno \u0161titi gastri\u010dnu sluzoko\u017eu<\/em><\/li>\n<li><em>Normalizuje kiselinu<\/em><\/li>\n<li><em>Ubla\u017eava simptome gastritisa i gastroezofagealnog refluksa<\/em><\/li>\n<li><em>\u0160titi sluzoko\u017eu \u017eeluca od \u0161tetnog delovanja lekova, posebno lekova protiv bolova (nesteroidnih antireumatika), kortikosteroida i drugih.<\/em><\/li>\n<\/ul>\n<p>&nbsp;<\/p>\n<\/div>\n<div id=\"accordionExample\" class=\"accordion mt-5\">\n<div class=\"accordion-item\">\n<div id=\"collapseOne\" class=\"accordion-collapse collapse show\" data-bs-parent=\"#accordionExample\">\n<div class=\"accordion-body\">\n<p>Jedinstvena patentirana formulacija koja ubla\u017eava simptome gastritisa i dispepsije.<\/p>\n<p>Gastral protect deluje tako \u0161to normalizuje pH \u017eeluda\u010dnog soka i formira za\u0161titni film na sluzoko\u017ei \u017eeluca.<\/p>\n<p>Gastral protect:<\/p>\n<ul>\n<li>Aktivno \u0161titi gastri\u010dnu sluzoko\u017eu<\/li>\n<li>Normalizuje kiselinu<\/li>\n<li>Smanjuje oksidativni stres<\/li>\n<li>Ubla\u017eava simptome gastritisa i gastroezofagealnog refluksa<\/li>\n<li>\u0160titi sluzoko\u017eu \u017eeluca od \u0161tetnog delovanja lekova, posebno lekova protiv bolova (nesteroidnih antireumatika), kortikosteroida i drugih.<\/li>\n<\/ul>\n<p>Preporu\u010duje se u slu\u010daju pojave simptoma:<\/p>\n<ul>\n<li>Goru\u0161ica<\/li>\n<li>Bol u \u017eelucu i iza grudne kosti<\/li>\n<li>Ote\u017eano varenje<\/li>\n<li>Mu\u010dnina<\/li>\n<\/ul>\n<p>Gastral protect sadr\u017ei aktivne sastojke koji efikasno normalizuju kiselinu, ubla\u017eavaju goru\u0161icu i bol u \u017eelucu. Istovremeno, obla\u017eu i \u0161tite sluzoko\u017eu \u017eeluca.<\/p>\n<p>Biljni kitosan<br \/>\n\u2013 pove\u0107ava lokalni pH vezuju\u0107i jone vodonika iz okolne sredine.<br \/>\nN-Acetil cistein<br \/>\n\u2013 smanjuje oksidativni stres, spre\u010dava stvaranje nitro-peroksida, koji dovode do degeneracije tkiva i hroni\u010dne upale sluzoko\u017ee.<br \/>\nL-Karnitin<br \/>\n\u2013 ima gastroprotektivno delovanje kod gastritisa izazvanog primenom NSAIL-a Ii alkohola.<br \/>\nPektin<br \/>\n\u2013 u kiselom gastri\u010dnom okru\u017eenju pektini geliraju \u010dime pove\u0107avaju viskozitet te\u010dnosti i vezuju se za mukozu \u017eeluca, stvaraju\u0107i za\u0161titni film. Deluju kao mehani\u010dka barijera protiv gastroezofagealnog refluksa.<br \/>\nMagnezijum oksid<br \/>\n\u2013 ima alkalizuju\u0107e delovanje \u010dime ubla\u017eava delovanje gastri\u010dnih sokova na mukozu \u017eeluca.<\/p>\n<p>Composition:<\/p>\n<p>Magnezijum oksid, pektin, hidrohlorid L-karnitin, N-acetil-L-cistein, biljni kitosan, izomalt, sukraloza, magnezijumove soli masnih kiselina, silicijum dioksid, hidroksipropilmetil celuloza, celuloza, masne kiseline, glicerol, titanijum dioksid, aroma.<\/p>\n<p><strong>Dosage and method of use <\/strong><\/p>\n<p>Sa\u017evakati dve tablete nakon glavnih obroka.<\/p>\n<p>Prijatan ukus! (Vanila i Karamela)<br \/>\nUpozorenje: Ukoliko istovremeno uzimate druge lekove, Gastral protect treba uzeti najmanje 2 sata pre ili posle leka.<\/p>\n<p>Trudnice i dojilje proizvod mogu koristiti samo po savetu lekara.<\/p>\n<\/div>\n<\/div>\n<\/div>\n<\/div>","protected":false},"featured_media":8447,"template":"","meta":[],"product_brand":[],"product_cat":[3054,126],"product_tag":[1709,341,724],"class_list":{"0":"post-8446","1":"product","2":"type-product","3":"status-publish","4":"has-post-thumbnail","6":"product_cat-akcija","7":"product_cat-preparati-za-gorusicu-i-otezano-varenje","8":"product_tag-betty","9":"product_tag-gorusica","10":"product_tag-otezano-varenje","11":"pa_brend-vigor","13":"first","14":"instock","15":"shipping-taxable","16":"product-type-simple"},"ams_default_variation_id":0,"ams_product_points_reward":[],"ams_product_discount_percentage":0,"ams_price_to_display":0,"ams_acf":[],"jetpack_sharing_enabled":true,"_links":{"self":[{"href":"https:\/\/apotekar-online.rs\/en\/wp-json\/wp\/v2\/product\/8446","targetHints":{"allow":["GET"]}}],"collection":[{"href":"https:\/\/apotekar-online.rs\/en\/wp-json\/wp\/v2\/product"}],"about":[{"href":"https:\/\/apotekar-online.rs\/en\/wp-json\/wp\/v2\/types\/product"}],"wp:featuredmedia":[{"embeddable":true,"href":"https:\/\/apotekar-online.rs\/en\/wp-json\/wp\/v2\/media\/8447"}],"wp:attachment":[{"href":"https:\/\/apotekar-online.rs\/en\/wp-json\/wp\/v2\/media?parent=8446"}],"wp:term":[{"taxonomy":"product_brand","embeddable":true,"href":"https:\/\/apotekar-online.rs\/en\/wp-json\/wp\/v2\/product_brand?post=8446"},{"taxonomy":"product_cat","embeddable":true,"href":"https:\/\/apotekar-online.rs\/en\/wp-json\/wp\/v2\/product_cat?post=8446"},{"taxonomy":"product_tag","embeddable":true,"href":"https:\/\/apotekar-online.rs\/en\/wp-json\/wp\/v2\/product_tag?post=8446"}],"curies":[{"name":"wp","href":"https:\/\/api.w.org\/{rel}","templated":true}]}}