{"id":8508,"date":"2026-02-08T13:38:13","date_gmt":"2026-02-08T15:38:13","guid":{"rendered":"https:\/\/apotekar-online.rs\/?post_type=product&#038;p=8508"},"modified":"2026-03-05T08:27:38","modified_gmt":"2026-03-05T10:27:38","slug":"elementum-imunix-60-kapsula","status":"publish","type":"product","link":"https:\/\/apotekar-online.rs\/en\/p\/elementum-imunix-60-kapsula\/","title":{"rendered":"Elementum Imunix 60 kapsula"},"content":{"rendered":"","protected":false},"excerpt":{"rendered":"<p><strong>Imunix, kapsule<\/strong>\u00a0je dijetetski suplement sa ekstraktom borovnice, rei\u0161i gljive, kvercetinom, vitaminom C i cinkom, namenjen imunitetu, energetskom metabolizmu i antioksidativnoj za\u0161titi. Vitamin C i cink doprinose normalnoj funkciji imunskog sistema, odr\u017eavanju normalnog energetskog metabolizma, smanjenju umora i iscrpljenosti i za\u0161titi \u0107elija od oksidativnog stresa. Origano doprinosi imunitetu. Rei\u0161i gljiva\/ganoderma doprinosi zdravlju imunskog sistema.<\/p>\n<p>&nbsp;<\/p>\n<p><strong>Sastojci: L\u2011askorbinska kiselina, ekstrakt cveta japanskog bagrema, \u017eelatin, ekstrakt herbe origana, ekstrakt ploda borovnice, ekstrakt talusa rei\u0161i gljive, cink\u2011oksid; magnezijum\u2011stearat i silicijum\u2011dioksid (sredstva protiv zgrudvavanja).<\/strong><\/p>\n<p>&nbsp;<\/p>\n<p><strong>Dosage and method of use:<\/strong><\/p>\n<p><strong>Adults:<\/strong>\u00a0Popiti 2 kapsule dnevno, sat vremena pre obroka, uz dosta te\u010dnosti.<\/p>\n<p><strong>Notes:<\/strong>\u00a0Dodaci ishrani se ne mogu koristiti kao zamena za raznovrsnu i uravnote\u017eenu ishranu i zdrav na\u010din \u017eivota. \u010cuvati van doma\u0161aja<\/p>\n<h5 class=\"gt3_product_toggle_item_title wb_cptb_4_tab state-closed is-open\" aria-expanded=\"true\"><a>Upozorenja<\/a><\/h5>\n<div id=\"tab-wb_cptb_4\" class=\"woocommerce-Tabs-panel woocommerce-Tabs-panel--wb_cptb_4 panel entry-content wc-tab\" role=\"tabpanel\" aria-labelledby=\"tab-title-wb_cptb_4\">\n<div class=\"wb_cptb_content\">\n<p>The recommended daily dose must not be exceeded.<br \/>\nProizvod ne treba da uzimaju osobe preosetljive na biljke ili na neki od sastojaka.<br \/>\nNije namenjeno trudnicama, dojiljama i mla\u0111ima od 18 godina, osim po savetu lekara.<br \/>\nZbog mogu\u0107ih interakcija potreban je oprez kod upotrebe kvercetina zajedno sa hinolonskim antibioticima, ciklosporinom, kortikosteroidima i antikoagulansima.<br \/>\nProizvode sa plodom borovnice ne treba koristiti zajedno sa antitrombinskom i antikoagulacionom terapijom (aspirin, varfarin).<\/p>\n<\/div>\n<\/div>","protected":false},"featured_media":8509,"template":"","meta":[],"product_brand":[3109],"product_cat":[77,84,85],"product_tag":[185,3115,3117,3118,3116,245],"class_list":{"0":"post-8508","1":"product","2":"type-product","3":"status-publish","4":"has-post-thumbnail","6":"product_brand-elementum","7":"product_cat-imunitet","8":"product_cat-zdravlje-muskaraca","9":"product_cat-zdravlje-zena","10":"product_tag-cink","11":"product_tag-ekstrakt-borovnice","12":"product_tag-kvercetin","13":"product_tag-origano","14":"product_tag-reisi-gljive","15":"product_tag-vitamin-c","17":"first","18":"instock","19":"shipping-taxable","20":"purchasable","21":"product-type-simple"},"ams_default_variation_id":0,"ams_product_points_reward":[],"ams_product_discount_percentage":0,"ams_price_to_display":2600,"ams_acf":[],"jetpack_sharing_enabled":true,"_links":{"self":[{"href":"https:\/\/apotekar-online.rs\/en\/wp-json\/wp\/v2\/product\/8508","targetHints":{"allow":["GET"]}}],"collection":[{"href":"https:\/\/apotekar-online.rs\/en\/wp-json\/wp\/v2\/product"}],"about":[{"href":"https:\/\/apotekar-online.rs\/en\/wp-json\/wp\/v2\/types\/product"}],"wp:featuredmedia":[{"embeddable":true,"href":"https:\/\/apotekar-online.rs\/en\/wp-json\/wp\/v2\/media\/8509"}],"wp:attachment":[{"href":"https:\/\/apotekar-online.rs\/en\/wp-json\/wp\/v2\/media?parent=8508"}],"wp:term":[{"taxonomy":"product_brand","embeddable":true,"href":"https:\/\/apotekar-online.rs\/en\/wp-json\/wp\/v2\/product_brand?post=8508"},{"taxonomy":"product_cat","embeddable":true,"href":"https:\/\/apotekar-online.rs\/en\/wp-json\/wp\/v2\/product_cat?post=8508"},{"taxonomy":"product_tag","embeddable":true,"href":"https:\/\/apotekar-online.rs\/en\/wp-json\/wp\/v2\/product_tag?post=8508"}],"curies":[{"name":"wp","href":"https:\/\/api.w.org\/{rel}","templated":true}]}}