{"id":8522,"date":"2026-02-08T16:02:31","date_gmt":"2026-02-08T18:02:31","guid":{"rendered":"https:\/\/apotekar-online.rs\/?post_type=product&#038;p=8522"},"modified":"2026-03-05T08:27:38","modified_gmt":"2026-03-05T10:27:38","slug":"peptidazin-gel","status":"publish","type":"product","link":"https:\/\/apotekar-online.rs\/en\/p\/peptidazin-gel\/","title":{"rendered":"Peptidazin gel"},"content":{"rendered":"","protected":false},"excerpt":{"rendered":"<p><b>Peptidazin gel je naprednija generacija enzimskog gela u odnosu na Serax gel zahvaljuju\u0107i dodatku Bele vrbe i kamilice, deluje br\u017ee i ja\u010de na upalu i bol, uz bolju regeneraciju tkiva. Pru\u017ea dugotrajnije dejstvo kod zapaljenskih i postraumatskih stanja.<\/b><\/p>\n<p>Gel sa enzimom serapeptaze uz dodatak ekstrakta gaveza, bele vrbe, ulja zimzelena, ulja kamilice, pantenola i mentola. Nakon primene stvara se efekat hla\u0111enja.<\/p>\n<p>Pogodan je za masa\u017eu vrata, kolena, ramena i le\u0111a. Prijatnog je i osve\u017eavaju\u0107eg mirisa, brzo se apsorbuje i ne ostavlja mastan trag.<\/p>\n<h5 class=\"gt3_product_toggle_item_title wb_cptb_1_tab state-closed is-open\" aria-expanded=\"true\"><a>Composition<\/a><\/h5>\n<div id=\"tab-wb_cptb_1\" class=\"woocommerce-Tabs-panel woocommerce-Tabs-panel--wb_cptb_1 panel entry-content wc-tab\" role=\"tabpanel\" aria-labelledby=\"tab-title-wb_cptb_1\">\n<div class=\"wb_cptb_content\">\n<p><strong>SASTOJCI\/INGREDIENTS (INCI):<\/strong>\u00a0Aqua, Symphytum Officinale Root Extract, Panthenol, Matricaria Chamomilla Flower Oil, Salix Alba Bark Extract, Alcohol, Menthol, Wintergreen Frech Oil, Serrapeptase, Trietha-nolamine, Carbomer, Methylparaben, Propylparaben, Limonene, Linalool.<\/p>\n<h5 class=\"gt3_product_toggle_item_title wb_cptb_2_tab state-closed is-open\" aria-expanded=\"true\"><a>Way of use<\/a><\/h5>\n<div id=\"tab-wb_cptb_2\" class=\"woocommerce-Tabs-panel woocommerce-Tabs-panel--wb_cptb_2 panel entry-content wc-tab\" role=\"tabpanel\" aria-labelledby=\"tab-title-wb_cptb_2\">\n<div class=\"wb_cptb_content\">\n<p><strong>NA\u010cIN UPOTREBE:<\/strong>\u00a0Isklju\u010divo za spolja\u0161nju upotrebu. Gel naneti u tankom<br \/>\nsloju na \u017eeljeno mesto na ko\u017ei 2-3 puta dnevno i lagano utrljati. Isprati<br \/>\nruke nakon nano\u0161enja.<\/p>\n<p><strong>NA\u010cIN \u010cUVANJA:<\/strong>\u00a0\u010cuvati proizvod na tamnom i suvom mestu dalje od<br \/>\nizvora toplote i direktne sun\u010deve svetlosti, van doma\u0161aja dece. Iskoristiti<br \/>\nproizvod u roku od 6 meseci nakon otvaranja. Datum isteka roka se<br \/>\nodnosi na proizvod pravilno \u010duvan u zatvorenoj ambala\u017ei.<\/p>\n<h5 class=\"gt3_product_toggle_item_title wb_cptb_3_tab state-closed is-open\" aria-expanded=\"true\"><a>Additional information<\/a><\/h5>\n<div id=\"tab-wb_cptb_3\" class=\"woocommerce-Tabs-panel woocommerce-Tabs-panel--wb_cptb_3 panel entry-content wc-tab\" role=\"tabpanel\" aria-labelledby=\"tab-title-wb_cptb_3\">\n<div class=\"wb_cptb_content\">\n<p><strong>MERE OPREZA:<\/strong>\u00a0Gel se ne sme nanositi na otvorene rane i o\u0161te\u0107enu ko\u017eu.<br \/>\nUkoliko do\u0111e do kontakta sa o\u010dima odmah isperite vodom. Ne<br \/>\npreporu\u010duje se primena kod osoba preosetljivih na bilo koji od sastojaka<br \/>\nproizvoda<\/p>\n<h5 class=\"gt3_product_toggle_item_title wb_cptb_4_tab state-closed is-open\" aria-expanded=\"true\"><a>Packaging<\/a><\/h5>\n<div id=\"tab-wb_cptb_4\" class=\"woocommerce-Tabs-panel woocommerce-Tabs-panel--wb_cptb_4 panel entry-content wc-tab\" role=\"tabpanel\" aria-labelledby=\"tab-title-wb_cptb_4\">\n<div class=\"wb_cptb_content\">\n<p><strong>PACKAGING:<\/strong>\u00a075ml \u212e<\/p>\n<\/div>\n<\/div>\n<\/div>\n<\/div>\n<\/div>\n<\/div>\n<\/div>\n<\/div>","protected":false},"featured_media":8523,"template":"","meta":[],"product_brand":[3129],"product_cat":[82,84,85],"product_tag":[3131,1288,525],"class_list":{"0":"post-8522","1":"product","2":"type-product","3":"status-publish","4":"has-post-thumbnail","6":"product_brand-plus-naturallab","7":"product_cat-kosti-zglobovi-i-neuropatski-bol","8":"product_cat-zdravlje-muskaraca","9":"product_cat-zdravlje-zena","10":"product_tag-bela-vrba","11":"product_tag-gavez","12":"product_tag-kamilica","14":"first","15":"instock","16":"shipping-taxable","17":"purchasable","18":"product-type-simple"},"ams_default_variation_id":0,"ams_product_points_reward":[],"ams_product_discount_percentage":0,"ams_price_to_display":900,"ams_acf":[],"jetpack_sharing_enabled":true,"_links":{"self":[{"href":"https:\/\/apotekar-online.rs\/en\/wp-json\/wp\/v2\/product\/8522","targetHints":{"allow":["GET"]}}],"collection":[{"href":"https:\/\/apotekar-online.rs\/en\/wp-json\/wp\/v2\/product"}],"about":[{"href":"https:\/\/apotekar-online.rs\/en\/wp-json\/wp\/v2\/types\/product"}],"wp:featuredmedia":[{"embeddable":true,"href":"https:\/\/apotekar-online.rs\/en\/wp-json\/wp\/v2\/media\/8523"}],"wp:attachment":[{"href":"https:\/\/apotekar-online.rs\/en\/wp-json\/wp\/v2\/media?parent=8522"}],"wp:term":[{"taxonomy":"product_brand","embeddable":true,"href":"https:\/\/apotekar-online.rs\/en\/wp-json\/wp\/v2\/product_brand?post=8522"},{"taxonomy":"product_cat","embeddable":true,"href":"https:\/\/apotekar-online.rs\/en\/wp-json\/wp\/v2\/product_cat?post=8522"},{"taxonomy":"product_tag","embeddable":true,"href":"https:\/\/apotekar-online.rs\/en\/wp-json\/wp\/v2\/product_tag?post=8522"}],"curies":[{"name":"wp","href":"https:\/\/api.w.org\/{rel}","templated":true}]}}