{"id":8634,"date":"2026-02-19T16:05:08","date_gmt":"2026-02-19T18:05:08","guid":{"rendered":"https:\/\/apotekar-online.rs\/?post_type=product&#038;p=8634"},"modified":"2026-03-31T00:00:08","modified_gmt":"2026-03-31T02:00:08","slug":"dietpharm-hemero-protect-krema-30ml-2","status":"publish","type":"product","link":"https:\/\/apotekar-online.rs\/en\/p\/dietpharm-hemero-protect-krema-30ml-2\/","title":{"rendered":"Dietpharm Hemero Protect cream 30ml"},"content":{"rendered":"","protected":false},"excerpt":{"rendered":"<div>Hemero Protect krema je medicinski proizvod za\u00a0olak\u0161avanje tegoba kod hemoroida, analnih fisura\u00a0i proktitisa (pe\u010denje, svrab, krvarenje i bol).<\/div>\n<div>\n<div>Za smanjenje trenja tokom pra\u017enjenja creva.\u00a0Za ubla\u017eavanje peckanja, svraba i krvarenja.\u00a0Za spre\u010davanje upala i edema.\u00a0Za smanjenje bola.\u00a0Za pospe\u0161ivanje zarastanja o\u0161te\u0107ene sluznice rektuma.<\/div>\n<\/div>\n<div>\n<p class=\"mainTitle oswald\">Way of use<\/p>\n<div class=\"text\">\n<div>Apply the cream 2 to 4 times a day, preferably before and after each bowel movement.<\/div>\n<div>Wash your hands before and after applying the cream. Clean the affected area before applying the cream.<\/div>\n<div>When using the applicator, remove the cap and the protective film on the tube and place the applicator instead of the cap. Squeeze the tube until the cream fills the applicator and comes out. Put the applicator in the anus (anal opening or vagina), slowly squeeze the tube so that the cream is evenly distributed on the painful area. Remove the applicator from the body and apply a small amount of cream around the anus with your finger. After use, immediately remove the applicator from the tube and close it with a cap. Thoroughly clean the applicator with water and close it with a special cap.<\/div>\n<\/div>\n<div>\n<p class=\"mainTitle oswald\">Action<\/p>\n<div class=\"text\">\n<div>Beta-glucan stimulates collagen biosynthesis and re-epithelialization, accelerates healing, stimulates immune cells, macrophages.<\/div>\n<div>Allantoin has keratolytic and keratoplastic effects. It accelerates the healing of wounds and has a protective effect on the skin and mucous membranes. It has no irritating and toxic properties.<\/div>\n<div>Chamomile&#039;s active ingredient, bisabolol, effectively relieves inflammation, itching and burning in the anal area. It alleviates the negative effects of local corticosteroid therapy.<\/div>\n<div>Vaseline has an emollient and protective effect. It creates an impermeable film that prevents water loss and drying of the skin and mucous membranes. It softens the stool, prevents infection and stimulates the wound healing process.<\/div>\n<\/div>\n<div>\n<p class=\"mainTitle oswald\">Composition<\/p>\n<div class=\"text\">\n<div><\/div>\n<div>Beta-glukan (polisaharidi kvasca), alantoin, ekstrakt kamilice, vazelin,\u00a0pre\u010di\u0161\u0107ena voda, parafin, cetearil alkohol, ceteth-20, stearil alkohol,\u00a0glicerin, fenoksietanol, etilparaben, metilparaben i mle\u010dna kiselina.<\/div>\n<\/div>\n<\/div>\n<\/div>\n<\/div>","protected":false},"featured_media":949,"template":"","meta":[],"product_brand":[3079],"product_cat":[3134],"product_tag":[212,2176,1709,2096,194,3146,525,787,3148,3147,359,1364],"class_list":{"0":"post-8634","1":"product","2":"type-product","3":"status-publish","4":"has-post-thumbnail","6":"product_brand-dietpharm","7":"product_cat-hemoroidi","8":"product_tag-alantoin","9":"product_tag-beta-glukan","10":"product_tag-betty","11":"product_tag-bisabolol","12":"product_tag-glicerin","13":"product_tag-hemeroidi","14":"product_tag-kamilica","15":"product_tag-mlecna-kiselina","16":"product_tag-parafin","17":"product_tag-smanjenje-bola","18":"product_tag-super-petak","19":"product_tag-vazelin","20":"pa_brend-dietpharm","22":"first","23":"instock","24":"shipping-taxable","25":"purchasable","26":"product-type-simple"},"ams_default_variation_id":0,"ams_product_points_reward":[],"ams_product_discount_percentage":0,"ams_price_to_display":897,"ams_acf":[],"jetpack_sharing_enabled":true,"_links":{"self":[{"href":"https:\/\/apotekar-online.rs\/en\/wp-json\/wp\/v2\/product\/8634","targetHints":{"allow":["GET"]}}],"collection":[{"href":"https:\/\/apotekar-online.rs\/en\/wp-json\/wp\/v2\/product"}],"about":[{"href":"https:\/\/apotekar-online.rs\/en\/wp-json\/wp\/v2\/types\/product"}],"wp:featuredmedia":[{"embeddable":true,"href":"https:\/\/apotekar-online.rs\/en\/wp-json\/wp\/v2\/media\/949"}],"wp:attachment":[{"href":"https:\/\/apotekar-online.rs\/en\/wp-json\/wp\/v2\/media?parent=8634"}],"wp:term":[{"taxonomy":"product_brand","embeddable":true,"href":"https:\/\/apotekar-online.rs\/en\/wp-json\/wp\/v2\/product_brand?post=8634"},{"taxonomy":"product_cat","embeddable":true,"href":"https:\/\/apotekar-online.rs\/en\/wp-json\/wp\/v2\/product_cat?post=8634"},{"taxonomy":"product_tag","embeddable":true,"href":"https:\/\/apotekar-online.rs\/en\/wp-json\/wp\/v2\/product_tag?post=8634"}],"curies":[{"name":"wp","href":"https:\/\/api.w.org\/{rel}","templated":true}]}}