{"id":8636,"date":"2026-02-19T16:29:39","date_gmt":"2026-02-19T18:29:39","guid":{"rendered":"https:\/\/apotekar-online.rs\/?post_type=product&#038;p=8636"},"modified":"2026-03-31T00:00:08","modified_gmt":"2026-03-31T02:00:08","slug":"siwopsi-serrapeptase-120000iu-kapsule-a15","status":"publish","type":"product","link":"https:\/\/apotekar-online.rs\/en\/p\/siwopsi-serrapeptase-120000iu-kapsule-a15\/","title":{"rendered":"Siwopsi Serrapeptase 120000 IU kapsule A15 \u2013 enzim za smanjenje upale i otoka"},"content":{"rendered":"","protected":false},"excerpt":{"rendered":"<h2>Product description<\/h2>\n<p>Siwopsi Serrapeptase 120000 IU je visokokoncentrovani enzimski suplement sa sna\u017enim antiinflamatornim dejstvom. Sadr\u017ei 120.000 IU serrapeptaze po kapsuli, koja poma\u017ee u razgradnji upalnih proteina, smanjuje otok i ubrzava oporavak. Idealan je za osobe koje se bore sa bolovima, upalama ili postoperativnim stanjima. Zahvaljuju\u0107i enteri\u010dkom omota\u010du, kapsule se efikasno apsorbuju bez gubitka enzimske aktivnosti. Pogodan za primenu u ortopediji, stomatologiji i hirurgiji.<\/p>\n<p>&nbsp;<\/p>\n<h2>Dosage and method of administration<\/h2>\n<p>1 kapsula dnevno, 1 sat pre obroka ili 2 sata nakon obroka.<\/p>\n<p>&nbsp;<\/p>\n<h3 class=\"title\">Additional information<\/h3>\n<table class=\"info-table\">\n<tbody>\n<tr>\n<th>Manufacturer:<\/th>\n<td><a href=\"https:\/\/benu.rs\/goodwill-pharm-alkaloid\">GOODWILL PHARM_ALKALOID<\/a><\/td>\n<\/tr>\n<tr>\n<th>EAN kod:<\/th>\n<td>5310001281793<\/td>\n<\/tr>\n<tr>\n<th>Features:<\/th>\n<td>Sadr\u017ei 120.000 IU serrapeptaze po kapsuli, koja poma\u017ee u razgradnji upalnih proteina, smanjuje otok i ubrzava oporavak.<\/td>\n<\/tr>\n<tr>\n<th>Osobine artikla:<\/th>\n<td>Enzim koji razgra\u0111uje histamin, serotonin i bradikinin.<\/td>\n<\/tr>\n<tr>\n<th>Osobine artikla:<\/th>\n<td>Ubla\u017eava bol, otok i ubrzava oporavak.<\/td>\n<\/tr>\n<\/tbody>\n<\/table>","protected":false},"featured_media":8637,"template":"","meta":[],"product_brand":[3149],"product_cat":[152],"product_tag":[348,3151,3152,3150,717],"class_list":{"0":"post-8636","1":"product","2":"type-product","3":"status-publish","4":"has-post-thumbnail","6":"product_brand-alkaloid","7":"product_cat-preparati-za-praznjenje-creva","8":"product_tag-bol","9":"product_tag-entericki-omotac","10":"product_tag-mikrocirkulacija","11":"product_tag-serrapeptase","12":"product_tag-zarastanje-rana","13":"pa_brend-alkaloid","15":"first","16":"instock","17":"shipping-taxable","18":"purchasable","19":"product-type-simple"},"ams_default_variation_id":0,"ams_product_points_reward":[],"ams_product_discount_percentage":0,"ams_price_to_display":1311,"ams_acf":[],"jetpack_sharing_enabled":true,"_links":{"self":[{"href":"https:\/\/apotekar-online.rs\/en\/wp-json\/wp\/v2\/product\/8636","targetHints":{"allow":["GET"]}}],"collection":[{"href":"https:\/\/apotekar-online.rs\/en\/wp-json\/wp\/v2\/product"}],"about":[{"href":"https:\/\/apotekar-online.rs\/en\/wp-json\/wp\/v2\/types\/product"}],"wp:featuredmedia":[{"embeddable":true,"href":"https:\/\/apotekar-online.rs\/en\/wp-json\/wp\/v2\/media\/8637"}],"wp:attachment":[{"href":"https:\/\/apotekar-online.rs\/en\/wp-json\/wp\/v2\/media?parent=8636"}],"wp:term":[{"taxonomy":"product_brand","embeddable":true,"href":"https:\/\/apotekar-online.rs\/en\/wp-json\/wp\/v2\/product_brand?post=8636"},{"taxonomy":"product_cat","embeddable":true,"href":"https:\/\/apotekar-online.rs\/en\/wp-json\/wp\/v2\/product_cat?post=8636"},{"taxonomy":"product_tag","embeddable":true,"href":"https:\/\/apotekar-online.rs\/en\/wp-json\/wp\/v2\/product_tag?post=8636"}],"curies":[{"name":"wp","href":"https:\/\/api.w.org\/{rel}","templated":true}]}}