{"id":8638,"date":"2026-02-19T16:49:28","date_gmt":"2026-02-19T18:49:28","guid":{"rendered":"https:\/\/apotekar-online.rs\/?post_type=product&#038;p=8638"},"modified":"2026-03-05T08:27:37","modified_gmt":"2026-03-05T10:27:37","slug":"sprej-za-grlo-sa-srebrnim-jonima-50-ml","status":"publish","type":"product","link":"https:\/\/apotekar-online.rs\/en\/p\/sprej-za-grlo-sa-srebrnim-jonima-50-ml\/","title":{"rendered":"Sprej za grlo sa srebrnim jonima 50 ml"},"content":{"rendered":"","protected":false},"excerpt":{"rendered":"<p>Dosage and method of use<\/p>\n<p>Sprej za grlo sa jonima srebra vr\u0161i neutralizaciju\u00a0i suzbijanje patogenih mikroorganizama u usnoj duplji snagom srebrnih jona. Spre\u010dava upalne procese u usnoj duplji biljnim esencijama. Odr\u017eava higijenu i zdravlje sluznice usta i grla. Smanjuje ose\u0107aj bola i tegobe u grlu. Sprej za grlo sa jonima srebra poma\u017ee kod olak\u0161anja bolnom i nadra\u017eenom grlu, smiruje upalu sluzoko\u017ee usne duplje i pogodan je za tretman afti.<\/p>\n<p>2-3 puta poporskati u usnu \u0161upljinu nekoliko puta u toku dana. Proizvod se ne preporu\u010duje trudnicama, dojiljama,mla\u0111ima od 6 godina i osobama alergi\u010dnim na neki od sastojaka.<\/p>\n<p>&nbsp;<\/p>\n<p>Composition<\/p>\n<p>Pored koloidnog srebra, prirodni sastojci Spreja za grlo su pantenol, etarsko ulje mente, etarsko ulje \u010dajnog drveta i etarsko ulje \u017eal\ufb01je<\/p>\n<h3 class=\"title\">Additional information<\/h3>\n<table class=\"info-table\">\n<tbody>\n<tr>\n<th>Manufacturer:<\/th>\n<td><a href=\"https:\/\/benu.rs\/koloid\">Colloid<\/a><\/td>\n<\/tr>\n<tr>\n<th>Brend:<\/th>\n<td><a href=\"https:\/\/benu.rs\/srebrna-kap\">Srebrna kap<\/a><\/td>\n<\/tr>\n<tr>\n<th>Features:<\/th>\n<td>Sprej za grlo iz kolekcije Colloid Health, jedini je proizvod na tr\u017ei\u0161tu koji pored bri\u017eljivo odabranih biljnih ulja, sadr\u017ei i jone srebra.<\/td>\n<\/tr>\n<tr>\n<th>Osobine artikla:<\/th>\n<td>Svojim sna\u017enim dejstvom joni srebra (nakon samo nekoliko sekundi od momenta aplikovanja spreja), neutrali\u0161u i suzbijaju patogene mikroorganizme iz usne duplje, dok lekovito\u0161\u0107u biljnih esencija razla\u017eu sekret u gornjim disajnim putevima, te olak\u0161avaju tego<\/td>\n<\/tr>\n<tr>\n<th>Osobine artikla:<\/th>\n<td>Pored koloidnog srebra, prirodni sastojci Spreja za grlo (pantenol, etarsko ulje mente, etarsko ulje \u010dajnog drveta i etarsko ulje \u017eal\ufb01je), omogu\u0107avaju o\u010duvanje pravilnog funkcionisanja zdrave sluznice i stimuli\u0161u regenerativne procese kod o\u0161te\u0107ene.<\/td>\n<\/tr>\n<tr>\n<th>Osobine artikla:<\/th>\n<td>Sprej za grlo sa jonima srebra poma\u017ee kod olak\u0161anja bolnom i nadra\u017eenom grlu, smiruje upalu sluzoko\u017ee usne duplje i pogodan je za tretman afti.<\/td>\n<\/tr>\n<\/tbody>\n<\/table>","protected":false},"featured_media":8639,"template":"","meta":[],"product_brand":[3153],"product_cat":[121,77],"product_tag":[938,2086,1019,623,3154],"class_list":{"0":"post-8638","1":"product","2":"type-product","3":"status-publish","4":"has-post-thumbnail","6":"product_brand-koloid","7":"product_cat-higijena-usta-i-zuba","8":"product_cat-imunitet","9":"product_tag-cajno-drvo","10":"product_tag-koloidno-srebro","11":"product_tag-menta","12":"product_tag-pantenol","13":"product_tag-ulje-zalfije","14":"pa_brend-koloid","16":"first","17":"instock","18":"sale","19":"shipping-taxable","20":"purchasable","21":"product-type-simple"},"ams_default_variation_id":0,"ams_product_points_reward":[],"ams_product_discount_percentage":15,"ams_price_to_display":592.36,"ams_acf":[],"jetpack_sharing_enabled":true,"_links":{"self":[{"href":"https:\/\/apotekar-online.rs\/en\/wp-json\/wp\/v2\/product\/8638","targetHints":{"allow":["GET"]}}],"collection":[{"href":"https:\/\/apotekar-online.rs\/en\/wp-json\/wp\/v2\/product"}],"about":[{"href":"https:\/\/apotekar-online.rs\/en\/wp-json\/wp\/v2\/types\/product"}],"wp:featuredmedia":[{"embeddable":true,"href":"https:\/\/apotekar-online.rs\/en\/wp-json\/wp\/v2\/media\/8639"}],"wp:attachment":[{"href":"https:\/\/apotekar-online.rs\/en\/wp-json\/wp\/v2\/media?parent=8638"}],"wp:term":[{"taxonomy":"product_brand","embeddable":true,"href":"https:\/\/apotekar-online.rs\/en\/wp-json\/wp\/v2\/product_brand?post=8638"},{"taxonomy":"product_cat","embeddable":true,"href":"https:\/\/apotekar-online.rs\/en\/wp-json\/wp\/v2\/product_cat?post=8638"},{"taxonomy":"product_tag","embeddable":true,"href":"https:\/\/apotekar-online.rs\/en\/wp-json\/wp\/v2\/product_tag?post=8638"}],"curies":[{"name":"wp","href":"https:\/\/api.w.org\/{rel}","templated":true}]}}