{"id":8709,"date":"2026-02-28T09:53:22","date_gmt":"2026-02-28T11:53:22","guid":{"rendered":"https:\/\/apotekar-online.rs\/?post_type=product&#038;p=8709"},"modified":"2026-03-05T08:38:28","modified_gmt":"2026-03-05T10:38:28","slug":"smecta-go-caramel-cacao-a12","status":"publish","type":"product","link":"https:\/\/apotekar-online.rs\/en\/p\/smecta-go-caramel-cacao-a12\/","title":{"rendered":"Smecta go caramel cacao A12"},"content":{"rendered":"","protected":false},"excerpt":{"rendered":"<p><b>Operation:<\/b><\/p>\n<p>Smecta Go je suspenzija spremna za upotrebu koja zaustavlja dijareju. Osnovna komponenta SmectaGo je diosmektit, prirodna glina koja poma\u017ee u zaustavljanju i terapiji dijareje i ubla\u017eava bol u abdomenu.<\/p>\n<p>Vezuje toksine i mikroorganizme i poma\u017ee u njihovom uklanjanju iz Va\u0161eg organizma. \u0160titi intestinalni trakt i poma\u017ee u zarastanju intestinalnih o\u0161te\u0107enja. Preparat je namenjen odraslima i deci starijoj od 8 godina.<\/p>\n<p>&nbsp;<\/p>\n<p><b>Method of application<\/b>:<\/p>\n<p>Sadr\u017eaj kesice mo\u017ee da se direktno proguta.<\/p>\n<p><b>Deca(uzrasta od 8-15 godina)<\/b>\u00a0: 2 kesice kao po\u010detna doza, zatim jedna kesica posle svake retke stolice, do najvi\u0161e 4 kesice dnevno. Trebalo bi uzimati i ratvor za oralnu rehidrataciju kako bi se nadoknadila te\u010dnost izgubljena usled dijareje i spre\u010dila dehidratacija.<\/p>\n<p><b>Odrasli i deca starija od 15 godina:\u00a0<\/b>2 kesice kao po\u010detna doza, zatim jedna kesica posle svake retke stolice, do najvi\u0161e 6 kesica dnevno.<\/p>\n<p>Smecta go mo\u017eete uzimati najvi\u0161e 3 dana. Ukoliko dijareja traje du\u017ee od 3 dana, obratite se Va\u0161em lekaru.<\/p>\n<p><b>Terapija hroni\u010dne dijareje ili abdominalnog bola kod odraslih:<\/b><\/p>\n<p>Do najvi\u0161e 3 kesice dnevno. Mo\u017eete koristiti najvi\u0161e 2 nedelje bez tra\u017eenja medicinskog saveta.<\/p>\n<div><b>Composition:<\/b><\/div>\n<div>Jedna kesica sadr\u017ei 3g diosmektita. Ostali sastojci su: aroma karamel-kakao, ksantan guma, limunska kiselina, monohidrat, askorbinska kiselina, kalijum sorbat, kalijum sorbat, sukraloza, voda pre\u010di\u0161\u0107ena.<\/div>\n<div><b>\u00a0<\/b><\/div>\n<div><b>Packaging:\u00a0<\/b>12 kesica<\/div>","protected":false},"featured_media":8711,"template":"","meta":[],"product_brand":[],"product_cat":[3054],"product_tag":[1709,3194,3196,3193,3195],"class_list":{"0":"post-8709","1":"product","2":"type-product","3":"status-publish","4":"has-post-thumbnail","6":"product_cat-akcija","7":"product_tag-betty","8":"product_tag-cacao","9":"product_tag-diosmektit","10":"product_tag-karamel","11":"product_tag-limunska-kiselina","13":"first","14":"instock","15":"shipping-taxable","16":"product-type-simple"},"ams_default_variation_id":0,"ams_product_points_reward":[],"ams_product_discount_percentage":0,"ams_price_to_display":0,"ams_acf":[],"jetpack_sharing_enabled":true,"_links":{"self":[{"href":"https:\/\/apotekar-online.rs\/en\/wp-json\/wp\/v2\/product\/8709","targetHints":{"allow":["GET"]}}],"collection":[{"href":"https:\/\/apotekar-online.rs\/en\/wp-json\/wp\/v2\/product"}],"about":[{"href":"https:\/\/apotekar-online.rs\/en\/wp-json\/wp\/v2\/types\/product"}],"wp:featuredmedia":[{"embeddable":true,"href":"https:\/\/apotekar-online.rs\/en\/wp-json\/wp\/v2\/media\/8711"}],"wp:attachment":[{"href":"https:\/\/apotekar-online.rs\/en\/wp-json\/wp\/v2\/media?parent=8709"}],"wp:term":[{"taxonomy":"product_brand","embeddable":true,"href":"https:\/\/apotekar-online.rs\/en\/wp-json\/wp\/v2\/product_brand?post=8709"},{"taxonomy":"product_cat","embeddable":true,"href":"https:\/\/apotekar-online.rs\/en\/wp-json\/wp\/v2\/product_cat?post=8709"},{"taxonomy":"product_tag","embeddable":true,"href":"https:\/\/apotekar-online.rs\/en\/wp-json\/wp\/v2\/product_tag?post=8709"}],"curies":[{"name":"wp","href":"https:\/\/api.w.org\/{rel}","templated":true}]}}