{"id":8732,"date":"2026-02-28T13:26:41","date_gmt":"2026-02-28T15:26:41","guid":{"rendered":"https:\/\/apotekar-online.rs\/?post_type=product&#038;p=8732"},"modified":"2026-04-04T16:36:53","modified_gmt":"2026-04-04T18:36:53","slug":"altiprim-p-100-ml","status":"publish","type":"product","link":"https:\/\/apotekar-online.rs\/en\/p\/altiprim-p-100-ml\/","title":{"rendered":"Altiprim P, 100 ml"},"content":{"rendered":"","protected":false},"excerpt":{"rendered":"<div class=\"wysiwyg\">\n<p><strong>Product description<\/strong><\/p>\n<p>Altiprim P sadr\u017ei ekstrakte korena belog sleza, korena jagor\u010devine i nadzemnog dela timijana i med. Ovi sastojci blagotvorno deluju na sluzoko\u017eu disajnih organa i \u0161tite je od nadra\u017eaja, razre\u0111uju gusti bronhijalni sekret, pospe\u0161uju izlu\u010divanje sluzi iz bronhija i olak\u0161avaju disanje i iska\u0161ljavanje. Altiprim P se preporu\u010duje za ubla\u017eavanje tegoba kod lak\u0161ih zapaljenja grla, za smirivanje suvog ka\u0161lja i olak\u0161avanje iska\u0161ljavanja ve\u0107 formiranog bronhijalnog sekreta.\u00a0Ne preporu\u010duje se za upotrebu kod dece mla\u0111e od 3 godine.<\/p>\n<p><strong>Dosage and method of use<\/strong><\/p>\n<p>Uzima se \u010detiri puta dnevno po jedna kafena ka\u0161ika. Ne sme se prekora\u010diti preporu\u010dena dnevna doza. Pre upotrebe sadr\u017eaj bo\u010dice promu\u0107kati.\u00a0Posle otvaranja, bo\u010dicu treba dobro zatvoriti i \u010duvati u fri\u017eideru, ne du\u017ee od 4 nedelje. Proizvod nije pogodan za primenu kod dijabeti\u010dara.<\/p>\n<p><strong>Composition<\/strong><\/p>\n<p>Aktivne supstance\u00a0u 100 g proizvoda: te\u010dni vodeno-alkoholni ekstrakt korena belog sleza (Althaea officinalis) 1:17\u00a0 30.0 g, med (Mel)\u00a010.8 g, tinktura herbe timijana (1:5) (Thymi tinctura (1:5))\u00a010.0 g, te\u010dni ekstrakt korena jagor\u010devine (1:2.5) (Primulae extractum fluidum (1:2.5))\u00a03.0 g. Ostali sastojci: saharoza.<br \/>\nKonzervans: natrijum benzoat (Natrii benzoas)\u00a00.2 g.<\/p>\n<\/div>\n<div class=\"product-info\">\n<h3 class=\"title\"><i class=\"icon-clipboard mr-1\" aria-hidden=\"true\"><\/i>\u00a0Additional information<\/h3>\n<table class=\"info-table\">\n<tbody>\n<tr>\n<th>Manufacturer:<\/th>\n<td><a href=\"https:\/\/benu.rs\/inst-dr-josif-pancic\">Institut &#8222;Dr Josif Pan\u010di\u0107&#8220;<\/a><\/td>\n<\/tr>\n<tr>\n<th>EAN kod:<\/th>\n<td>8600264073455<\/td>\n<\/tr>\n<tr>\n<th>Brend:<\/th>\n<td><a href=\"https:\/\/benu.rs\/josif-pancic\">Josif Pan\u010di\u0107<\/a><\/td>\n<\/tr>\n<tr>\n<th>Features:<\/th>\n<td>Rastvor za oralnu upotrebu za decu za grlo i disajne organe.<\/td>\n<\/tr>\n<\/tbody>\n<\/table>\n<\/div>","protected":false},"featured_media":8733,"template":"","meta":[],"product_brand":[3201],"product_cat":[3054],"product_tag":[515,1709,3202,527,516],"class_list":{"0":"post-8732","1":"product","2":"type-product","3":"status-publish","4":"has-post-thumbnail","6":"product_brand-josif-pancic","7":"product_cat-akcija","8":"product_tag-beli-slez","9":"product_tag-betty","10":"product_tag-herba","11":"product_tag-jagorcevina","12":"product_tag-med","13":"pa_brend-inst-dr-josif-pancic","15":"first","16":"instock","17":"sale","18":"shipping-taxable","19":"purchasable","20":"product-type-simple"},"ams_default_variation_id":0,"ams_product_points_reward":[],"ams_product_discount_percentage":6.09,"ams_price_to_display":692.06,"ams_acf":[],"jetpack_sharing_enabled":true,"_links":{"self":[{"href":"https:\/\/apotekar-online.rs\/en\/wp-json\/wp\/v2\/product\/8732","targetHints":{"allow":["GET"]}}],"collection":[{"href":"https:\/\/apotekar-online.rs\/en\/wp-json\/wp\/v2\/product"}],"about":[{"href":"https:\/\/apotekar-online.rs\/en\/wp-json\/wp\/v2\/types\/product"}],"wp:featuredmedia":[{"embeddable":true,"href":"https:\/\/apotekar-online.rs\/en\/wp-json\/wp\/v2\/media\/8733"}],"wp:attachment":[{"href":"https:\/\/apotekar-online.rs\/en\/wp-json\/wp\/v2\/media?parent=8732"}],"wp:term":[{"taxonomy":"product_brand","embeddable":true,"href":"https:\/\/apotekar-online.rs\/en\/wp-json\/wp\/v2\/product_brand?post=8732"},{"taxonomy":"product_cat","embeddable":true,"href":"https:\/\/apotekar-online.rs\/en\/wp-json\/wp\/v2\/product_cat?post=8732"},{"taxonomy":"product_tag","embeddable":true,"href":"https:\/\/apotekar-online.rs\/en\/wp-json\/wp\/v2\/product_tag?post=8732"}],"curies":[{"name":"wp","href":"https:\/\/api.w.org\/{rel}","templated":true}]}}