{"id":8741,"date":"2026-02-28T14:24:43","date_gmt":"2026-02-28T16:24:43","guid":{"rendered":"https:\/\/apotekar-online.rs\/?post_type=product&#038;p=8741"},"modified":"2026-03-31T00:00:08","modified_gmt":"2026-03-31T02:00:08","slug":"crystal-derma-atopik-krema-sa-10-uree-150-ml","status":"publish","type":"product","link":"https:\/\/apotekar-online.rs\/en\/p\/crystal-derma-atopik-krema-sa-10-uree-150-ml\/","title":{"rendered":"Crystal Derma Atopik krema sa 10 % uree 150 ml"},"content":{"rendered":"","protected":false},"excerpt":{"rendered":"<div class=\"wysiwyg\">\n<h5>Product description<\/h5>\n<p>Atopik krem\u00a0sa 10% uree je krem bogate teksture i sastava koji hidrira, omeka\u0161ava i obnavalja ko\u017eu nakon \u0161tetnog delovanja isu\u0161uju\u0107ih agenasa kao \u0161to su sapuni, deterd\u017eenti i namenjena je za negu izrazito suve ko\u017ee tela odraslih osoba. Preporu\u010duje se kao dodatak u terapiji suve ko\u017ee, jer smanjuje perutanje, svarb i ose\u0107aj zategnutosti.<\/p>\n<h5>Dosage and method of administration<\/h5>\n<p>Naneti u debljem sloju nakon kupanja i \u0161to \u010de\u0161\u0107e tokom dana kod izrazito suve ko\u017ee.<\/p>\n<h5>Composition<\/h5>\n<p>10% uree, 10% ulje \u017eutog no\u0107urka, 5% \u0161i butera, laktat i mle\u010dna kiselina.<\/p>\n<\/div>\n<div class=\"product-info\">\n<h3 class=\"title\"><i class=\"icon-clipboard mr-1\" aria-hidden=\"true\"><\/i>\u00a0Additional information<\/h3>\n<table class=\"info-table\">\n<tbody>\n<tr>\n<th>Manufacturer:<\/th>\n<td><a href=\"https:\/\/benu.rs\/crystal-derma-1612525150\">Crystal derma<\/a><\/td>\n<\/tr>\n<tr>\n<th>Brend:<\/th>\n<td><a href=\"https:\/\/benu.rs\/crystal-derma\">Crystal derma<\/a><\/td>\n<\/tr>\n<tr>\n<th>Features:<\/th>\n<td>Atopik krem sa 10% uree sadr\u017ei optimalne koli\u010dine supstanci koje omogu\u0107avaju dodatno prirodno vla\u017eenje i obnavlajnje ko\u017ee kao \u0161to je urea i ulje \u017eutog no\u0107urka.<\/td>\n<\/tr>\n<tr>\n<th>Osobine artikla:<\/th>\n<td>Hidrira, omek\u0161ava i ko\u017eu \u010dini glatkom i elasti\u010dnom<\/td>\n<\/tr>\n<tr>\n<th>Osobine artikla:<\/th>\n<td>Pobolj\u0161ava za\u0161titnu funkciju ko\u017ee<\/td>\n<\/tr>\n<tr>\n<th>Osobine artikla:<\/th>\n<td>Obnavlja ko\u017eu nakon \u0161tetnog delovanja isu\u0161uju\u0107ih agenasa (sapuni, deterd\u017eenti, organski rastvara\u010di) i nepovoljnih uticaja spolja\u0161nje sredine<\/td>\n<\/tr>\n<\/tbody>\n<\/table>\n<\/div>","protected":false},"featured_media":8742,"template":"","meta":[],"product_brand":[3210],"product_cat":[3054,547],"product_tag":[1709,2712,787,1626,3211,630],"class_list":{"0":"post-8741","1":"product","2":"type-product","3":"status-publish","4":"has-post-thumbnail","6":"product_brand-crystal-derma","7":"product_cat-akcija","8":"product_cat-kozmetika-i-nega-za-odrasle","9":"product_tag-betty","10":"product_tag-laktat","11":"product_tag-mlecna-kiselina","12":"product_tag-si-buter","13":"product_tag-ulje-zutog-nocurka","14":"product_tag-urea","15":"pa_brend-crystal-derma","17":"first","18":"instock","19":"shipping-taxable","20":"purchasable","21":"product-type-simple"},"ams_default_variation_id":0,"ams_product_points_reward":[],"ams_product_discount_percentage":0,"ams_price_to_display":1090,"ams_acf":[],"jetpack_sharing_enabled":true,"_links":{"self":[{"href":"https:\/\/apotekar-online.rs\/en\/wp-json\/wp\/v2\/product\/8741","targetHints":{"allow":["GET"]}}],"collection":[{"href":"https:\/\/apotekar-online.rs\/en\/wp-json\/wp\/v2\/product"}],"about":[{"href":"https:\/\/apotekar-online.rs\/en\/wp-json\/wp\/v2\/types\/product"}],"wp:featuredmedia":[{"embeddable":true,"href":"https:\/\/apotekar-online.rs\/en\/wp-json\/wp\/v2\/media\/8742"}],"wp:attachment":[{"href":"https:\/\/apotekar-online.rs\/en\/wp-json\/wp\/v2\/media?parent=8741"}],"wp:term":[{"taxonomy":"product_brand","embeddable":true,"href":"https:\/\/apotekar-online.rs\/en\/wp-json\/wp\/v2\/product_brand?post=8741"},{"taxonomy":"product_cat","embeddable":true,"href":"https:\/\/apotekar-online.rs\/en\/wp-json\/wp\/v2\/product_cat?post=8741"},{"taxonomy":"product_tag","embeddable":true,"href":"https:\/\/apotekar-online.rs\/en\/wp-json\/wp\/v2\/product_tag?post=8741"}],"curies":[{"name":"wp","href":"https:\/\/api.w.org\/{rel}","templated":true}]}}