{"id":8743,"date":"2026-02-28T14:30:52","date_gmt":"2026-02-28T16:30:52","guid":{"rendered":"https:\/\/apotekar-online.rs\/?post_type=product&#038;p=8743"},"modified":"2026-03-31T00:00:08","modified_gmt":"2026-03-31T02:00:08","slug":"atopik-krem-5-uree-100ml","status":"publish","type":"product","link":"https:\/\/apotekar-online.rs\/en\/p\/atopik-krem-5-uree-100ml\/","title":{"rendered":"Atopik krem 5% uree 100ml"},"content":{"rendered":"","protected":false},"excerpt":{"rendered":"<p>For daily care of dry skin of the face and body of children over 3 years of age and adults.<\/p>\n<p>Hydrophilic cream with a rich texture and composition with components of the skin&#039;s natural moisturizing factor.<\/p>\n<p>Namenjena za negu suve ko\u017ee koja je naj\u010de\u0161\u0107i kozmeti\u010dki problem, osnovni simptom suvih dermatoza (ekcem, atopijski dermatitis kod dece, psorijaza, ihtioza\u2026) kao i \u010dest prate\u0107i simptom sistemskih bolesti poput dijabetesa, bubre\u017ene insuficijencije, poreme\u0107aja tiroidne \u017elezde\u2026<\/p>\n<p>&nbsp;<\/p>\n<p class=\"mainTitle oswald\">Action<\/p>\n<div class=\"text\">\n<ul>\n<li>hydrates, softens and makes the skin smooth and elastic<\/li>\n<li>improves the protective function of the skin<\/li>\n<li>restores the skin after the harmful effects of drying agents (soaps, detergents, organic solvents...) and adverse effects of the external environment<\/li>\n<li>reduces flaking, itching and tightness<\/li>\n<li>it is recommended as an adjunct to the therapy of dry dermatosis<\/li>\n<\/ul>\n<p class=\"mainTitle oswald\">Composition<\/p>\n<div class=\"text\">\n<p>Contains 10% evening primrose oil and 5% shea butter, lactate and lactic acid<\/p>\n<\/div>\n<\/div>","protected":false},"featured_media":8744,"template":"","meta":[],"product_brand":[3210],"product_cat":[3054],"product_tag":[1709,2712,787,1626],"class_list":{"0":"post-8743","1":"product","2":"type-product","3":"status-publish","4":"has-post-thumbnail","6":"product_brand-crystal-derma","7":"product_cat-akcija","8":"product_tag-betty","9":"product_tag-laktat","10":"product_tag-mlecna-kiselina","11":"product_tag-si-buter","12":"pa_brend-crystal-derma","14":"first","15":"instock","16":"shipping-taxable","17":"purchasable","18":"product-type-simple"},"ams_default_variation_id":0,"ams_product_points_reward":[],"ams_product_discount_percentage":0,"ams_price_to_display":855,"ams_acf":[],"jetpack_sharing_enabled":true,"_links":{"self":[{"href":"https:\/\/apotekar-online.rs\/en\/wp-json\/wp\/v2\/product\/8743","targetHints":{"allow":["GET"]}}],"collection":[{"href":"https:\/\/apotekar-online.rs\/en\/wp-json\/wp\/v2\/product"}],"about":[{"href":"https:\/\/apotekar-online.rs\/en\/wp-json\/wp\/v2\/types\/product"}],"wp:featuredmedia":[{"embeddable":true,"href":"https:\/\/apotekar-online.rs\/en\/wp-json\/wp\/v2\/media\/8744"}],"wp:attachment":[{"href":"https:\/\/apotekar-online.rs\/en\/wp-json\/wp\/v2\/media?parent=8743"}],"wp:term":[{"taxonomy":"product_brand","embeddable":true,"href":"https:\/\/apotekar-online.rs\/en\/wp-json\/wp\/v2\/product_brand?post=8743"},{"taxonomy":"product_cat","embeddable":true,"href":"https:\/\/apotekar-online.rs\/en\/wp-json\/wp\/v2\/product_cat?post=8743"},{"taxonomy":"product_tag","embeddable":true,"href":"https:\/\/apotekar-online.rs\/en\/wp-json\/wp\/v2\/product_tag?post=8743"}],"curies":[{"name":"wp","href":"https:\/\/api.w.org\/{rel}","templated":true}]}}