{"id":8783,"date":"2026-03-03T07:37:48","date_gmt":"2026-03-03T09:37:48","guid":{"rendered":"https:\/\/apotekar-online.rs\/?post_type=product&#038;p=8783"},"modified":"2026-04-05T17:56:39","modified_gmt":"2026-04-05T19:56:39","slug":"rapidol","status":"publish","type":"product","link":"https:\/\/apotekar-online.rs\/en\/p\/rapidol\/","title":{"rendered":"Rapidol S meke kapsule (200 mg i 400 mg)"},"content":{"rendered":"","protected":false},"excerpt":{"rendered":"<p><strong data-start=\"370\" data-end=\"450\">Rapidol S 400 mg meke kapsule (10 kom) \u2013 ibuprofen protiv bola i temperature<\/strong><br data-start=\"450\" data-end=\"453\" \/><strong data-start=\"453\" data-end=\"533\">Rapidol S 200 mg meke kapsule (20 kom) \u2013 ibuprofen protiv bola i temperature<\/strong><\/p>\n<p><span style=\"font-family: Arial;\"><b>The distribution of this drug over the Internet is strictly prohibited and regulated by the laws of the Republic of Serbia, while its presentation on the Internet is allowed, solely for the purpose of informing the general and professional public about its purpose and better familiarization with the basic characteristics of the drug itself.<br \/>\n<\/b><\/span><span style=\"color: #000000;\"><br \/>\nYOU CAN VIEW THE REGULATION ON THE METHOD OF ADVERTISING MEDICINE, REGARDING MEDICINE (&quot;Sl. Gl. RS&quot;, no. 79\/2010)<\/span><span style=\"font-family: verdana, geneva, sans-serif;\"><span style=\"color: #666666;\">\u00a0<a href=\"http:\/\/www.alims.gov.rs\/ciril\/files\/2012\/06\/p-oglasavanje-79-2010.pdf\">HERE<\/a>.<\/span><\/span><\/p>\n<p>Rapidol\u00ae S kapsula, meka, 400 mg ibuprofen<br \/>\n<b>Read this manual carefully, because it contains information that is important to you.<\/b><br \/>\nOvaj lek se mo\u017eete nabaviti bez lekarskog recepta. Me\u0111utim, neophodno je da pa\u017eljivo koristite lek Rapidol S, da biste sa njim postigli najbolje rezultate.<\/p>\n<ul>\n<li>Save the instructions. You may need to read it again.<\/li>\n<li>If you have any further questions, ask your pharmacist.<\/li>\n<li>Ukoliko se va\u0161i simptomi pogor\u0161aju ili vam ne bude bolje posle nekoliko dana, morate se obratiti svom lekaru.<\/li>\n<li>If any side effect becomes serious or you notice any side effect that is not listed in this guide, please inform your doctor or pharmacist.\u00a0<span style=\"font-family: verdana, geneva, sans-serif;\"><span style=\"color: #666666;\"><br \/>\n<\/span><\/span><\/li>\n<\/ul>\n<p><b>In this guide you will read:<\/b><br \/>\n1. \u0160ta je lek Rapidol S i \u010demu je namenjen<br \/>\n2. \u0160ta treba da znate pre nego \u0161to uzmete lek Rapidol S<br \/>\n3. Kako se upotrebljava lek Rapidol S<br \/>\n4. Possible side effects<br \/>\n5. Kako \u010duvati lek Rapidol S<br \/>\n6. Additional information<span style=\"font-family: verdana, geneva, sans-serif;\"><span style=\"color: #666666;\"><br \/>\n<\/span><\/span><\/p>\n<p><b>1. \u0160TA JE LEK RAPIDOL S I \u010cEMU JE NAMENJEN<\/b><br \/>\nLek Rapidol S sadr\u017ei aktivnu supstancu ibuprofen, koja pripada grupi lekova poznatih pod nazivom nesteroidni antiinflamatorni lekovi (NSAIL). Rapidol S se koristi kod povreda mekih tkiva kao \u0161to su uganu\u0107a i istegnu\u0107a. Tako\u0111e se koristi za ubla\u017eavanje, otklanjanje i terapiju blagog do umerenog bola kod menstruacije, reumatskog i mi\u0161i\u0107nog bola, neuralgija, zubobolje i postoperativnog bola, glavobolje, migrene, gr\u010deva u mi\u0161i\u0107ima, bolova u le\u0111ima. Koristi se i za sni\u017eavanje povi\u0161ene telesne temperature kao i za otklanjanje simptoma prehlade i gripa.\u00a0<span style=\"font-family: verdana, geneva, sans-serif;\"><span style=\"color: #666666;\"><br \/>\n<\/span><\/span><\/p>\n<p>2. \u0160TA TREBA DA ZNATE PRE NEGO \u0160TO UZMETE LEK RAPIDOL S<br \/>\nLek Rapidol S ne smete koristiti:<\/p>\n<ul>\n<li>ako ste alergi\u010dni na ibuprofen ili na bilo koju od pomo\u0107nih supstanci koje ulaze u sastav leka (videti poglavlje 6. \u0160ta sadr\u017ei lek Rapidol S),<\/li>\n<li>ukoliko ste prethodno imali astmu, neke alergijske reakcije ili zvi\u017edanje u plu\u0107ima posle primene ibuprofena, acetilsalicilne kiseline ili nekog drugog nesteroidnog antiinflamatornog leka (NSAIL),<\/li>\n<li>ukoliko imate \u010dir ili ste imali dokazano krvarenje iz \u017eeluca pri primeni nekog leka iz grupe NSAIL,<\/li>\n<li>u slu\u010daju da imate neko oboljenje sa pove\u0107anom sklono\u0161\u0107u ka krvarenju,<\/li>\n<li>u slu\u010daju da imate te\u0161ko oboljenje srca, jetre ili bubrega,<\/li>\n<li>ako ste u tre\u0107em tromese\u010dju trudno\u0107e, Lek nije namenjen za pacijente mla\u0111e od 12 godina<\/li>\n<\/ul>\n<p><b>Kada uzimate lek Rapidol S, posebno vodite ra\u010duna:<\/b><br \/>\nPre uzimanja leka Rapidol S obavestite svog lekara ili farmaceuta:<\/p>\n<ul>\n<li>ako ste trudni ili planirate da zatrudnite, ili ako dojite bebu. Primena leka mo\u017ee da ote\u017ea mogu\u0107nost da zatrudnite. Posavetujte se sa svojim lekarom ako planirate da zatrudnite ili imate problema da zatrudnite,<\/li>\n<li>ako imate ili ste imali \u010dir na \u017eelucu ili neku drugu \u017eeluda\u010dnu tegobu. Ne uzimajte lek Rapidol S ukoliko imate pepti\u010dki ulkus (\u010dir na \u017eelucu ili dvanaestopala\u010dnom crevu) ili krvarenje u \u017eelucu, ili ukoliko ste prethodno imali dva ili vi\u0161e slu\u010dajeva pepti\u010dkog ulkusa, krvarenja u \u017eelucu ili perforacija,<\/li>\n<li>ako imate oboljenje jetre ili bubrega,<\/li>\n<li>ako imate oboljenje srca. Primena leka mo\u017ee da dovede do neznatnog pove\u0107anja rizika od nastanka arterijske tromboze (npr. infarkt miokarda ili mo\u017edani udar). Kao i svaki rizik, i ovaj se pove\u0107ava primenom visokih doza leka, u toku du\u017eeg vremenskog perioda. Nemojte prekora\u010diti preporu\u010denu dozu, niti preporu\u010denu du\u017einu trajanja terapije. Ukoliko imate oboljenje srca, ve\u0107 ste imali mo\u017edani udar ili mislite da ste izlo\u017eeni riziku od nastanka navedenih bolesti (npr. imate visok krvni pritisak, \u0161e\u0107ernu bolest, visok nivo holesterola u krvi ili ste pu\u0161a\u010d) trebalo bi da se posavetujete oko terapije sa svojim lekarom ili farmaceutom.<\/li>\n<li>ukoliko ste starija osoba, jer starije osobe su podlo\u017enije ne\u017eeljenim dejstvima ove grupe lekova (nesteroidni antiinflamatorni lekovi ), kao \u0161to su krvarenja iz \u017eeluca i perforacije koje mogu biti fatalne,<\/li>\n<li>ako imate sistemski eritematozni lupus (poznat i kao lupus) ili poreme\u0107aje vezivnog tkiva (autoimune bolesti koje zahvataju vezivno tkivo).<\/li>\n<li>Lek Rapidol S mo\u017ee maskirati simptome ili znakove infekcije (visoka temperatura, bol, otok).<\/li>\n<li>Rapidol S treba pa\u017eljivo davati kod pacijenata sa anamnezom ulceroznog kolitisa ili Crohn-ove bolesti, jer\u00a0mo\u017ee do\u0107i do pogor\u0161anja stanja.<\/li>\n<\/ul>\n<p>Potreban je oprez prilikom zapo\u010dinjanja terapije lekom Rapidol S kod pacijenata sa zna\u010dajnom dehidratacijom (gubitak velike koli\u010dine vode i elektrolita iz organizma).<br \/>\nRapidol S, kao i drugi NSAIL, mo\u017ee da remeti agregaciju trombocita, i dokazano je da produ\u017eava vreme krvarenja kod zdravih ispitanika.<\/p>\n<p><b>Administration of other drugs<\/b><br \/>\nObavestite svog lekara ili farmaceuta ako uzimate ili ste do nedavno uzimali bilo koji drugi lek, uklju\u010duju\u0107i i one koji se mogu nabaviti bez lekarskog recepta.\u00a0<span style=\"font-family: verdana, geneva, sans-serif;\"><span style=\"color: #666666;\"><br \/>\n<\/span><\/span><\/p>\n<p>Neki lekovi kao \u0161to su antikoagulansi (lekovi koji spre\u010davaju zgru\u0161avanje krvi, npr. acetilsalicilna kiselina, varfarin, tiklopidin), neki lekovi za sni\u017eavanje visokog krvnog pritiska (ACE inhibitori kao \u0161to je kaptopril, beta-blokatori, kao \u0161to je atenolol, blokatori angiotenzin II receptora, kao \u0161to je losartan) i drugi lekovi mogu da uti\u010du na dejstvo ibuprofena ili ibuprofen mo\u017ee da uti\u010de na njihovo dejstvo. Uvek se posavetujte sa svojim lekarom ili farmaceutom pre nego \u0161to uzmete ibuprofen sa nekim drugim lekom.<span style=\"font-family: verdana, geneva, sans-serif;\"><span style=\"color: #666666;\"><br \/>\n<\/span><\/span><\/p>\n<p>Obavezno obavestite svog lekara ili farmaceuta ako, pored gore navedenih, uzimate neke od slede\u0107ih lekova:<\/p>\n<ul>\n<li>diuretike (lek za izlu\u010divanje te\u010dnosti),<\/li>\n<li>kardiotoni\u010dne glikozide, kao \u0161to je digoksin, koji se koriste za le\u010denje oboljenja srca,<\/li>\n<li>lekove koji se koriste u terapiji visokog krvnog pritiska (videti iznad),<\/li>\n<li>antikoagulanse ili anti-trombocitne lekove (videti iznad),<\/li>\n<li>litijum,<\/li>\n<li>zidovudin (antivirusni lek),<\/li>\n<li>kortikosteroide (koriste se u le\u010denju zapaljenskih stanja),<\/li>\n<li>metotreksat (koristi se u le\u010denju nekih vrsta karcinoma),<\/li>\n<li>lekove poznate pod nazivom imunosupresivi, kao \u0161to su ciklosporin i takrolimus (koji smanjuju imuni odgovor),<\/li>\n<li>lekove poznate pod nazivom selektivni inhibitori preuzimanja serotonina (SSRI), koji se koriste u le\u010denju depresije,<\/li>\n<li>antibiotike pod nazivom hinoloni, kao \u0161to je ciprofloksacin,<\/li>\n<li>aminoglikozide (vrsta antibiotika),<\/li>\n<li>mifepriston (trenutno ili u poslednjih 12 dana),<\/li>\n<li>bilo koji od lekova koji se koriste u terapiji dijabetesa, a uzimaju se oralnim putem (npr. metformin),<\/li>\n<li>bilo koje druge preparate ibuprofena, poput onih koji se mogu kupiti bez recepta,<\/li>\n<li>blekove protiv zapaljenja i bolova, uklju\u010duju\u0107i acetilsalicilnu kiselinu,<\/li>\n<li>holestiramin (lek koji se koristi za sni\u017eavanje nivoa holesterola)<\/li>\n<li>lekove koji su poznati kao sulfoniluree kao \u0161to je glibenklamid (koristi se terapiju \u0161e\u0107erne bolesti),<\/li>\n<li>vorikonazol i flukonazol (lekovi protiv gljivi\u010dnih infekcija)<\/li>\n<li>preparate na bazi biljke Ginko biloba (mogu pove\u0107ati rizik od krvarenja pri istovremenoj primeni sa ibuprofenom).\u00a0<span style=\"font-family: verdana, geneva, sans-serif;\"><span style=\"color: #666666;\"><br \/>\n<\/span><\/span><\/li>\n<\/ul>\n<p><b>Uzimanje leka Rapidol S sa hranom ili pi\u0107ima<\/b><br \/>\nUvek uzimajte lek kako vam je rekao lekar.<br \/>\nRapidol S popiti sa \u010da\u0161om vode uz jelo ili posle jela. Kapsule, meke treba progutati cele, neo\u0161te\u0107ene i nezgnje\u010dene, bez \u017evakanja i sisanja kako bi se izbegla iritacija i ose\u0107aj neprijatnosti u grlu.\u00a0<span style=\"font-family: verdana, geneva, sans-serif;\"><span style=\"color: #666666;\"><br \/>\n<\/span><\/span><\/p>\n<p><b>Primena leka Rapidol S u periodu trudno\u0107e i dojenja<\/b><br \/>\nTreba izbegavati upotrebu leka Rapidol S tokom trudno\u0107e i dojenja. Trudnice u prvih 6 meseci trudno\u0107e moraju obavezno da se posavetuju sa svojim lekarom pre nego \u0161to po\u010dnu da uzimaju lek Rapidol S. Ovaj lek se ne sme primenjivati u poslednjem trimestru trudno\u0107e.<br \/>\nPre primene bilo kog leka, posavetujte se sa lekarom ili farmaceutom.\u00a0<span style=\"font-family: verdana, geneva, sans-serif;\"><span style=\"color: #666666;\"><br \/>\n<\/span><\/span><\/p>\n<p><b>Uticaj leka Rapidol S na upravljanje motornim vozilima i rukovanje ma\u0161inama<\/b><br \/>\nNakon uzimanja leka Rapidol S mogu se javiti vrtoglavica ili pospanost. U slu\u010daju njihovog ispoljavanja, ne treba upravljati motornim vozilima, rukovati ma\u0161inama, niti obavljati neku drugu aktivnost koja zahteva pove\u0107anu budnost.\u00a0<span style=\"font-family: verdana, geneva, sans-serif;\"><span style=\"color: #666666;\"><br \/>\n<\/span><\/span><\/p>\n<p><b>Va\u017ene informacije o nekim sastojcima leka Rapidol S<\/b><br \/>\nLek Rapidol S sadr\u017ei pomo\u0107nu supstancu sorbitol, te\u010dni, delimi\u010dno dehidratisani. Pacijenti sa retkim naslednim oboljenjem intolerancije na fruktozu ne smeju koristiti ovaj lek.\u00a0<span style=\"font-family: verdana, geneva, sans-serif;\"><span style=\"color: #666666;\"><br \/>\n<\/span><\/span><\/p>\n<p><b>3. KAKO SE UPOTREBLJAVA LEK RAPIDOL S<\/b><br \/>\nUvek uzimajte lek Rapidol S onako kako vam je lekar propisao. Ukoliko niste sigurni, obratite se lekaru ili farmaceutu.\u00a0<span style=\"font-family: verdana, geneva, sans-serif;\"><span style=\"color: #666666;\"><br \/>\n<\/span><\/span><\/p>\n<p><b>Dosage<\/b><br \/>\nOdrasli i deca starija od 12 godina: Po\u010detna doza iznosi 400 mg i ona se po potrebi mo\u017ee ponoviti u intervalima od najmanje \u010detiri sata, do maksimalno 1200 mg u toku 24 \u010dasa.\u00a0<span style=\"font-family: verdana, geneva, sans-serif;\"><span style=\"color: #666666;\"><br \/>\n<\/span><\/span><\/p>\n<p>Starije osobe: Kod starijih osoba postoji pove\u0107an rizik od pojave te\u017eih ne\u017eeljenih dejstava. Ukoliko ste starija osoba posavetujte se sa lekarom<span style=\"font-family: verdana, geneva, sans-serif;\"><span style=\"color: #666666;\"><br \/>\n<\/span><\/span><\/p>\n<p><b>Method of application<\/b><br \/>\nLek Rapidol S je namenjen za oralnu primenu.<br \/>\nLek treba uzeti za vreme ili nakon obroka. Namenjen je odraslima i deci starijoj od 12 godina.<br \/>\nNamenjen je za kratkotrajnu primenu.<br \/>\nNe sme se prekora\u010diti doza od 1200 mg u periodu od 24 sata.<br \/>\nMinimalni interval izme\u0111u pojedina\u010dnih doza je najmanje 4 sata.\u00a0<span style=\"font-family: verdana, geneva, sans-serif;\"><span style=\"color: #666666;\"><br \/>\n<\/span><\/span><\/p>\n<p><b>Koliko dugo treba uzimati lek Rapidol S<\/b><br \/>\nAko imate pitanja o tome koliko dugo treba da uzimate lek Rapidol S, porazgovarajte sa svojim lekarom<span style=\"font-family: verdana, geneva, sans-serif;\"><span style=\"color: #666666;\"><br \/>\n<\/span><\/span><\/p>\n<p><b>Ako ste uzeli vi\u0161e leka Rapidol S nego \u0161to je trebalo<\/b><br \/>\nUkoliko ste uzeli ve\u0107u dozu leka Rapidol S nego \u0161to bi trebalo, odmah se javite lekaru ili se obratite se najbli\u017eoj zdravstvenoj ustanovi.\u00a0<span style=\"font-family: verdana, geneva, sans-serif;\"><span style=\"color: #666666;\"><br \/>\n<\/span><\/span><\/p>\n<p><b>Ako ste zaboravili da uzmete lek Rapidol S<\/b><br \/>\nAko ste zaboravili da uzmete lek Rapidol S, uzmite zaboravljenu dozu \u010dim se setite, izuzev ako je blizu vreme za slede\u0107u dozu. Ne uzimajte dvostruku dozu da bi nadoknadili propu\u0161tenu.\u00a0<span style=\"font-family: verdana, geneva, sans-serif;\"><span style=\"color: #666666;\"><br \/>\n<\/span><\/span><\/p>\n<p><b>Ako naglo prestanete da uzimate lek Rapidol S<\/b><br \/>\nAko imate dodatnih pitanja o primeni ovog leka, obratite se lekaru ili farmaceutu.\u00a0<span style=\"font-family: verdana, geneva, sans-serif;\"><span style=\"color: #666666;\"><br \/>\n<\/span><\/span><\/p>\n<p><b>4. POSSIBLE SIDE EFFECTS<\/b><br \/>\nKao i svi lekovi, i Rapidol S mo\u017ee da izazove ne\u017eeljene reakcije, iako se one ne javljaju kod svih pacijenata.<br \/>\nPojava ne\u017eeljenih dejstava mo\u017ee se smanjiti primenom najni\u017ee efektivne doze leka tokom \u0161to kra\u0107eg vremenskog perioda potrebnog za le\u010denje simptoma.<span style=\"font-family: verdana, geneva, sans-serif;\"><span style=\"color: #666666;\"><br \/>\n<\/span><\/span><\/p>\n<p>Ukoliko se tokom terapije ibuprofenom javi bilo koji od slede\u0107ih simptoma, prestanite sa uzimanjem leka i odmah potra\u017eite medicinsku pomo\u0107:<\/p>\n<ul>\n<li>te\u0161ka glavobolja, visoka temperatura, uko\u010denost u vratu, nepodno\u0161enje jake svetlosti,<\/li>\n<li>pojava krvi u stolici,<\/li>\n<li>pojava crne stolice nalik na katran,<\/li>\n<li>povra\u0107anje krvi ili tamnih komadi\u0107a koji li\u010de na zrna kafe.<\/li>\n<\/ul>\n<p>Recite svom lekaru i prestanite da uzimate lek Rapidol S ako osetite:<\/p>\n<ul>\n<li>bol u stomaku nejasnog porekla ili bilo koje simptome u stomaku koji nisu uobi\u010dajeni, ote\u017eano varenje, goru\u0161icu, ose\u0107aj mu\u010dnine i\/ili povra\u0107anje,<\/li>\n<li>\u0161i\u0161tanje u plu\u0107ima nejasnog porekla, ote\u017eano disanje, osip po ko\u017ei, svrab ili pojavu modrica,<\/li>\n<li>\u017euta prebojenost ko\u017ee i\/ili beonja\u010da,<\/li>\n<li>jak bol u grlu pra\u0107en visokom temperaturom,<\/li>\n<li>zamu\u0107en vid ili smetnje u vidu ili pojava da \u010dujete ili vidite neuobi\u010dajene stvari,<\/li>\n<li>zadr\u017eavanje te\u010dnosti (npr. ote\u010deni gle\u017enjevi).\u00a0<span style=\"font-family: verdana, geneva, sans-serif;\"><span style=\"color: #666666;\"><br \/>\n<\/span><\/span><\/li>\n<\/ul>\n<p>U toku primene ibuprofena mogu se javiti mu\u010dnina, povra\u0107anje, proliv, nadimanje, zatvor, poreme\u0107aj varenja, bol u stomaku, pojava krvi u stolici, povra\u0107anje krvi, ulcerativni stomatitis (zapaljenje sluznice usne \u0161upljine pra\u0107eno \u0107irevima), pogor\u0161anje kolitisa i Chron-ova bolest (zapaljensko oboljenje creva). Tako\u0111e se mogu javiti pepti\u010dki ulkus (\u010dir), perforacija ili krvarenje iz gastrointestinalnog trakta, ponekad i sa fatalnim ishodom, posebno kod starijih osoba. Re\u0111e se mo\u017ee javiti i gastritis (zapaljenje \u017eeluca), retko gastrointestinalna perforacija a veoma retko i pankreatitis (zapaljenje gu\u0161tera\u010de).\u00a0<span style=\"font-family: verdana, geneva, sans-serif;\"><span style=\"color: #666666;\"><br \/>\n<\/span><\/span><\/p>\n<p>Slede\u0107e reakcije preosetljivosti su prijavljene nakon primene ibuprofena: a) nespecifi\u010dne alergijske reakcije i\u00a0anafilakti\u010dka reakcija, b) reakcije respiratornog trakta (astma, pogor\u0161anje astme, bronhospazam ili ote\u017eano disanje), c) ko\u017ene reakcije \u2013 sitnozrnasta ospa, svrab, koprivnja\u010da, ta\u010dkaste promene na ko\u017ei, otok potko\u017enog tkiva i veoma retko eksfolijativne i bulozne promene na ko\u017ei (uklju\u010duju\u0107i Stevens-Johnson-ov sindrom, toksi\u010dnu epidermalnu nekrolizu i erythema multiforme).<\/p>\n<p>Mogu se javiti i otok, hipertenzija i sr\u010dana slabost.\u00a0<span style=\"font-family: verdana, geneva, sans-serif;\"><span style=\"color: #666666;\"><br \/>\n<\/span><\/span><\/p>\n<p>Epidemiolo\u0161ki podaci govore u prilog tome da primena ibuprofena, posebno u velikim dozama (2400mg\/dan) i u du\u017eem periodu, mo\u017ee pove\u0107ati rizik za pojavu arterijskih tromboti\u010dkih doga\u0111aja kao su infarkt miokarda (sr\u010dani napad) ili mo\u017edani udar.\u00a0<span style=\"font-family: verdana, geneva, sans-serif;\"><span style=\"color: #666666;\"><br \/>\n<\/span><\/span><\/p>\n<p>Ostala ne\u017eeljena dejstva koja se re\u0111e javljaju i za koja uzro\u010dno-posledi\u010dna veza nije \u010dvrsto ustanovljena uklju\u010duju: leukopeniju (smanjenje broja belih krvnih zrnaca), trombocitopeniju (smanjenje broja krvnih plo\u010dica), neutropeniju (smanjenje broja odre\u0111ene vrste belih krvnih zrnaca), agranulocitozu (potpuni nestanak jedne vrste krvnih \u0107elija), aplasti\u010dka i hemoliti\u010dka anemija (veliko smanjenje broja crvenih krvnih \u0107elija i hemoglobina u krvi). Mogu se javiti i nesanica, ose\u0107aj iracionalnog straha, depresija, konfuzija, halucinacije, opti\u010dki neuritis (zapaljenje opti\u010dkog nerva), glavobolja, trnjenje, vrtoglavica, patolo\u0161ka sanjivost, rinitis (zapaljenje nosa), asepti\u010dni meningitis sa simptomima ukru\u0107enog vrata, glavoboljom, mu\u010dninom, povra\u0107anjem, groznicom ili dezorijentacijom. Jo\u0161 se mogu javiti i poreme\u0107aj vida, poreme\u0107aj sluha, zujanje u u\u0161ima, poreme\u0107aji funkcije jetre, hepatitits i \u017eutica. Na ko\u017ei se mogu javiti te\u017ee promene kao \u0161to su Stevens Johnson-ov sindrom i toksi\u010dna epidermalna nekroliza (veoma retko), reakcije preosetljivosti na sun\u010devu svetlost, poreme\u0107aj funkcije bubrega, malaksalost i umor.<\/p>\n<p><b>Reporting adverse reactions<\/b><br \/>\nUkoliko Vam se ispolji bilo koja ne\u017eeljena reakcija, potrebno je da o tome obavestite lekara ili farmaceuta. Ovo uklju\u010duje i svaku mogu\u0107u ne\u017eeljenu reakciju koja nije navedena u ovom uputstvu. Prijavljivanjem ne\u017eeljenih reakcija mo\u017eete da pomognete u proceni bezbednosti ovog leka. Sumnju na ne\u017eeljene reakcije mo\u017eete da prijavite Agenciji za lekove i medicinska sredstva Srbije (ALIMS): Agencija za lekove i medicinska sredstva Srbije Nacionalni centar za farmakovigilancu Vojvode Stepe 458, 11221 Beograd Republika Srbija website: www.alims.gov.rs e-mail: nezeljene.reakcije@alims.gov.rs<\/p>\n<p>5. KAKO \u010cUVATI LEK RAPIDOL S<br \/>\nRok upotrebe 3 godine.<br \/>\nNemojte koristiti lek Rapidol S posle isteka roka upotrebe nazna\u010denog na pakovanju.<br \/>\n<b>Keeping<\/b><\/p>\n<p>Store the medicine at a temperature of up to 25\u00b0C.<br \/>\n\u010cuvati van doma\u0161aja dece!<\/p>\n<p><b>6. ADDITIONAL INFORMATION<\/b><br \/>\n\u0160ta sadr\u017ei lek Rapidol S<br \/>\nAktivna supstanca: ibuprofen. Jedna kapsula, meka sadr\u017ei 400 mg ibuprofena.<br \/>\nPomo\u0107ne supstance: makrogol 600; kalijum-hidroksid; \u017eelatin; sorbitol, te\u010dni, delimi\u010dno dehidratisan; voda, pre\u010di\u0161\u0107ena; boja \u201cOpacode WB black NS-78-17821\u201c sadr\u017ei: gvo\u017e\u0111e (III)-oksid, crni; propilenglikol; izopropilalkohol;hipromeloza; voda, pre\u010di\u0161\u0107ena.<\/p>\n<p><b>Kako izgleda lek Rapidol S i sadr\u017eaj pakovanja<\/b><br \/>\nFarmaceutski oblik<br \/>\nKapsula, meka.<br \/>\nOvalne, providne, meke, \u017eelatinske kapsule, svetlo\u017eute boje, sa od\u0161tampanom oznakom I400 crne boje.<br \/>\nPriroda i sadr\u017eaj kontaktne ambala\u017ee Rapidol S, kapsula, meka, 10 x 400mg: 1 blistera (PVC\/PE\/PVDC\/Al folije) sa po 10 kapsula, mekih u kartonskoj kutiji.hipromeloza; voda, pre\u010di\u0161\u0107ena.<\/p>\n<p><b>Before use, study the instructions in detail. Consult your doctor or pharmacist about indications, precautions and adverse drug reactions.<\/b><\/p>","protected":false},"featured_media":8782,"template":"","meta":[],"product_brand":[3107],"product_cat":[778],"product_tag":[348,782,781],"class_list":{"0":"post-8783","1":"product","2":"type-product","3":"status-publish","4":"has-post-thumbnail","6":"product_brand-pharmaswiss","7":"product_cat-lekovi-protiv-bolova","8":"product_tag-bol","9":"product_tag-glavobolja","10":"product_tag-temperatura","11":"pa_brend-pharmaswiss","13":"first","14":"instock","15":"shipping-taxable","16":"product-type-simple"},"ams_default_variation_id":0,"ams_product_points_reward":[],"ams_product_discount_percentage":0,"ams_price_to_display":0,"ams_acf":[],"jetpack_sharing_enabled":true,"_links":{"self":[{"href":"https:\/\/apotekar-online.rs\/en\/wp-json\/wp\/v2\/product\/8783","targetHints":{"allow":["GET"]}}],"collection":[{"href":"https:\/\/apotekar-online.rs\/en\/wp-json\/wp\/v2\/product"}],"about":[{"href":"https:\/\/apotekar-online.rs\/en\/wp-json\/wp\/v2\/types\/product"}],"wp:featuredmedia":[{"embeddable":true,"href":"https:\/\/apotekar-online.rs\/en\/wp-json\/wp\/v2\/media\/8782"}],"wp:attachment":[{"href":"https:\/\/apotekar-online.rs\/en\/wp-json\/wp\/v2\/media?parent=8783"}],"wp:term":[{"taxonomy":"product_brand","embeddable":true,"href":"https:\/\/apotekar-online.rs\/en\/wp-json\/wp\/v2\/product_brand?post=8783"},{"taxonomy":"product_cat","embeddable":true,"href":"https:\/\/apotekar-online.rs\/en\/wp-json\/wp\/v2\/product_cat?post=8783"},{"taxonomy":"product_tag","embeddable":true,"href":"https:\/\/apotekar-online.rs\/en\/wp-json\/wp\/v2\/product_tag?post=8783"}],"curies":[{"name":"wp","href":"https:\/\/api.w.org\/{rel}","templated":true}]}}