{"id":8893,"date":"2026-03-10T08:15:01","date_gmt":"2026-03-10T10:15:01","guid":{"rendered":"https:\/\/apotekar-online.rs\/?post_type=product&#038;p=8893"},"modified":"2026-03-10T08:15:01","modified_gmt":"2026-03-10T10:15:01","slug":"hipp-kasica-jabuka-i-kruska-125-g","status":"publish","type":"product","link":"https:\/\/apotekar-online.rs\/en\/p\/hipp-kasica-jabuka-i-kruska-125-g\/","title":{"rendered":"Hipp ka\u0161ica jabuka i kru\u0161ka 125 g"},"content":{"rendered":"","protected":false},"excerpt":{"rendered":"<div class=\"wysiwyg\">\n<h5>Product description<\/h5>\n<p>Hipp ka\u0161a jabuka i kru\u0161ka predstavlja zdrav i ukusan dezert ili u\u017einu namenjenu odoj\u010dadi uzrasta od 4. meseca. Sve Hipp vo\u0107ne ka\u0161e bogate su vitaminom C koji doprinosi normalnoj funkciji imunog sistema. Proizvod ne sadr\u017ei arome, sredstva za zgu\u0161njavanje, konzervanse, ve\u0161ta\u010dke boje, mle\u010dne proizvode i bez dodatka \u0161e\u0107era i glutena je. Svi sastojci Hipp ka\u0161ica su organski uzgajani bez upotrebe hemijskih pesticida, ve\u0161ta\u010dkog \u0111ubriva ili insekticida.<\/p>\n<h5>Dosage and method of administration<\/h5>\n<p>Proizvod se mo\u017ee davati kao dezert ili kao u\u017eina. Pre upotrebe prome\u0161ati plasti\u010dnom ka\u0161i\u010dicom. Pre prvog otvaranja proveriti da li je proizvod neo\u0161te\u0107en, teglica je vakumirana i prilikom prvog otvaranja poklopac klikne.<\/p>\n<h5>Composition<\/h5>\n<p>vo\u0107e 100% (jabuke 77%, kru\u0161ke 23%)<\/p>\n<\/div>\n<div class=\"product-info\">\n<h3 class=\"title\"><i class=\"icon-clipboard mr-1\" aria-hidden=\"true\"><\/i>\u00a0Additional information<\/h3>\n<table class=\"info-table\">\n<tbody>\n<tr>\n<th>Manufacturer:<\/th>\n<td><a href=\"https:\/\/benu.rs\/hipp-1638954920-old\">Hipp<\/a><\/td>\n<\/tr>\n<tr>\n<th>Brend:<\/th>\n<td><a href=\"https:\/\/benu.rs\/hipp\">Hipp<\/a><\/td>\n<\/tr>\n<tr>\n<th>Features:<\/th>\n<td>Hipp ka\u0161a jabuka i kru\u0161ka predstavlja organski dijetetski proizvod bez glutena namenjen ishrani odoj\u010dadi starije od 4. meseca kao deo dopunske ishrane. Mo\u017ee se davati kao dezert ili u\u017eina.<\/td>\n<\/tr>\n<tr>\n<th>Osobine artikla:<\/th>\n<td>Hrana za odoj\u010dad i malu decu<\/td>\n<\/tr>\n<tr>\n<th>Osobine artikla:<\/th>\n<td>Bez dodatka \u0161e\u0107era i sredstava za zgru\u0161njavanje<\/td>\n<\/tr>\n<tr>\n<th>Osobine artikla:<\/th>\n<td>Pa\u017eljivo pripremano radi o\u010duvanja najboljeg kvaliteta i ukusa<\/td>\n<\/tr>\n<\/tbody>\n<\/table>\n<\/div>","protected":false},"featured_media":8894,"template":"","meta":[],"product_brand":[3222],"product_cat":[340,369],"product_tag":[1040,1514,245,3235],"class_list":{"0":"post-8893","1":"product","2":"type-product","3":"status-publish","4":"has-post-thumbnail","6":"product_brand-hipp","7":"product_cat-deciji-program","8":"product_cat-decija-hrana","9":"product_tag-jabuka","10":"product_tag-kruska","11":"product_tag-vitamin-c","12":"product_tag-voce-100","14":"first","15":"instock","16":"shipping-taxable","17":"purchasable","18":"product-type-simple"},"ams_default_variation_id":0,"ams_product_points_reward":[],"ams_product_discount_percentage":0,"ams_price_to_display":232,"ams_acf":[],"jetpack_sharing_enabled":true,"_links":{"self":[{"href":"https:\/\/apotekar-online.rs\/en\/wp-json\/wp\/v2\/product\/8893","targetHints":{"allow":["GET"]}}],"collection":[{"href":"https:\/\/apotekar-online.rs\/en\/wp-json\/wp\/v2\/product"}],"about":[{"href":"https:\/\/apotekar-online.rs\/en\/wp-json\/wp\/v2\/types\/product"}],"wp:featuredmedia":[{"embeddable":true,"href":"https:\/\/apotekar-online.rs\/en\/wp-json\/wp\/v2\/media\/8894"}],"wp:attachment":[{"href":"https:\/\/apotekar-online.rs\/en\/wp-json\/wp\/v2\/media?parent=8893"}],"wp:term":[{"taxonomy":"product_brand","embeddable":true,"href":"https:\/\/apotekar-online.rs\/en\/wp-json\/wp\/v2\/product_brand?post=8893"},{"taxonomy":"product_cat","embeddable":true,"href":"https:\/\/apotekar-online.rs\/en\/wp-json\/wp\/v2\/product_cat?post=8893"},{"taxonomy":"product_tag","embeddable":true,"href":"https:\/\/apotekar-online.rs\/en\/wp-json\/wp\/v2\/product_tag?post=8893"}],"curies":[{"name":"wp","href":"https:\/\/api.w.org\/{rel}","templated":true}]}}