{"id":8901,"date":"2026-03-10T09:01:27","date_gmt":"2026-03-10T11:01:27","guid":{"rendered":"https:\/\/apotekar-online.rs\/?post_type=product&#038;p=8901"},"modified":"2026-03-10T09:01:27","modified_gmt":"2026-03-10T11:01:27","slug":"hipp-kasica-teletina-sa-pirincem-i-sargarepom-190-g","status":"publish","type":"product","link":"https:\/\/apotekar-online.rs\/en\/p\/hipp-kasica-teletina-sa-pirincem-i-sargarepom-190-g\/","title":{"rendered":"Hipp ka\u0161ica teletina sa pirin\u010dem i \u0161argarepom 190 g"},"content":{"rendered":"","protected":false},"excerpt":{"rendered":"<div class=\"wysiwyg\">\n<h5>Product description<\/h5>\n<p>Hipp ka\u0161ica \u0161argarepa sa pirin\u010dem i teletinom\u00a0je namenjena odoj\u010dadima od 4. meseca starosti. Sastojci su pa\u017eljivo kuvani na pari. Sadr\u017ei omega &#8211; 3 masne kiseline iz organski proizvedene uljane repice, va\u017ene za razvoj mo\u017edanih i nervnih \u0107elija. Bogata je beta-karotenom (provitamin vitamina A). Bez dodatka soli, bez dodatka aroma,\u00a0sredstava za zgu\u0161njavanje, bez konzervansa i ve\u0161ta\u010dkih boja.<\/p>\n<h5>Dosage and method of administration<\/h5>\n<p>Otvorenu teglicu ili potrebnu koli\u010dinu zagrejte u posudi sa vodom ili u mikrotalasnoj rerni. Prome\u0161ajte i proverite temperaturu pre poslu\u017eivanja.<\/p>\n<h5>Composition<\/h5>\n<p>\u0160argarepa 32%, kuvani pirina\u010d 30%, voda, tele\u0107e meso 8%, repi\u010dino ulje 2%. Sastojici su iz organske proizvodnje. Udeo mesa 15,2g.<\/p>\n<\/div>\n<div class=\"product-info\">\n<h3 class=\"title\"><i class=\"icon-clipboard mr-1\" aria-hidden=\"true\"><\/i>\u00a0Additional information<\/h3>\n<table class=\"info-table\">\n<tbody>\n<tr>\n<th>Manufacturer:<\/th>\n<td><a href=\"https:\/\/benu.rs\/hipp-1638954920-old\">Hipp<\/a><\/td>\n<\/tr>\n<tr>\n<th>Brend:<\/th>\n<td><a href=\"https:\/\/benu.rs\/hipp\">Hipp<\/a><\/td>\n<\/tr>\n<tr>\n<th>Features:<\/th>\n<td>Plan ishrane bebe se posle 4. meseca pro\u0161iruje obrocima sa mesom i povr\u0107em. Meso je va\u017eno, jer je bogato belan\u010devinama i najbolji dostavlja\u010d prirodnog gvo\u017e\u0111a, koje ispunjava veoma va\u017ean zadatak kod stvaranja krvi.<\/td>\n<\/tr>\n<tr>\n<th>Osobine artikla:<\/th>\n<td>Hrana za bebe od \u010detiri meseca<\/td>\n<\/tr>\n<tr>\n<th>Osobine artikla:<\/th>\n<td>Sadr\u017ei omega-3 masne kiseline iz ulja repice va\u017ene za nervne i mo\u017edane \u0107elije<\/td>\n<\/tr>\n<tr>\n<th>Osobine artikla:<\/th>\n<td>Bez dodatka soli i bez glutena<\/td>\n<\/tr>\n<\/tbody>\n<\/table>\n<\/div>","protected":false},"featured_media":8902,"template":"","meta":[],"product_brand":[3222],"product_cat":[340,369],"product_tag":[3240,3242,666,3241],"class_list":{"0":"post-8901","1":"product","2":"type-product","3":"status-publish","4":"has-post-thumbnail","6":"product_brand-hipp","7":"product_cat-deciji-program","8":"product_cat-decija-hrana","9":"product_tag-kuvani-pirinac","10":"product_tag-repicino-ulje","11":"product_tag-sargarepa","12":"product_tag-telece-meso","14":"first","15":"instock","16":"shipping-taxable","17":"purchasable","18":"product-type-simple"},"ams_default_variation_id":0,"ams_product_points_reward":[],"ams_product_discount_percentage":0,"ams_price_to_display":295,"ams_acf":[],"jetpack_sharing_enabled":true,"_links":{"self":[{"href":"https:\/\/apotekar-online.rs\/en\/wp-json\/wp\/v2\/product\/8901","targetHints":{"allow":["GET"]}}],"collection":[{"href":"https:\/\/apotekar-online.rs\/en\/wp-json\/wp\/v2\/product"}],"about":[{"href":"https:\/\/apotekar-online.rs\/en\/wp-json\/wp\/v2\/types\/product"}],"wp:featuredmedia":[{"embeddable":true,"href":"https:\/\/apotekar-online.rs\/en\/wp-json\/wp\/v2\/media\/8902"}],"wp:attachment":[{"href":"https:\/\/apotekar-online.rs\/en\/wp-json\/wp\/v2\/media?parent=8901"}],"wp:term":[{"taxonomy":"product_brand","embeddable":true,"href":"https:\/\/apotekar-online.rs\/en\/wp-json\/wp\/v2\/product_brand?post=8901"},{"taxonomy":"product_cat","embeddable":true,"href":"https:\/\/apotekar-online.rs\/en\/wp-json\/wp\/v2\/product_cat?post=8901"},{"taxonomy":"product_tag","embeddable":true,"href":"https:\/\/apotekar-online.rs\/en\/wp-json\/wp\/v2\/product_tag?post=8901"}],"curies":[{"name":"wp","href":"https:\/\/api.w.org\/{rel}","templated":true}]}}