{"id":8907,"date":"2026-03-10T09:21:44","date_gmt":"2026-03-10T11:21:44","guid":{"rendered":"https:\/\/apotekar-online.rs\/?post_type=product&#038;p=8907"},"modified":"2026-03-10T09:21:45","modified_gmt":"2026-03-10T11:21:45","slug":"hipp-sok-jabuka-i-crveni-plodovi-200-ml","status":"publish","type":"product","link":"https:\/\/apotekar-online.rs\/en\/p\/hipp-sok-jabuka-i-crveni-plodovi-200-ml\/","title":{"rendered":"Hipp sok jabuka i crveni plodovi 200 ml"},"content":{"rendered":"","protected":false},"excerpt":{"rendered":"<div class=\"wysiwyg\">\n<h5>Product description<\/h5>\n<p>Hipp sok je organski proizvod. Sadr\u017ei kombinaciju vo\u0107a (jabuku, ribizlu, crveno gro\u017e\u0111e i aroniju). Ne sadr\u017ei dodate \u0161e\u0107ere i bogat je vitaminom C. Preporu\u010duje se bebama od \u010detvrtog meseca.<\/p>\n<h5>Dosage and method of administration<\/h5>\n<p>Koristiti kao u\u017einu ili za osve\u017eenje beba i dece u toku dana.<\/p>\n<h5>Composition<\/h5>\n<p>Jabuka, crveno gro\u017e\u0111e, aronija i\u00a0ribizla. Ne sadr\u017ei konzervanse, arome i ve\u0161ta\u010dke boje.<\/p>\n<\/div>\n<div class=\"product-info\">\n<h3 class=\"title\"><i class=\"icon-clipboard mr-1\" aria-hidden=\"true\"><\/i>\u00a0Additional information<\/h3>\n<table class=\"info-table\">\n<tbody>\n<tr>\n<th>Manufacturer:<\/th>\n<td><a href=\"https:\/\/benu.rs\/hipp-1638954920-old\">Hipp<\/a><\/td>\n<\/tr>\n<tr>\n<th>Brend:<\/th>\n<td><a href=\"https:\/\/benu.rs\/hipp\">Hipp<\/a><\/td>\n<\/tr>\n<tr>\n<th>Features:<\/th>\n<td>Hipp sok je organski proizvod. Sadr\u017ei kombinaciju vo\u0107a (jabuku, crvenu ribizlu, gro\u017e\u0111e i aroniju). Nema dodatak \u0161e\u0107era i bogat je vitaminom C. Preporu\u010duje se bebama od \u010detvrtog meseca.<\/td>\n<\/tr>\n<tr>\n<th>Osobine artikla:<\/th>\n<td>100% vo\u0107ni sok.<\/td>\n<\/tr>\n<tr>\n<th>Osobine artikla:<\/th>\n<td>Idealan izvor vitamina.<\/td>\n<\/tr>\n<\/tbody>\n<\/table>\n<\/div>","protected":false},"featured_media":8908,"template":"","meta":[],"product_brand":[3222],"product_cat":[340,369],"product_tag":[657,3244,1517,1040,245],"class_list":{"0":"post-8907","1":"product","2":"type-product","3":"status-publish","4":"has-post-thumbnail","6":"product_brand-hipp","7":"product_cat-deciji-program","8":"product_cat-decija-hrana","9":"product_tag-aronija","10":"product_tag-crvena-ribizla","11":"product_tag-grozdje","12":"product_tag-jabuka","13":"product_tag-vitamin-c","15":"first","16":"instock","17":"shipping-taxable","18":"purchasable","19":"product-type-simple"},"ams_default_variation_id":0,"ams_product_points_reward":[],"ams_product_discount_percentage":0,"ams_price_to_display":221,"ams_acf":[],"jetpack_sharing_enabled":true,"_links":{"self":[{"href":"https:\/\/apotekar-online.rs\/en\/wp-json\/wp\/v2\/product\/8907","targetHints":{"allow":["GET"]}}],"collection":[{"href":"https:\/\/apotekar-online.rs\/en\/wp-json\/wp\/v2\/product"}],"about":[{"href":"https:\/\/apotekar-online.rs\/en\/wp-json\/wp\/v2\/types\/product"}],"wp:featuredmedia":[{"embeddable":true,"href":"https:\/\/apotekar-online.rs\/en\/wp-json\/wp\/v2\/media\/8908"}],"wp:attachment":[{"href":"https:\/\/apotekar-online.rs\/en\/wp-json\/wp\/v2\/media?parent=8907"}],"wp:term":[{"taxonomy":"product_brand","embeddable":true,"href":"https:\/\/apotekar-online.rs\/en\/wp-json\/wp\/v2\/product_brand?post=8907"},{"taxonomy":"product_cat","embeddable":true,"href":"https:\/\/apotekar-online.rs\/en\/wp-json\/wp\/v2\/product_cat?post=8907"},{"taxonomy":"product_tag","embeddable":true,"href":"https:\/\/apotekar-online.rs\/en\/wp-json\/wp\/v2\/product_tag?post=8907"}],"curies":[{"name":"wp","href":"https:\/\/api.w.org\/{rel}","templated":true}]}}