{"id":8913,"date":"2026-03-10T09:38:57","date_gmt":"2026-03-10T11:38:57","guid":{"rendered":"https:\/\/apotekar-online.rs\/?post_type=product&#038;p=8913"},"modified":"2026-03-10T09:38:57","modified_gmt":"2026-03-10T11:38:57","slug":"hipp-sok-sljiva-i-kruska-200ml","status":"publish","type":"product","link":"https:\/\/apotekar-online.rs\/en\/p\/hipp-sok-sljiva-i-kruska-200ml\/","title":{"rendered":"Hipp sok \u0161ljiva i kru\u0161ka 200ml"},"content":{"rendered":"","protected":false},"excerpt":{"rendered":"<div>\n<div class=\"cn kz la ds cl lb\" data-dmid=\"Opis proizvoda-header-content\">Product description<\/div>\n<\/div>\n<div class=\"ac fr fb ld le ek lf\" data-dmid=\"Opis proizvoda-content\">\n<div class=\"flex flex-col gap-m mt-xxxs\">\n<div>\n<ul class=\"flex flex-col gap-xxs m-0 pl-xs\">\n<li>Ukus: \u0161ljiva i kru\u0161ka<\/li>\n<li>Organski proizvod<\/li>\n<li>Sadr\u017ei vitamin C<\/li>\n<li>Gluten free<\/li>\n<li>Bez dodataka aroma, boja i konzervanasa<\/li>\n<\/ul>\n<\/div>\n<div>\n<div class=\"whitespace-pre-line\">\n<div>HiPP ORGANIC vo\u0107ni nektar sa \u0161ljivom i kru\u0161kom pru\u017ea osve\u017eenje Va\u0161im mali\u0161anima! HiPP ORGANIC vo\u0107ni nektar sa \u0161ljivom i kru\u0161kom sadr\u017ei samo visokokvalitetne, pa\u017eljivo odabrane sastojke iz organske proizvodnje i pogodan je za bebe od 4. meseca. Oboga\u0107en je sa vitaminom C i ne sadr\u017ei dodatke \u0161e\u0107era, arome, konzervansa i ve\u0161ta\u010dkih boja. Zahvaljuju\u0107i prijatnom i blagom ukusu, HiPP ORGANIC vo\u0107ni nektar sa \u0161ljivom i kru\u0161kom je idealna u\u017eina za Va\u0161e mali\u0161ane.<\/div>\n<\/div>\n<\/div>\n<\/div>\n<\/div>","protected":false},"featured_media":8914,"template":"","meta":[],"product_brand":[3222],"product_cat":[340,369],"product_tag":[1514,686,245],"class_list":{"0":"post-8913","1":"product","2":"type-product","3":"status-publish","4":"has-post-thumbnail","6":"product_brand-hipp","7":"product_cat-deciji-program","8":"product_cat-decija-hrana","9":"product_tag-kruska","10":"product_tag-sljiva","11":"product_tag-vitamin-c","13":"first","14":"instock","15":"shipping-taxable","16":"purchasable","17":"product-type-simple"},"ams_default_variation_id":0,"ams_product_points_reward":[],"ams_product_discount_percentage":0,"ams_price_to_display":221,"ams_acf":[],"jetpack_sharing_enabled":true,"_links":{"self":[{"href":"https:\/\/apotekar-online.rs\/en\/wp-json\/wp\/v2\/product\/8913","targetHints":{"allow":["GET"]}}],"collection":[{"href":"https:\/\/apotekar-online.rs\/en\/wp-json\/wp\/v2\/product"}],"about":[{"href":"https:\/\/apotekar-online.rs\/en\/wp-json\/wp\/v2\/types\/product"}],"wp:featuredmedia":[{"embeddable":true,"href":"https:\/\/apotekar-online.rs\/en\/wp-json\/wp\/v2\/media\/8914"}],"wp:attachment":[{"href":"https:\/\/apotekar-online.rs\/en\/wp-json\/wp\/v2\/media?parent=8913"}],"wp:term":[{"taxonomy":"product_brand","embeddable":true,"href":"https:\/\/apotekar-online.rs\/en\/wp-json\/wp\/v2\/product_brand?post=8913"},{"taxonomy":"product_cat","embeddable":true,"href":"https:\/\/apotekar-online.rs\/en\/wp-json\/wp\/v2\/product_cat?post=8913"},{"taxonomy":"product_tag","embeddable":true,"href":"https:\/\/apotekar-online.rs\/en\/wp-json\/wp\/v2\/product_tag?post=8913"}],"curies":[{"name":"wp","href":"https:\/\/api.w.org\/{rel}","templated":true}]}}