{"id":8963,"date":"2026-03-24T15:18:57","date_gmt":"2026-03-24T17:18:57","guid":{"rendered":"https:\/\/apotekar-online.rs\/?post_type=product&#038;p=8963"},"modified":"2026-03-24T15:19:39","modified_gmt":"2026-03-24T17:19:39","slug":"maxmedica-good-bye-kilogrami-30-kesica","status":"publish","type":"product","link":"https:\/\/apotekar-online.rs\/en\/p\/maxmedica-good-bye-kilogrami-30-kesica\/","title":{"rendered":"MaxMedica Good-bye kilogrami, 30 kesica"},"content":{"rendered":"","protected":false},"excerpt":{"rendered":"<div class=\"wysiwyg\">\n<h5><strong>Product description<\/strong><\/h5>\n<p>Originalna formulacija sa 5 aktivnih sastojaka koji sinergisti\u010dki doprinose regulaciji telesne te\u017eine i gubitku vi\u0161ka kilograma.\u00a0Ova pa\u017eljivo odabrana kombinacija biolo\u0161ki aktivnih jedinjenja uz pravilnu ishranu i redovnu fizi\u010dku aktivnost mo\u017ee doprineti kontroli telesne te\u017eine na zdrav i prirodan na\u010din, bez ose\u0107aja iscrpljenosti, umora i malaksalosti, kao i bez jo-jo efekta. Sadr\u017ei L-karnitin, bromelain, hrom, ekstrakte ploda\u00a0garsinija\u00a0i lista zelenog \u010daja.\u00a0Ekstrakt garsinija\u00a0uz energetski restriktivnu dijetu doprinosi gubitku telesne mase i normalnom metabolizmu masti.\u00a0Hrom\u00a0doprinosi odr\u017eavanju normalnog nivoa glukoze u krvi i normalnom metabolizmu makronutrijenata.\u00a0L-karnitin\u00a0pobolj\u0161ava energetski metabolizam. Bromelain\u00a0doprinosi normalnom varenju, hidrolizi proteina, drena\u017ei tkiva, kao i postizanju i odr\u017eavanju normalne telesne te\u017eine.\u00a0Ekstrakt zelenog \u010daja\u00a0sadr\u017ei katehine koji deluju antioksidativno. Primena proizvoda preporu\u010duje se kod redukcije\u00a0telesne te\u017eine, detoksikacije\u00a0organizma, za ubrzavanje metabolizma, kao pomo\u0107 u regulaciji nivoa \u0161e\u0107era i masti u krvi, sportistima i rekreativcima.<\/p>\n<p><strong>Dosage and method of administration<\/strong><\/p>\n<p>Jednu kesicu dnevno rastvoriti u 100-200 ml vode, rashla\u0111enog \u010daja ili soka od ce\u0111enog vo\u0107a i popiti 30 minuta pre glavnog obroka ili pre treninga ukoliko se osoba rekreativno ili profesionalno bavi sportom.<\/p>\n<p><strong>Composition<\/strong><\/p>\n<p>L-karnitin (L-karnitin L-tartarat), bromelain (poreklom iz ananasa,\u00a0Ananas comosus), suvi ekstrakt ploda\u00a0garsinija\u00a0(Garcinia cambogia), suvi ekstrakt lista zelenog \u010daja (Camellia sinensis), hrom (hrom (III) &#8211; pikolinat).<\/p>\n<\/div>\n<div class=\"product-info\">\n<h3 class=\"title\"><i class=\"icon-clipboard mr-1\" aria-hidden=\"true\"><\/i>\u00a0Additional information<\/h3>\n<table class=\"info-table\">\n<tbody>\n<tr>\n<th>Manufacturer:<\/th>\n<td><a href=\"https:\/\/benu.rs\/mmglobal\">Mmglobal<\/a><\/td>\n<\/tr>\n<tr>\n<th>Brend:<\/th>\n<td><a href=\"https:\/\/benu.rs\/max-medica\">Max Medica<\/a><\/td>\n<\/tr>\n<tr>\n<th>Features:<\/th>\n<td>Originalna formulacija sa 5 aktivnih sastojaka koji sinergisti\u010dki doprinose regulaciji telesne te\u017eine i gubitku vi\u0161ka kilograma.<\/td>\n<\/tr>\n<tr>\n<th>Osobine artikla:<\/th>\n<td>Mr\u0161avljenje bez ose\u0107aja iscrpljenosti, umora i malaksalosti.<\/td>\n<\/tr>\n<tr>\n<th>Osobine artikla:<\/th>\n<td>Samo jedna kesica dnevno.<\/td>\n<\/tr>\n<\/tbody>\n<\/table>\n<\/div>","protected":false},"featured_media":8964,"template":"","meta":[],"product_brand":[],"product_cat":[3054],"product_tag":[1709,1508,3273,3272,3274,359],"class_list":{"0":"post-8963","1":"product","2":"type-product","3":"status-publish","4":"has-post-thumbnail","6":"product_cat-akcija","7":"product_tag-betty","8":"product_tag-bromelain","9":"product_tag-garsinija","10":"product_tag-l-karnitin","11":"product_tag-pikolinat","12":"product_tag-super-petak","14":"first","15":"instock","16":"shipping-taxable","17":"purchasable","18":"product-type-simple"},"ams_default_variation_id":0,"ams_product_points_reward":[],"ams_product_discount_percentage":0,"ams_price_to_display":2484,"ams_acf":[],"jetpack_sharing_enabled":true,"_links":{"self":[{"href":"https:\/\/apotekar-online.rs\/en\/wp-json\/wp\/v2\/product\/8963","targetHints":{"allow":["GET"]}}],"collection":[{"href":"https:\/\/apotekar-online.rs\/en\/wp-json\/wp\/v2\/product"}],"about":[{"href":"https:\/\/apotekar-online.rs\/en\/wp-json\/wp\/v2\/types\/product"}],"wp:featuredmedia":[{"embeddable":true,"href":"https:\/\/apotekar-online.rs\/en\/wp-json\/wp\/v2\/media\/8964"}],"wp:attachment":[{"href":"https:\/\/apotekar-online.rs\/en\/wp-json\/wp\/v2\/media?parent=8963"}],"wp:term":[{"taxonomy":"product_brand","embeddable":true,"href":"https:\/\/apotekar-online.rs\/en\/wp-json\/wp\/v2\/product_brand?post=8963"},{"taxonomy":"product_cat","embeddable":true,"href":"https:\/\/apotekar-online.rs\/en\/wp-json\/wp\/v2\/product_cat?post=8963"},{"taxonomy":"product_tag","embeddable":true,"href":"https:\/\/apotekar-online.rs\/en\/wp-json\/wp\/v2\/product_tag?post=8963"}],"curies":[{"name":"wp","href":"https:\/\/api.w.org\/{rel}","templated":true}]}}