{"id":8969,"date":"2026-03-24T15:45:51","date_gmt":"2026-03-24T17:45:51","guid":{"rendered":"https:\/\/apotekar-online.rs\/?post_type=product&#038;p=8969"},"modified":"2026-04-01T00:00:10","modified_gmt":"2026-04-01T02:00:10","slug":"magnevital-magnezijum-400-mg-vit-b6-30-kapsula","status":"publish","type":"product","link":"https:\/\/apotekar-online.rs\/en\/p\/magnevital-magnezijum-400-mg-vit-b6-30-kapsula\/","title":{"rendered":"Magnevital Magnezijum 400 mg + vit B6, 30 kapsula"},"content":{"rendered":"","protected":false},"excerpt":{"rendered":"<div class=\"entry-content article-product-content\">\n<p><strong>AGNEVITAL\u00ae Magnezijum 400 mg + B6<\/strong>\u00a0kapsule sadr\u017ee\u00a0<strong>400 mg<\/strong>\u00a0\u010distog magnezijuma koji smanjuje napetost i gr\u010deve u mi\u0161i\u0107ima, dok je<strong>\u00a0vitamin B6<\/strong>\u00a0neophodan za o\u010duvanje zdravlja srca, nervnog iimunog sistema.<\/p>\n<p>MAGNEVITAL\u00ae kapsule sadr\u017ee\u00a0<strong>magnezijum visoke \u010disto\u0107e, dobijen iz morske vode<\/strong>\u00a0pomo\u0107u napredne japanske tehnologije \u2013 za prirodnu energiju i ravnote\u017eu organizma.\u00a0MAGNEVITAL\u00ae kapsule su pravi izbor kada \u017eelite da:<\/p>\n<ul data-start=\"53\" data-end=\"376\" data-is-last-node=\"\" data-is-only-node=\"\">\n<li data-start=\"53\" data-end=\"86\">smanjite umor i iscrpljenost,<\/li>\n<li data-start=\"87\" data-end=\"137\">pobolj\u0161ate koncentraciju i mentalnu otpornost,<\/li>\n<li data-start=\"138\" data-end=\"194\">podr\u017eite pravilnu funkciju mi\u0161i\u0107a i nervnog sistema,<\/li>\n<li data-start=\"240\" data-end=\"268\">olak\u0161ate simptome PMS-a,<\/li>\n<li data-start=\"269\" data-end=\"306\">uravnote\u017eite hormonsku aktivnost,<\/li>\n<li data-start=\"307\" data-end=\"376\" data-is-last-node=\"\">i sa\u010duvate vitalnost tokom poja\u010danog fizi\u010dkog ili psihi\u010dkog napora.<\/li>\n<\/ul>\n<\/div>\n<div class=\"summary entry-summary\"><\/div>\n<div class=\"woocommerce-tabs wc-tabs-wrapper\">\n<ul class=\"tabs wc-tabs\" role=\"tablist\">\n<li id=\"tab-title-ingredients\" class=\"ingredients_tab active\" role=\"tab\" aria-controls=\"tab-ingredients\"><a href=\"https:\/\/www.esensa.rs\/proizvodi\/magnevital-magnezijum-400-mg-vit-b6-30-kapsula\/#tab-ingredients\">Composition<\/a><\/li>\n<li id=\"tab-title-effects\" class=\"effects_tab\" role=\"tab\" aria-controls=\"tab-effects\"><a href=\"https:\/\/www.esensa.rs\/proizvodi\/magnevital-magnezijum-400-mg-vit-b6-30-kapsula\/#tab-effects\">Acting<\/a><\/li>\n<li id=\"tab-title-purpose\" class=\"purpose_tab\" role=\"tab\" aria-controls=\"tab-purpose\"><a href=\"https:\/\/www.esensa.rs\/proizvodi\/magnevital-magnezijum-400-mg-vit-b6-30-kapsula\/#tab-purpose\">On me<\/a><\/li>\n<li id=\"tab-title-instructions\" class=\"instructions_tab\" role=\"tab\" aria-controls=\"tab-instructions\"><a href=\"https:\/\/www.esensa.rs\/proizvodi\/magnevital-magnezijum-400-mg-vit-b6-30-kapsula\/#tab-instructions\">User Guide<\/a><\/li>\n<li id=\"tab-title-additional_information\" class=\"additional_information_tab\" role=\"tab\" aria-controls=\"tab-additional_information\"><a href=\"https:\/\/www.esensa.rs\/proizvodi\/magnevital-magnezijum-400-mg-vit-b6-30-kapsula\/#tab-additional_information\">Additional information<\/a><\/li>\n<\/ul>\n<div id=\"tab-ingredients\" class=\"woocommerce-Tabs-panel woocommerce-Tabs-panel--ingredients panel entry-content wc-tab\" role=\"tabpanel\" aria-labelledby=\"tab-title-ingredients\">\n<p>Magnezijum (u obliku magnezijum-oksida)\u00a0 400 mg (107%*)<\/p>\n<p>Vitamin B6 (piridoksin-hidrohlorid)\u00a0 5 mg (357%*)<\/p>\n<\/div>\n<\/div>","protected":false},"featured_media":8970,"template":"","meta":[],"product_brand":[3091],"product_cat":[3054,77],"product_tag":[1709,349,232],"class_list":{"0":"post-8969","1":"product","2":"type-product","3":"status-publish","4":"has-post-thumbnail","6":"product_brand-esensa","7":"product_cat-akcija","8":"product_cat-imunitet","9":"product_tag-betty","10":"product_tag-morska-voda","11":"product_tag-vitamin-b6","13":"first","14":"instock","15":"sale","16":"shipping-taxable","17":"purchasable","18":"product-type-simple"},"ams_default_variation_id":0,"ams_product_points_reward":[],"ams_product_discount_percentage":20,"ams_price_to_display":414,"ams_acf":[],"jetpack_sharing_enabled":true,"_links":{"self":[{"href":"https:\/\/apotekar-online.rs\/en\/wp-json\/wp\/v2\/product\/8969","targetHints":{"allow":["GET"]}}],"collection":[{"href":"https:\/\/apotekar-online.rs\/en\/wp-json\/wp\/v2\/product"}],"about":[{"href":"https:\/\/apotekar-online.rs\/en\/wp-json\/wp\/v2\/types\/product"}],"wp:featuredmedia":[{"embeddable":true,"href":"https:\/\/apotekar-online.rs\/en\/wp-json\/wp\/v2\/media\/8970"}],"wp:attachment":[{"href":"https:\/\/apotekar-online.rs\/en\/wp-json\/wp\/v2\/media?parent=8969"}],"wp:term":[{"taxonomy":"product_brand","embeddable":true,"href":"https:\/\/apotekar-online.rs\/en\/wp-json\/wp\/v2\/product_brand?post=8969"},{"taxonomy":"product_cat","embeddable":true,"href":"https:\/\/apotekar-online.rs\/en\/wp-json\/wp\/v2\/product_cat?post=8969"},{"taxonomy":"product_tag","embeddable":true,"href":"https:\/\/apotekar-online.rs\/en\/wp-json\/wp\/v2\/product_tag?post=8969"}],"curies":[{"name":"wp","href":"https:\/\/api.w.org\/{rel}","templated":true}]}}