{"id":8975,"date":"2026-03-24T16:08:00","date_gmt":"2026-03-24T18:08:00","guid":{"rendered":"https:\/\/apotekar-online.rs\/?post_type=product&#038;p=8975"},"modified":"2026-04-01T00:00:10","modified_gmt":"2026-04-01T02:00:10","slug":"livsane-konjski-balzam-300-ml","status":"publish","type":"product","link":"https:\/\/apotekar-online.rs\/en\/p\/livsane-konjski-balzam-300-ml\/","title":{"rendered":"LIVSANE Konjski balzam 300 ml"},"content":{"rendered":"","protected":false},"excerpt":{"rendered":"<div class=\"wysiwyg\">\n<p><strong>Product description<\/strong><\/p>\n<p>LIVSANE konjski balzam pru\u017ea umirujuc\u0301u\u00a0negu\u00a0nakon izlaganja napornom radu ili sportskim aktivnostima. Poma\u017ee u opu\u0161tanju umornih mi\u0161i\u0107a\u00a0i umirivanju napetosti i bolova\u00a0u zglobovima. Dermatolo\u0161ki ispitan proizvod.<\/p>\n<p><strong>Dosage and method of use<\/strong><\/p>\n<p>Naneti ve\u0107u koli\u010dinu gela na ko\u017eu i ne\u017eno umasirati. Izbegavati kontakt sa o\u010dima i sluzoko\u017eom. Proizvod nije pogodan za upotrebu kod dece.<\/p>\n<p><strong>Composition<\/strong><\/p>\n<p>aqua, alcohol denat., peg-40 hydrogenated castor oil, menthol, camphor, phenoxyethanol, ethylhexylglycerin, carbomer, triethanolamine, CI\u00a042051, CI 15985, CI 75810.<\/p>\n<\/div>\n<div class=\"product-info\">\n<h3 class=\"title\"><i class=\"icon-clipboard mr-1\" aria-hidden=\"true\"><\/i>\u00a0Additional information<\/h3>\n<table class=\"info-table\">\n<tbody>\n<tr>\n<th>Manufacturer:<\/th>\n<td><a href=\"https:\/\/benu.rs\/dr-muller\">DR.MULLER<\/a><\/td>\n<\/tr>\n<tr>\n<th>EAN kod:<\/th>\n<td>4062981005340<\/td>\n<\/tr>\n<tr>\n<th>Brend:<\/th>\n<td><a href=\"https:\/\/benu.rs\/livsane\">LIVSANE<\/a><\/td>\n<\/tr>\n<tr>\n<th>Osobine artikla:<\/th>\n<td>Podsti\u010de cirkulaciju.<\/td>\n<\/tr>\n<tr>\n<th>Osobine artikla:<\/th>\n<td>Ula\u017eava bolove.<\/td>\n<\/tr>\n<tr>\n<th>Osobine artikla:<\/th>\n<td>Pobolj\u0161ava gipkost.<\/td>\n<\/tr>\n<\/tbody>\n<\/table>\n<\/div>","protected":false},"featured_media":8976,"template":"","meta":[],"product_brand":[3090],"product_cat":[3054],"product_tag":[1709,1353,551],"class_list":{"0":"post-8975","1":"product","2":"type-product","3":"status-publish","4":"has-post-thumbnail","6":"product_brand-livsane","7":"product_cat-akcija","8":"product_tag-betty","9":"product_tag-kamfor","10":"product_tag-mentol","12":"first","13":"instock","14":"sale","15":"shipping-taxable","16":"purchasable","17":"product-type-simple"},"ams_default_variation_id":0,"ams_product_points_reward":[],"ams_product_discount_percentage":20,"ams_price_to_display":359.9,"ams_acf":[],"jetpack_sharing_enabled":true,"_links":{"self":[{"href":"https:\/\/apotekar-online.rs\/en\/wp-json\/wp\/v2\/product\/8975","targetHints":{"allow":["GET"]}}],"collection":[{"href":"https:\/\/apotekar-online.rs\/en\/wp-json\/wp\/v2\/product"}],"about":[{"href":"https:\/\/apotekar-online.rs\/en\/wp-json\/wp\/v2\/types\/product"}],"wp:featuredmedia":[{"embeddable":true,"href":"https:\/\/apotekar-online.rs\/en\/wp-json\/wp\/v2\/media\/8976"}],"wp:attachment":[{"href":"https:\/\/apotekar-online.rs\/en\/wp-json\/wp\/v2\/media?parent=8975"}],"wp:term":[{"taxonomy":"product_brand","embeddable":true,"href":"https:\/\/apotekar-online.rs\/en\/wp-json\/wp\/v2\/product_brand?post=8975"},{"taxonomy":"product_cat","embeddable":true,"href":"https:\/\/apotekar-online.rs\/en\/wp-json\/wp\/v2\/product_cat?post=8975"},{"taxonomy":"product_tag","embeddable":true,"href":"https:\/\/apotekar-online.rs\/en\/wp-json\/wp\/v2\/product_tag?post=8975"}],"curies":[{"name":"wp","href":"https:\/\/api.w.org\/{rel}","templated":true}]}}