{"id":9038,"date":"2026-04-04T17:58:45","date_gmt":"2026-04-04T19:58:45","guid":{"rendered":"https:\/\/apotekar-online.rs\/?post_type=product&#038;p=9038"},"modified":"2026-04-05T16:20:38","modified_gmt":"2026-04-05T18:20:38","slug":"fervex-phyto-sprej-za-grlo-30ml","status":"publish","type":"product","link":"https:\/\/apotekar-online.rs\/en\/p\/fervex-phyto-sprej-za-grlo-30ml\/","title":{"rendered":"Fervex Phyto sprej za grlo 30ml"},"content":{"rendered":"","protected":false},"excerpt":{"rendered":"<p>Umiruje i tretira bol u grlu za samo 5 minuta.<\/p>\n<p>Sprej, 30 ml<\/p>\n<p>Ekstrakt lista br\u0161ljana i plodova crne ribizle, esencijalna ulja nane, ruzmarina i timijana<\/p>\n<p>Namenjen odraslima i deci starijoj od 12 godina<\/p>\n<p>&nbsp;<\/p>\n<p>\u0160iroki spektar delovanja: umiruje, tretira, \u010disti povr\u0161inu grla, stimuli\u0161e regeneraciju, stvara za\u0161titni sloj<\/p>\n<p>Deluje lokalno<\/p>\n<p>&nbsp;<\/p>\n<div class=\"elementor-element elementor-element-13d10c29 elementor-widget elementor-widget-text-editor\" data-id=\"13d10c29\" data-element_type=\"widget\" data-e-type=\"widget\" data-widget_type=\"text-editor.default\">\n<div class=\"elementor-widget-container\">\n<p>Indications<\/p>\n<\/div>\n<\/div>\n<div class=\"elementor-element elementor-element-5f7fc03 elementor-widget elementor-widget-text-editor\" data-id=\"5f7fc03\" data-element_type=\"widget\" data-e-type=\"widget\" data-widget_type=\"text-editor.default\">\n<div class=\"elementor-widget-container\">\n<p>Klini\u010dki rezultati pokazuju brzo i primetno smanjenje bol u grlu, iritacije, crvenila i otoka i beli\u010dastih naslaga na povr\u0161ini grla<\/p>\n<div class=\"elementor-element elementor-element-55559ade elementor-widget elementor-widget-text-editor\" data-id=\"55559ade\" data-element_type=\"widget\" data-e-type=\"widget\" data-widget_type=\"text-editor.default\">\n<div class=\"elementor-widget-container\">\n<p>Action<\/p>\n<\/div>\n<\/div>\n<div class=\"elementor-element elementor-element-2b28f1d0 elementor-widget elementor-widget-text-editor\" data-id=\"2b28f1d0\" data-element_type=\"widget\" data-e-type=\"widget\" data-widget_type=\"text-editor.default\">\n<div class=\"elementor-widget-container\">\n<p>Za\u0161titni te\u010dni film u spreju za tretman upale grla<\/p>\n<div class=\"elementor-element elementor-element-3efaf992 elementor-widget elementor-widget-text-editor\" data-id=\"3efaf992\" data-element_type=\"widget\" data-e-type=\"widget\" data-widget_type=\"text-editor.default\">\n<div class=\"elementor-widget-container\">\n<p>Composition<\/p>\n<\/div>\n<\/div>\n<div class=\"elementor-element elementor-element-5c723ce1 elementor-widget elementor-widget-text-editor\" data-id=\"5c723ce1\" data-element_type=\"widget\" data-e-type=\"widget\" data-widget_type=\"text-editor.default\">\n<div class=\"elementor-widget-container\">\n<p>Glycerol (62%),ekstrakt lista br\u0161ljena i plodova crne ribizle, esencijalna ulja nane, timijana i ruzmarina<\/p>\n<div class=\"elementor-element elementor-element-59f41a96 elementor-widget elementor-widget-text-editor\" data-id=\"59f41a96\" data-element_type=\"widget\" data-e-type=\"widget\" data-widget_type=\"text-editor.default\">\n<div class=\"elementor-widget-container\">\n<p>Na\u010din upotrebe i doziranje<\/p>\n<\/div>\n<\/div>\n<div class=\"elementor-element elementor-element-4d9eb2f6 elementor-widget elementor-widget-text-editor\" data-id=\"4d9eb2f6\" data-element_type=\"widget\" data-e-type=\"widget\" data-widget_type=\"text-editor.default\">\n<div class=\"elementor-widget-container\">\n<p>Samo za lokalnu upotrebu (za grlo) Lagano protresite bo\u010dicu sa rastvorom u spreju, uklonite poklopac, pre prve upotrebe, pripremite pumpu pritiskom na dugme za prskanje jednom ili dva puta. Usmerite mlaznicu bo\u010dice kao \u0161to je prikazano na ilustraciji ispod i pritisnite dugme za prskanje prstom da biste naneli proizvod na gornji deo grla. Prskanjem aplikujte 4\u20135 doza da biste formirali tanak sloj proizvoda na povr\u0161ini grla. Po\u0161to je proizvod viskozan, neke kapi mogu ostati na vrhu prskalice; Nakon svake upotrebe, obri\u0161ite vrh spreja maramicom ili pamu\u010dnim \u0161tapic\u0301em i vratite poklopac na bo\u010dicu. Kod mladih pacijenata, proizvod treba da bude aplikovan od starane odrasle osobe ili barem pod nadzorom odrasle osobe.<\/p>\n<p>Na po\u010detku tretmana, aplikujte sprej svakih 20\u201330 minuta tokom prva 2\u20133 sata , a potom 3-4 puta dnevno<\/p>\n<div class=\"elementor-element elementor-element-d182335 elementor-widget elementor-widget-text-editor\" data-id=\"d182335\" data-element_type=\"widget\" data-e-type=\"widget\" data-widget_type=\"text-editor.default\">\n<div class=\"elementor-widget-container\">\n<p>Contraindications<\/p>\n<\/div>\n<\/div>\n<div class=\"elementor-element elementor-element-4fa91bc7 elementor-widget elementor-widget-text-editor\" data-id=\"4fa91bc7\" data-element_type=\"widget\" data-e-type=\"widget\" data-widget_type=\"text-editor.default\">\n<div class=\"elementor-widget-container\">\n<p>Pre upotrebe pa\u017eljivo pro\u010ditajte uputstvo i po\u0161tujte instrukcije. Proizvod nemojte koristiti du\u017ee od sedam uzastopnih dana. Proverite sastav proizvoda i nemojte ga koristiti ako ste preosetljivi ili alergi\u010dni na bilo koji od sastojaka.<\/p>\n<div class=\"elementor-element elementor-element-23579df9 elementor-widget elementor-widget-text-editor\" data-id=\"23579df9\" data-element_type=\"widget\" data-e-type=\"widget\" data-widget_type=\"text-editor.default\">\n<div class=\"elementor-widget-container\">\n<p>Mere opreza<\/p>\n<\/div>\n<\/div>\n<div class=\"elementor-element elementor-element-734d1527 elementor-widget elementor-widget-text-editor\" data-id=\"734d1527\" data-element_type=\"widget\" data-e-type=\"widget\" data-widget_type=\"text-editor.default\">\n<div class=\"elementor-widget-container\">\n<p>Ne koristiti kod dece mla\u0111e od 12 godina ili kod osoba sa astmom ili te\u0161kim respiratornim bolestima. Iako se svi sastojci u proizvodu nalaze u hrani i kori\u0161c\u0301eni su u veoma malim koli\u010dinama,zbog nedostatka dovoljno detaljnih podataka o bezbednosti, proizvod ne bi trebalo da koriste trudnice ili dojilje bez konsultacija sa lekarom.<\/p>\n<\/div>\n<\/div>\n<\/div>\n<\/div>\n<\/div>\n<\/div>\n<\/div>\n<\/div>\n<\/div>\n<\/div>\n<\/div>\n<\/div>","protected":false},"featured_media":9039,"template":"","meta":[],"product_brand":[3289],"product_cat":[3054],"product_tag":[1709,1979,3198,3291,890,1242],"class_list":{"0":"post-9038","1":"product","2":"type-product","3":"status-publish","4":"has-post-thumbnail","6":"product_brand-upsa","7":"product_cat-akcija","8":"product_tag-betty","9":"product_tag-brsljan","10":"product_tag-crna-ribizla","11":"product_tag-glycerol","12":"product_tag-ruzmarin","13":"product_tag-timijan","15":"first","16":"instock","17":"shipping-taxable","18":"product-type-simple"},"ams_default_variation_id":0,"ams_product_points_reward":[],"ams_product_discount_percentage":0,"ams_price_to_display":0,"ams_acf":[],"jetpack_sharing_enabled":true,"_links":{"self":[{"href":"https:\/\/apotekar-online.rs\/en\/wp-json\/wp\/v2\/product\/9038","targetHints":{"allow":["GET"]}}],"collection":[{"href":"https:\/\/apotekar-online.rs\/en\/wp-json\/wp\/v2\/product"}],"about":[{"href":"https:\/\/apotekar-online.rs\/en\/wp-json\/wp\/v2\/types\/product"}],"wp:featuredmedia":[{"embeddable":true,"href":"https:\/\/apotekar-online.rs\/en\/wp-json\/wp\/v2\/media\/9039"}],"wp:attachment":[{"href":"https:\/\/apotekar-online.rs\/en\/wp-json\/wp\/v2\/media?parent=9038"}],"wp:term":[{"taxonomy":"product_brand","embeddable":true,"href":"https:\/\/apotekar-online.rs\/en\/wp-json\/wp\/v2\/product_brand?post=9038"},{"taxonomy":"product_cat","embeddable":true,"href":"https:\/\/apotekar-online.rs\/en\/wp-json\/wp\/v2\/product_cat?post=9038"},{"taxonomy":"product_tag","embeddable":true,"href":"https:\/\/apotekar-online.rs\/en\/wp-json\/wp\/v2\/product_tag?post=9038"}],"curies":[{"name":"wp","href":"https:\/\/api.w.org\/{rel}","templated":true}]}}