{"id":9051,"date":"2026-04-04T18:47:47","date_gmt":"2026-04-04T20:47:47","guid":{"rendered":"https:\/\/apotekar-online.rs\/?post_type=product&#038;p=9051"},"modified":"2026-04-04T18:47:48","modified_gmt":"2026-04-04T20:47:48","slug":"livsane-biljni-gel-30-ml","status":"publish","type":"product","link":"https:\/\/apotekar-online.rs\/en\/p\/livsane-biljni-gel-30-ml\/","title":{"rendered":"Livsane Biljni gel, 30 ml"},"content":{"rendered":"","protected":false},"excerpt":{"rendered":"<div class=\"wysiwyg\">\n<h2>Product description<\/h2>\n<p>LIVSANE\u00a0Biljni gel se koristi kod bla\u017eih opekotina na manjim povr\u0161inama ko\u017ee,\u00a0kod uboda insekata, kao i kod crvenila ko\u017ee posle brijanja, depilacije i znojenja. Neguje ko\u017eu i ubla\u017eava upalne promene. Sa ekstraktima kantariona, kamilice i aloje.<\/p>\n<h2>Dosage and method of administration<\/h2>\n<p>Nanosi se u tankom sloju, vi\u0161e puta u toku dana.<\/p>\n<h2>Composition<\/h2>\n<p>Aqua, propylene glycol, hypericum perforatum oil extract, aloe vera oil extract, chamomilia recutita flower extract, triethanolamine, carbomer, phenoxyethanol, ethylhexylglycerin.<\/p>\n<p>&nbsp;<\/p>\n<\/div>\n<div class=\"product-info\">\n<h3 class=\"title\"><i class=\"icon-clipboard mr-1\" aria-hidden=\"true\"><\/i>\u00a0Additional information<\/h3>\n<table class=\"info-table\">\n<tbody>\n<tr>\n<th>Manufacturer:<\/th>\n<td><a href=\"https:\/\/benu.rs\/livsane-1612525398\">LIVSANE<\/a><\/td>\n<\/tr>\n<tr>\n<th>EAN kod:<\/th>\n<td>8606017641117<\/td>\n<\/tr>\n<tr>\n<th>Brend:<\/th>\n<td>LIVSANE GALENSKA<\/td>\n<\/tr>\n<tr>\n<th>Linija proizvoda:<\/th>\n<td><a href=\"https:\/\/benu.rs\/livsane-galenska-kozmetika\">LIVSANE Galenska kozmetika<\/a><\/td>\n<\/tr>\n<tr>\n<th>Features:<\/th>\n<td>Koristi se kod bla\u017eih opekotina na manjim povr\u0161inama ko\u017ee,\u00a0kod uboda insekata, kao i kod crvenila ko\u017ee posle brijanja, depilacije i znojenja.<\/td>\n<\/tr>\n<tr>\n<th>Osobine artikla:<\/th>\n<td>Neguje ko\u017eu i ubla\u017eava upalne promene.<\/td>\n<\/tr>\n<tr>\n<th>Osobine artikla:<\/th>\n<td>Sa biljnim ekstraktima.<\/td>\n<\/tr>\n<\/tbody>\n<\/table>\n<\/div>","protected":false},"featured_media":9052,"template":"","meta":[],"product_brand":[3090],"product_cat":[3054],"product_tag":[816,1709,525,3292],"class_list":{"0":"post-9051","1":"product","2":"type-product","3":"status-publish","4":"has-post-thumbnail","6":"product_brand-livsane","7":"product_cat-akcija","8":"product_tag-aloe-vera","9":"product_tag-betty","10":"product_tag-kamilica","11":"product_tag-propilen","13":"first","14":"instock","15":"sale","16":"shipping-taxable","17":"purchasable","18":"product-type-simple"},"ams_default_variation_id":0,"ams_product_points_reward":[],"ams_product_discount_percentage":13.04,"ams_price_to_display":319.2,"ams_acf":[],"jetpack_sharing_enabled":true,"_links":{"self":[{"href":"https:\/\/apotekar-online.rs\/en\/wp-json\/wp\/v2\/product\/9051","targetHints":{"allow":["GET"]}}],"collection":[{"href":"https:\/\/apotekar-online.rs\/en\/wp-json\/wp\/v2\/product"}],"about":[{"href":"https:\/\/apotekar-online.rs\/en\/wp-json\/wp\/v2\/types\/product"}],"wp:featuredmedia":[{"embeddable":true,"href":"https:\/\/apotekar-online.rs\/en\/wp-json\/wp\/v2\/media\/9052"}],"wp:attachment":[{"href":"https:\/\/apotekar-online.rs\/en\/wp-json\/wp\/v2\/media?parent=9051"}],"wp:term":[{"taxonomy":"product_brand","embeddable":true,"href":"https:\/\/apotekar-online.rs\/en\/wp-json\/wp\/v2\/product_brand?post=9051"},{"taxonomy":"product_cat","embeddable":true,"href":"https:\/\/apotekar-online.rs\/en\/wp-json\/wp\/v2\/product_cat?post=9051"},{"taxonomy":"product_tag","embeddable":true,"href":"https:\/\/apotekar-online.rs\/en\/wp-json\/wp\/v2\/product_tag?post=9051"}],"curies":[{"name":"wp","href":"https:\/\/api.w.org\/{rel}","templated":true}]}}