{"id":9085,"date":"2026-04-26T18:59:53","date_gmt":"2026-04-26T20:59:53","guid":{"rendered":"https:\/\/apotekar-online.rs\/?post_type=product&#038;p=9085"},"modified":"2026-04-26T18:59:54","modified_gmt":"2026-04-26T20:59:54","slug":"appetito-sirup-200-ml","status":"publish","type":"product","link":"https:\/\/apotekar-online.rs\/en\/p\/appetito-sirup-200-ml\/","title":{"rendered":"Appetito sirup, 200 ml"},"content":{"rendered":"","protected":false},"excerpt":{"rendered":"<div class=\"wysiwyg\">\n<h5><strong>Product description<\/strong><\/h5>\n<p>Appetito sirup, zahvaljuju\u0107i jedinstvenoj kombinaciji biljnih ekstrakata, pove\u0107ava apetit na efikasan i bezbedan na\u010din. Polen i gr\u010dko seme doprinose\u00a0normalnom apetitu, a koren gencijane i herba ki\u010dice i gr\u010dko seme doprinose normalnoj funkciji digestivnog trakta.\u00a0Proizvod je najbolje koristiti pre obroka. Ta\u010dnu dozu odmeriti pomo\u0107u prilo\u017eene\u00a0merne posude.\u00a0Sirup se mo\u017ee koristiti rastvoren u \u010da\u0161i vode, \u010daja ili soka.\u00a0Pre upotrebe, promu\u0107kati bo\u010dicu.<\/p>\n<h5><strong>Dosage and method of administration<\/strong><\/h5>\n<p>Deca od jedne do tri godina: 15 ml dnevno, samo uz preporuku lekara ili farmaceuta. Deca od tri do \u0161est godina: 15 ml dva puta dnevno. Deca starija od \u0161est godina i odrasli: 15 ml tri puta dnevno.<\/p>\n<p><strong>Composition<\/strong><\/p>\n<p>fruktoza, koncentrovani sok jabuke, demineralizovana voda,vodeno-glicerolski ekstrakt p\u0161eni\u010dnih klica, vodeno-glicerolski ekstrakt polena, vodeno-glicerolski ekstrakt korena lincure,vodeno-glicerolski ekstrakt herbe ki\u010dice, suvi ekstrakt gr\u010dkog semena, konzervans: kalijum-sorbat;regulator kiselosti: limunska kiselina.<\/p>\n<\/div>\n<div class=\"product-info\">\n<h3 class=\"title\"><i class=\"icon-clipboard mr-1\" aria-hidden=\"true\"><\/i>\u00a0Additional information<\/h3>\n<table class=\"info-table\">\n<tbody>\n<tr>\n<th>Manufacturer:<\/th>\n<td><a href=\"https:\/\/benu.rs\/pharmalife-1612525145\">Pharmalife<\/a><\/td>\n<\/tr>\n<tr>\n<th>EAN kod:<\/th>\n<td>8,05113E+12<\/td>\n<\/tr>\n<tr>\n<th>Brend:<\/th>\n<td><a href=\"https:\/\/benu.rs\/pharmalife\">Pharmalife<\/a><\/td>\n<\/tr>\n<tr>\n<th>Features:<\/th>\n<td>Dodatak ishrani sa polenom i biljnim ekstraktima.<\/td>\n<\/tr>\n<tr>\n<th>Osobine artikla:<\/th>\n<td>Stimuli\u0161e apetit.<\/td>\n<\/tr>\n<tr>\n<th>Osobine artikla:<\/th>\n<td>Pogodan za decu i odrasle.<\/td>\n<\/tr>\n<\/tbody>\n<\/table>\n<\/div>","protected":false},"featured_media":9086,"template":"","meta":[],"product_brand":[3068],"product_cat":[3054],"product_tag":[1709,3299,3298],"class_list":{"0":"post-9085","1":"product","2":"type-product","3":"status-publish","4":"has-post-thumbnail","6":"product_brand-pharmalife","7":"product_cat-akcija","8":"product_tag-betty","9":"product_tag-herba-kicica","10":"product_tag-koren-lincure","12":"first","13":"instock","14":"shipping-taxable","15":"purchasable","16":"product-type-simple"},"ams_default_variation_id":0,"ams_product_points_reward":[],"ams_product_discount_percentage":0,"ams_price_to_display":1069.5,"ams_acf":[],"jetpack_sharing_enabled":true,"_links":{"self":[{"href":"https:\/\/apotekar-online.rs\/en\/wp-json\/wp\/v2\/product\/9085","targetHints":{"allow":["GET"]}}],"collection":[{"href":"https:\/\/apotekar-online.rs\/en\/wp-json\/wp\/v2\/product"}],"about":[{"href":"https:\/\/apotekar-online.rs\/en\/wp-json\/wp\/v2\/types\/product"}],"wp:featuredmedia":[{"embeddable":true,"href":"https:\/\/apotekar-online.rs\/en\/wp-json\/wp\/v2\/media\/9086"}],"wp:attachment":[{"href":"https:\/\/apotekar-online.rs\/en\/wp-json\/wp\/v2\/media?parent=9085"}],"wp:term":[{"taxonomy":"product_brand","embeddable":true,"href":"https:\/\/apotekar-online.rs\/en\/wp-json\/wp\/v2\/product_brand?post=9085"},{"taxonomy":"product_cat","embeddable":true,"href":"https:\/\/apotekar-online.rs\/en\/wp-json\/wp\/v2\/product_cat?post=9085"},{"taxonomy":"product_tag","embeddable":true,"href":"https:\/\/apotekar-online.rs\/en\/wp-json\/wp\/v2\/product_tag?post=9085"}],"curies":[{"name":"wp","href":"https:\/\/api.w.org\/{rel}","templated":true}]}}