{"id":9089,"date":"2026-04-27T18:41:17","date_gmt":"2026-04-27T20:41:17","guid":{"rendered":"https:\/\/apotekar-online.rs\/?post_type=product&#038;p=9089"},"modified":"2026-04-27T18:53:24","modified_gmt":"2026-04-27T20:53:24","slug":"hydrostar-prasak-napitak-za-rehidraciju-12-kesica","status":"publish","type":"product","link":"https:\/\/apotekar-online.rs\/en\/p\/hydrostar-prasak-napitak-za-rehidraciju-12-kesica\/","title":{"rendered":"Hydrostar pra\u0161ak napitak za rehidraciju, 12 kesica"},"content":{"rendered":"","protected":false},"excerpt":{"rendered":"<p>Hydrostar napitak predstavlja idealnu kombinaciju glukoze i elektrolita koja obezbe\u0111uje optimalnu rehidraciju pre, tokom i nakon sportske ili bilo koje druge fizi\u010dke aktivnosti.Preporu\u010duje se profesionalnim sportista, kao i rekreativcima.<\/p>\n<p>&nbsp;<\/p>\n<ul class=\"product data items flex flex-col gap-y-6\">\n<li class=\"p-16 rounded-xl drop-shadow-card cursor-pointer\">\n<div id=\"tab-label-product.purpose\" class=\"data item title flex justify-between items-center\" aria-labeledby=\"tab-label-product.purpose-title\" data-role=\"collapsible\">\n<p id=\"tab-label-product.purpose-title\" class=\"data switch text-body text-neutral-700 font-medium\" tabindex=\"-1\">Purpose<\/p>\n<p tabindex=\"-1\">Za postizanje optimalne hidracije<br \/>\nza energiju i pove\u0107avanje izdr\u017eljivosti tokom treninga<br \/>\nza spre\u010davanje pojave simptoma dehidracije<br \/>\nsportistima i rekreativcima<\/p>\n<\/div>\n<div class=\"overflow-hidden\">\n<div id=\"product.purpose\" class=\"pt-16 data item content text-body text-neutral-700 accordion__show\" data-role=\"content\"><strong>N<\/strong><strong>a\u010din upotrebe<\/strong><\/div>\n<div data-role=\"content\">U slu\u010daju bilo kakve fizi\u010dke aktivnosti koja traje du\u017ee od 30 minuta, potrebno je popiti jednu kesicu koja se razmuti u 500 ml vode.<\/div>\n<\/div>\n<div data-role=\"content\"><strong>Composition<\/strong><\/div>\n<p>glukoza, natrijum, magnezijum, kalijum<\/li>\n<\/ul>\n<p>Zahvaljuju\u0107i izbalansiranom sadr\u017eaju sastojaka, ovaj napitak sa prirodnom aromom mandarine, spre\u010dava pojavu simptoma dehidracije i umora, obezbe\u0111uju\u0107i ravnote\u017eu izme\u0111u unosa i gubitka vode.<\/p>","protected":false},"featured_media":9090,"template":"","meta":[],"product_brand":[],"product_cat":[3054],"product_tag":[1709,3300,488,323,3301],"class_list":{"0":"post-9089","1":"product","2":"type-product","3":"status-publish","4":"has-post-thumbnail","6":"product_cat-akcija","7":"product_tag-betty","8":"product_tag-glukoza","9":"product_tag-kalijum","10":"product_tag-magnezijum","11":"product_tag-natrijum","13":"first","14":"instock","15":"shipping-taxable","16":"purchasable","17":"product-type-simple"},"ams_default_variation_id":0,"ams_product_points_reward":[],"ams_product_discount_percentage":0,"ams_price_to_display":1173,"ams_acf":[],"jetpack_sharing_enabled":true,"_links":{"self":[{"href":"https:\/\/apotekar-online.rs\/en\/wp-json\/wp\/v2\/product\/9089","targetHints":{"allow":["GET"]}}],"collection":[{"href":"https:\/\/apotekar-online.rs\/en\/wp-json\/wp\/v2\/product"}],"about":[{"href":"https:\/\/apotekar-online.rs\/en\/wp-json\/wp\/v2\/types\/product"}],"wp:featuredmedia":[{"embeddable":true,"href":"https:\/\/apotekar-online.rs\/en\/wp-json\/wp\/v2\/media\/9090"}],"wp:attachment":[{"href":"https:\/\/apotekar-online.rs\/en\/wp-json\/wp\/v2\/media?parent=9089"}],"wp:term":[{"taxonomy":"product_brand","embeddable":true,"href":"https:\/\/apotekar-online.rs\/en\/wp-json\/wp\/v2\/product_brand?post=9089"},{"taxonomy":"product_cat","embeddable":true,"href":"https:\/\/apotekar-online.rs\/en\/wp-json\/wp\/v2\/product_cat?post=9089"},{"taxonomy":"product_tag","embeddable":true,"href":"https:\/\/apotekar-online.rs\/en\/wp-json\/wp\/v2\/product_tag?post=9089"}],"curies":[{"name":"wp","href":"https:\/\/api.w.org\/{rel}","templated":true}]}}