{"id":9091,"date":"2026-04-27T18:51:57","date_gmt":"2026-04-27T20:51:57","guid":{"rendered":"https:\/\/apotekar-online.rs\/?post_type=product&#038;p=9091"},"modified":"2026-04-27T18:51:57","modified_gmt":"2026-04-27T20:51:57","slug":"hydrostar-ors-shape-up-eff-a20","status":"publish","type":"product","link":"https:\/\/apotekar-online.rs\/en\/p\/hydrostar-ors-shape-up-eff-a20\/","title":{"rendered":"Hydrostar ors shape up eff A20"},"content":{"rendered":"","protected":false},"excerpt":{"rendered":"<p><strong>ORS Hydrostar \u0161ume\u0107e tablete<\/strong>\u00a0su namenjene za pripremu rastvora koji obezbe\u0111uje brzu i efikasnu nadoknadu te\u010dnosti, glukoze i elektrolita kod lakih i srednje te\u0161kih formi dehidratacije organizma. ORS Hydrostar \u0161ume\u0107e tablete doprinose postizanju optimalnih rezultata kod fizi\u010dkih aktivnosti i specijalno su formulisane da obezbede adekvatnu rehidrataciju i preveniraju dehidrataciju u svim situacijama kada je to neophodno \u2013 kod dijareje i povra\u0107anja, visoke temperature, nakon ve\u017ebanja, tokom putovanja ili kod dehidratacije nastale usled diuretskog dejstva alkoholnih pi\u0107a.<\/p>\n<p>ORS Hydrostar \u0161ume\u0107e tablete predstavljaju jednostavno re\u0161enje za brzu hidrataciju u pokretu, bilo da ste na poslu, idete u teretanu ili se jednostavno ne osec\u0301ate najbolje.<\/p>\n<p><strong>Composition<\/strong><\/p>\n<ul>\n<li>Glukoza<\/li>\n<li>Natrijum<\/li>\n<li>Kalijum<\/li>\n<li>Hloridi&nbsp;<\/li>\n<li>ORS Hydrostar \u0161ume\u0107e tablete doprinose postizanju optimalnih rezultata kod fizi\u010dkih aktivnosti jer voda i elektroliti odr\u017eavaju adekvatan volumen krvi i osmolarnost koji su neophodni za efikasan transport kiseonika i regulaciju krvnog pritiska, doprinose uklanjanju toksina i drugih metaboli\u010dkih produkata, smanjenju umora nastalog usled elektrolitnog disbalansa, regulaciji telesne temperature, kao i odr\u017eavanju pravilnih metaboli\u010dkih i enzimskih funkcija i acidobazne ravnote\u017ee.\n<p>ORS Hydrostar \u0161ume\u0107e tablete sadr\u017ee kalijum koji doprinosi pravilnoj funkciji mi\u0161i\u0107a i nervnog sistema, pa su posebno pogodne za primenu kod osoba koje se bave intenzivnom fizi\u010dkom aktivno\u0161\u0107u. Kalijum doprinosi i obnavljanju energetskih depoa (npr. glikogena u mi\u0161i\u0107ima) tokom perioda oporavka od intenzivnog fizi\u010dkog napora.<\/li>\n<\/ul>\n<p>&nbsp;<\/p>\n<p>Recommended for:<\/p>\n<ul>\n<li>dijareje i\/ili povra\u0107anja<\/li>\n<li>prekomernog znojenja izazvanog visokom telesnom temperaturom<\/li>\n<li>intenzivnog ili dugotrajnog ve\u017ebanja<\/li>\n<li>dehidracije nastale usled diuretskog dejstva alkoholnih pi\u0107a<\/li>\n<\/ul>\n<p>&nbsp;<\/p>\n<p><strong>Way of use:<\/strong>\u00a0Odrasli i deca starija od 11 godina: 1 tabletu rastvoriti u 120 mL (pola \u010da\u0161e) vode, 4 tablete dnevno.<br \/>\nDobijeni rastvor konzumirati polako i \u010desto, kod prvih znakova gubitka te\u010dnosti (u slu\u010daju povrac\u0301anja, dijareje ili visoke temperature), tokom \u010ditavog perioda trajanja simptoma, odnosno, kod svakog napornog treninga ili aktivnosti koja dovodi do dehidratacije usled prekomernog znojenja.<br \/>\nNeiskori\u0161c\u0301eni rastvor baciti nakon 2 sata od pripreme ili posle 24 sata ukoliko se \u010duva u fri\u017eideru.<\/p>","protected":false},"featured_media":9092,"template":"","meta":[],"product_brand":[],"product_cat":[3054],"product_tag":[1709,3300,3302,488,3301],"class_list":{"0":"post-9091","1":"product","2":"type-product","3":"status-publish","4":"has-post-thumbnail","6":"product_cat-akcija","7":"product_tag-betty","8":"product_tag-glukoza","9":"product_tag-hloridi","10":"product_tag-kalijum","11":"product_tag-natrijum","13":"first","14":"instock","15":"shipping-taxable","16":"purchasable","17":"product-type-simple"},"ams_default_variation_id":0,"ams_product_points_reward":[],"ams_product_discount_percentage":0,"ams_price_to_display":524.4,"ams_acf":[],"jetpack_sharing_enabled":true,"_links":{"self":[{"href":"https:\/\/apotekar-online.rs\/en\/wp-json\/wp\/v2\/product\/9091","targetHints":{"allow":["GET"]}}],"collection":[{"href":"https:\/\/apotekar-online.rs\/en\/wp-json\/wp\/v2\/product"}],"about":[{"href":"https:\/\/apotekar-online.rs\/en\/wp-json\/wp\/v2\/types\/product"}],"wp:featuredmedia":[{"embeddable":true,"href":"https:\/\/apotekar-online.rs\/en\/wp-json\/wp\/v2\/media\/9092"}],"wp:attachment":[{"href":"https:\/\/apotekar-online.rs\/en\/wp-json\/wp\/v2\/media?parent=9091"}],"wp:term":[{"taxonomy":"product_brand","embeddable":true,"href":"https:\/\/apotekar-online.rs\/en\/wp-json\/wp\/v2\/product_brand?post=9091"},{"taxonomy":"product_cat","embeddable":true,"href":"https:\/\/apotekar-online.rs\/en\/wp-json\/wp\/v2\/product_cat?post=9091"},{"taxonomy":"product_tag","embeddable":true,"href":"https:\/\/apotekar-online.rs\/en\/wp-json\/wp\/v2\/product_tag?post=9091"}],"curies":[{"name":"wp","href":"https:\/\/api.w.org\/{rel}","templated":true}]}}