{"id":9093,"date":"2026-04-27T19:02:49","date_gmt":"2026-04-27T21:02:49","guid":{"rendered":"https:\/\/apotekar-online.rs\/?post_type=product&#038;p=9093"},"modified":"2026-04-27T19:02:49","modified_gmt":"2026-04-27T21:02:49","slug":"flonivin-forte-10-kapsula","status":"publish","type":"product","link":"https:\/\/apotekar-online.rs\/en\/p\/flonivin-forte-10-kapsula\/","title":{"rendered":"Flonivin Forte, 10 kapsula"},"content":{"rendered":"","protected":false},"excerpt":{"rendered":"<div class=\"wysiwyg\">\n<p><strong>Product description<\/strong><\/p>\n<p>Flonivin\u00a0Forte je dijetetski suplement sa 10 milijardi korisnih bakterija (Lactobacillus acidophilus, Lactobacillus rhamnosus, Bifidobacterium longum) i inulinom. Proizvod je namenjen normalnom funkcionisanju digestivnog sistema.<\/p>\n<h5><strong>Dosage and method of administration<\/strong><\/h5>\n<p>Odrasli i deca starija od 3 godine: jednom dnevno popiti jednu kapsulu pre obroka, bez \u017evakanja i uz dovoljnu koli\u010dinu vode.\u00a0Proizvod ne treba da uzimaju deca sa izrazitom neutropenijom, sepsom, imunokompromitovana deca ili deca obolela od HIV-a, deca sa centralnim venskim kateterom, krvavom dijarejom, na terapiji imunosupresivima, uklju\u010duju\u0107i i decu sa alograftom. Osobe sa posebnim medicinskim stanjima i na medikamentoznoj terapiji, pre upotrebe ovog proizvoda treba da konsultuju lekara ili farmaceuta.<\/p>\n<h5><strong>Composition<\/strong><\/h5>\n<p>Inulin, hidroksipropil-metilceluloza (zgu\u0161njiva\u010d), titan-dioksid i \u017euti oksid gvo\u017e\u0111a (boje), mikrokristalna celuloza (sredstvo za pove\u0107anje zapremine), Lactobacillus acidophilus, Lactobacillus rhamnosus Bifidobacterium longum, magnezijum-stearat (sredstvo protiv zgrudnjavanja).<\/p>\n<\/div>\n<div class=\"product-info\">\n<h3 class=\"title\"><i class=\"icon-clipboard mr-1\" aria-hidden=\"true\"><\/i>\u00a0Additional information<\/h3>\n<table class=\"info-table\">\n<tbody>\n<tr>\n<th>Manufacturer:<\/th>\n<td><a href=\"https:\/\/benu.rs\/galenika\">Galenika<\/a><\/td>\n<\/tr>\n<tr>\n<th>EAN kod:<\/th>\n<td>8600618015636<\/td>\n<\/tr>\n<tr>\n<th>Brend:<\/th>\n<td><a href=\"https:\/\/benu.rs\/flonivin\">Flonivin<\/a><\/td>\n<\/tr>\n<tr>\n<th>Features:<\/th>\n<td>Sinbiotski proizvod koji doprinosi normalnoj funkciji digestivnog sistema.<\/td>\n<\/tr>\n<\/tbody>\n<\/table>\n<\/div>","protected":false},"featured_media":9094,"template":"","meta":[],"product_brand":[3081],"product_cat":[3054],"product_tag":[1709,1586,3303,3304],"class_list":{"0":"post-9093","1":"product","2":"type-product","3":"status-publish","4":"has-post-thumbnail","6":"product_brand-galenika","7":"product_cat-akcija","8":"product_tag-betty","9":"product_tag-inulin","10":"product_tag-titan-dioksid","11":"product_tag-zuti-oksid-gvozdja","13":"first","14":"instock","15":"shipping-taxable","16":"purchasable","17":"product-type-simple"},"ams_default_variation_id":0,"ams_product_points_reward":[],"ams_product_discount_percentage":0,"ams_price_to_display":662.4,"ams_acf":[],"jetpack_sharing_enabled":true,"_links":{"self":[{"href":"https:\/\/apotekar-online.rs\/en\/wp-json\/wp\/v2\/product\/9093","targetHints":{"allow":["GET"]}}],"collection":[{"href":"https:\/\/apotekar-online.rs\/en\/wp-json\/wp\/v2\/product"}],"about":[{"href":"https:\/\/apotekar-online.rs\/en\/wp-json\/wp\/v2\/types\/product"}],"wp:featuredmedia":[{"embeddable":true,"href":"https:\/\/apotekar-online.rs\/en\/wp-json\/wp\/v2\/media\/9094"}],"wp:attachment":[{"href":"https:\/\/apotekar-online.rs\/en\/wp-json\/wp\/v2\/media?parent=9093"}],"wp:term":[{"taxonomy":"product_brand","embeddable":true,"href":"https:\/\/apotekar-online.rs\/en\/wp-json\/wp\/v2\/product_brand?post=9093"},{"taxonomy":"product_cat","embeddable":true,"href":"https:\/\/apotekar-online.rs\/en\/wp-json\/wp\/v2\/product_cat?post=9093"},{"taxonomy":"product_tag","embeddable":true,"href":"https:\/\/apotekar-online.rs\/en\/wp-json\/wp\/v2\/product_tag?post=9093"}],"curies":[{"name":"wp","href":"https:\/\/api.w.org\/{rel}","templated":true}]}}