{"id":9099,"date":"2026-04-28T04:24:43","date_gmt":"2026-04-28T06:24:43","guid":{"rendered":"https:\/\/apotekar-online.rs\/?post_type=product&#038;p=9099"},"modified":"2026-04-28T04:24:43","modified_gmt":"2026-04-28T06:24:43","slug":"livsane-baby-krem-100-ml","status":"publish","type":"product","link":"https:\/\/apotekar-online.rs\/en\/p\/livsane-baby-krem-100-ml\/","title":{"rendered":"Livsane Baby krem, 100 ml"},"content":{"rendered":"","protected":false},"excerpt":{"rendered":"<div class=\"wysiwyg\">\n<h2>Product description<\/h2>\n<p>LIVSANE Baby krema koristi se za svakodnevnu negu i za\u0161titu osetljive ko\u017ee beba. \u0160titi i umiruje nadra\u017eenu ko\u017eu ispod pelena i poma\u017ee smanjenju osipa i iritacije.<\/p>\n<h2>Dosage and method of administration<\/h2>\n<p>Nanosi se na \u010distu ko\u017eu, vi\u0161e puta dnevno.<\/p>\n<h2>Composition<\/h2>\n<p>Petrolatum, Lanolin, Aqua, Paraffinum Liquidum, Glycerin, Talc, Zinc Oxide, Parfum.<\/p>\n<p>&nbsp;<\/p>\n<\/div>\n<div class=\"product-info\">\n<h3 class=\"title\"><i class=\"icon-clipboard mr-1\" aria-hidden=\"true\"><\/i>\u00a0Additional information<\/h3>\n<table class=\"info-table\">\n<tbody>\n<tr>\n<th>Manufacturer:<\/th>\n<td><a href=\"https:\/\/benu.rs\/livsane-1612525398\">LIVSANE<\/a><\/td>\n<\/tr>\n<tr>\n<th>EAN kod:<\/th>\n<td>8606017641094, 8606017641810<\/td>\n<\/tr>\n<tr>\n<th>Brend:<\/th>\n<td>LIVSANE GALENSKA<\/td>\n<\/tr>\n<tr>\n<th>Linija proizvoda:<\/th>\n<td><a href=\"https:\/\/benu.rs\/livsane-galenska-kozmetika\">LIVSANE Galenska kozmetika<\/a><\/td>\n<\/tr>\n<tr>\n<th>Features:<\/th>\n<td>LIVSANE Baby krema koristi se za svakodnevnu negu i za\u0161titu osetljive ko\u017ee beba.<\/td>\n<\/tr>\n<tr>\n<th>Osobine artikla:<\/th>\n<td>\u0160titi i umiruje nadra\u017eenu ko\u017eu ispod pelena.<\/td>\n<\/tr>\n<tr>\n<th>Osobine artikla:<\/th>\n<td>Poma\u017ee smanjenju osipa i iritacije.<\/td>\n<\/tr>\n<\/tbody>\n<\/table>\n<\/div>","protected":false},"featured_media":9100,"template":"","meta":[],"product_brand":[3090],"product_cat":[3054,385,224],"product_tag":[3306,1709,3307,194,1915],"class_list":{"0":"post-9099","1":"product","2":"type-product","3":"status-publish","4":"has-post-thumbnail","6":"product_brand-livsane","7":"product_cat-akcija","8":"product_cat-bebi-oprema","9":"product_cat-kozmetika-za-decu","10":"product_tag-aqua","11":"product_tag-betty","12":"product_tag-cink-oksid","13":"product_tag-glicerin","14":"product_tag-lanolin","16":"first","17":"instock","18":"shipping-taxable","19":"purchasable","20":"product-type-simple"},"ams_default_variation_id":0,"ams_product_points_reward":[],"ams_product_discount_percentage":0,"ams_price_to_display":431.94,"ams_acf":[],"jetpack_sharing_enabled":true,"_links":{"self":[{"href":"https:\/\/apotekar-online.rs\/en\/wp-json\/wp\/v2\/product\/9099","targetHints":{"allow":["GET"]}}],"collection":[{"href":"https:\/\/apotekar-online.rs\/en\/wp-json\/wp\/v2\/product"}],"about":[{"href":"https:\/\/apotekar-online.rs\/en\/wp-json\/wp\/v2\/types\/product"}],"wp:featuredmedia":[{"embeddable":true,"href":"https:\/\/apotekar-online.rs\/en\/wp-json\/wp\/v2\/media\/9100"}],"wp:attachment":[{"href":"https:\/\/apotekar-online.rs\/en\/wp-json\/wp\/v2\/media?parent=9099"}],"wp:term":[{"taxonomy":"product_brand","embeddable":true,"href":"https:\/\/apotekar-online.rs\/en\/wp-json\/wp\/v2\/product_brand?post=9099"},{"taxonomy":"product_cat","embeddable":true,"href":"https:\/\/apotekar-online.rs\/en\/wp-json\/wp\/v2\/product_cat?post=9099"},{"taxonomy":"product_tag","embeddable":true,"href":"https:\/\/apotekar-online.rs\/en\/wp-json\/wp\/v2\/product_tag?post=9099"}],"curies":[{"name":"wp","href":"https:\/\/api.w.org\/{rel}","templated":true}]}}