{"id":9113,"date":"2026-05-03T08:25:18","date_gmt":"2026-05-03T10:25:18","guid":{"rendered":"https:\/\/apotekar-online.rs\/?post_type=product&#038;p=9113"},"modified":"2026-05-03T08:25:18","modified_gmt":"2026-05-03T10:25:18","slug":"oligovit-his-30-kapsula","status":"publish","type":"product","link":"https:\/\/apotekar-online.rs\/en\/p\/oligovit-his-30-kapsula\/","title":{"rendered":"Oligovit HIS 30 kapsula"},"content":{"rendered":"","protected":false},"excerpt":{"rendered":"<p><strong>OLIGOVIT\u00ae HIS<\/strong>\u00a0je jedinstveni vitaminsko-mineralni kompleks za mu\u0161karce,sastoji se od 16 vitamina i minerala.Dodatno, oboga\u0107en je biljkom Tribulus terrestris, poznatom po svojim blagotvornim efektima na reproduktivno zdravlje i potenciju.<\/p>\n<p>Visoke doze vitamina D3 i cinka (Zn) pru\u017eaju podr\u0161ku imunom sistemu, poma\u017eu u redukciji inflamatornih procesa i obezbe\u0111uju antioksidantnu za\u0161titu.<br \/>\nOvaj dodatak ishrani je idealan za mu\u0161karce koji \u017eele da o\u010duvaju svoje zdravlje i vitalnost, posebno one izlo\u017eene stresu, hroni\u010dnom umoru ili intenzivnom psiho-fizi\u010dkom radu.<\/p>\n<p class=\"uk-margin-remove\"><strong>Osnovna namena:<\/strong><\/p>\n<div>\n<p>Nutritivna podr\u0161ka mu\u0161karcima kod: izlo\u017eenosti stresu i \/ili intenzivnom psiho-fizi\u010dkom radu, hroni\u010dnog umora i sklonosti infekcijama, mu\u0161karaca koji brinu o svom seksualnom zdravlju<\/p>\n<p class=\"uk-margin-remove\"><strong>Product composition:<\/strong><\/p>\n<div>\n<p>suvi ekstrakt ploda biljke Tribulus terrestris, vitamin B1, vitamin B2 niacin, pantotenska kiselina , vitamin B6, vitamin B12, vitamin A, vitamin C, vitamin D, vitamin E, biotin, hrom, jod, mangan, selen, cink<\/p>\n<\/div>\n<\/div>","protected":false},"featured_media":9114,"template":"","meta":[],"product_brand":[3081],"product_cat":[3054,77,136,84],"product_tag":[3220,1709,233,292,293,1871,490,3314,3313,307],"class_list":{"0":"post-9113","1":"product","2":"type-product","3":"status-publish","4":"has-post-thumbnail","6":"product_brand-galenika","7":"product_cat-akcija","8":"product_cat-imunitet","9":"product_cat-stres-depresija-i-miran-san","10":"product_cat-zdravlje-muskaraca","11":"product_tag-b2","12":"product_tag-betty","13":"product_tag-biotin","14":"product_tag-hrom","15":"product_tag-jod","16":"product_tag-mangan","17":"product_tag-niacin","18":"product_tag-selen-cink","19":"product_tag-tribulus-biljka","20":"product_tag-vitamin-b1","22":"first","23":"instock","24":"sale","25":"shipping-taxable","26":"purchasable","27":"product-type-simple"},"ams_default_variation_id":0,"ams_product_points_reward":[],"ams_product_discount_percentage":20,"ams_price_to_display":938.4,"ams_acf":[],"jetpack_sharing_enabled":true,"_links":{"self":[{"href":"https:\/\/apotekar-online.rs\/en\/wp-json\/wp\/v2\/product\/9113","targetHints":{"allow":["GET"]}}],"collection":[{"href":"https:\/\/apotekar-online.rs\/en\/wp-json\/wp\/v2\/product"}],"about":[{"href":"https:\/\/apotekar-online.rs\/en\/wp-json\/wp\/v2\/types\/product"}],"wp:featuredmedia":[{"embeddable":true,"href":"https:\/\/apotekar-online.rs\/en\/wp-json\/wp\/v2\/media\/9114"}],"wp:attachment":[{"href":"https:\/\/apotekar-online.rs\/en\/wp-json\/wp\/v2\/media?parent=9113"}],"wp:term":[{"taxonomy":"product_brand","embeddable":true,"href":"https:\/\/apotekar-online.rs\/en\/wp-json\/wp\/v2\/product_brand?post=9113"},{"taxonomy":"product_cat","embeddable":true,"href":"https:\/\/apotekar-online.rs\/en\/wp-json\/wp\/v2\/product_cat?post=9113"},{"taxonomy":"product_tag","embeddable":true,"href":"https:\/\/apotekar-online.rs\/en\/wp-json\/wp\/v2\/product_tag?post=9113"}],"curies":[{"name":"wp","href":"https:\/\/api.w.org\/{rel}","templated":true}]}}