{"id":9120,"date":"2026-05-03T08:49:50","date_gmt":"2026-05-03T10:49:50","guid":{"rendered":"https:\/\/apotekar-online.rs\/?post_type=product&#038;p=9120"},"modified":"2026-05-03T08:49:50","modified_gmt":"2026-05-03T10:49:50","slug":"maternity-30-kapsula","status":"publish","type":"product","link":"https:\/\/apotekar-online.rs\/en\/p\/maternity-30-kapsula\/","title":{"rendered":"Maternity, 30 kapsula"},"content":{"rendered":"","protected":false},"excerpt":{"rendered":"<div class=\"wysiwyg\">\n<h2>Product description<\/h2>\n<p>Maternity kapsule su razvijene i formulisane tako da pru\u017ee podr\u0161ku u odr\u017eavanju zdrave trudno\u0107e, prevenciji spontanih poba\u010daja i prevremenih poro\u0111aja, kao i spre\u010davanju nastanka prevremenih kontrakcija. Formulisane od strane farmaceuta, a u saradnji sa ginekolozima, kako bi obezbedile sve potrebne vitamine i minerale \u017eenama tokom planiranja trudno\u0107e, trudnicama i dojiljama.\u00a0Sadr\u017ee \u010dak 19\u00a0pa\u017eljivo odabranih, prirodnih sastojaka koji sinergisti\u010dki deluju, obezbe\u0111uju\u0107i\u00a0najkompletniju suplementaciju pre, tokom trudno\u0107e i nakon nje.<\/p>\n<h2>Dosage and method of administration<\/h2>\n<p>Najbolje je zapo\u010deti uzimanje Maternity kapsula 4-8 nedelja pre za\u010de\u0107a i nastaviti tokom trudno\u0107e i dojenja. Dodatni vitamini nisu potrebni. Uzima se 1 kapsula dnevno, uz obrok.<\/p>\n<h2>Composition<\/h2>\n<p>Alfa lipoinska kiselina 200 mg; Laktoferin 10 mg, vitamin B1 (u obliku tiamin hidrohlorida)\u00a01,2 mg; vitamin B2 (u obliku riboflavina) 1,6 mg; niacin (u obliku nikotinamida)\u00a010 mg, pantotenska kiselina (u obliku D-kalcijum pantotenata) 6 mg, vitamin B6 (u obliku piridoksin hidrohlorida)\u00a01,5 mg; vitamin B12 (u obliku metilkobalamina)\u00a0\u00a0 \u00a03,5 \u00b5g; folna kiselina (u obliku kalcijum-L-metilfolata)\u00a0\u00a0 \u00a0400 \u00b5g; vitamin C (u obliku L-askorbinske kiseline) 75 mg; biotin (u obliku D-biotina)\u00a0\u00a0 \u00a080 \u00b5g; vitamin D (u obliku holekalciferola)\u00a0\u00a0 \u00a05 \u00b5g; vitamin E (u obliku DL-alfa tokoferilacetata)\u00a0\u00a0 \u00a012 mg \u03b1-TE***; bakar (u obliku bakar (II)-citrata) 1 mg; hrom (u obliku hrom(III)-pikolinata)\u00a0\u00a0 \u00a040 \u00b5g; jod (u obliku kalijum-jodida) 150 \u00b5g; Magnezijum (u obliku magnezijum oksida) 75 mg; selen (u obliku Selenium yeast) 50 \u00b5g; cink (u obliku cink oksida) 10 mg<\/p>\n<p>&nbsp;<\/p>\n<\/div>\n<div class=\"product-info\">\n<h3 class=\"title\"><i class=\"icon-clipboard mr-1\" aria-hidden=\"true\"><\/i>\u00a0Additional information<\/h3>\n<table class=\"info-table\">\n<tbody>\n<tr>\n<th>Manufacturer:<\/th>\n<td><a href=\"https:\/\/benu.rs\/premium-pharma-doo\">PREMIUM PHARMA DOO<\/a><\/td>\n<\/tr>\n<tr>\n<th>EAN kod:<\/th>\n<td>8607000326882<\/td>\n<\/tr>\n<tr>\n<th>Features:<\/th>\n<td>Pru\u017ea podr\u0161ku\u00a0u odr\u017eavanju zdrave trudno\u0107e, prevenciji spontanih poba\u010daja i prevremenih poro\u0111aja, kao i spre\u010davanju nastanka prevremenih kontrakcija.<\/td>\n<\/tr>\n<tr>\n<th>Osobine artikla:<\/th>\n<td>Sadr\u017ei \u010dak 19 pa\u017eljivo odabranih, prirodnih sastojaka koji sinergisti\u010dki deluju.<\/td>\n<\/tr>\n<tr>\n<th>Osobine artikla:<\/th>\n<td>Za \u017eene koje planiraju trudno\u0107u, trudnice i dojilje.<\/td>\n<\/tr>\n<\/tbody>\n<\/table>\n<\/div>","protected":false},"featured_media":9121,"template":"","meta":[],"product_brand":[],"product_cat":[3054,380,89,85],"product_tag":[591,1709,3317,279,3229,323,235],"class_list":{"0":"post-9120","1":"product","2":"type-product","3":"status-publish","4":"has-post-thumbnail","6":"product_cat-akcija","7":"product_cat-trudnice-suplementi","8":"product_cat-trudnoca-i-dojenje","9":"product_cat-zdravlje-zena","10":"product_tag-alfa-lipoinska-kiselina","11":"product_tag-betty","12":"product_tag-biotin-vitamin-d","13":"product_tag-folna-kiselina","14":"product_tag-l-askorbinska-kiselina","15":"product_tag-magnezijum","16":"product_tag-selen","18":"first","19":"instock","20":"sale","21":"shipping-taxable","22":"purchasable","23":"product-type-simple"},"ams_default_variation_id":0,"ams_product_points_reward":[],"ams_product_discount_percentage":15,"ams_price_to_display":2330.75,"ams_acf":[],"jetpack_sharing_enabled":true,"_links":{"self":[{"href":"https:\/\/apotekar-online.rs\/en\/wp-json\/wp\/v2\/product\/9120","targetHints":{"allow":["GET"]}}],"collection":[{"href":"https:\/\/apotekar-online.rs\/en\/wp-json\/wp\/v2\/product"}],"about":[{"href":"https:\/\/apotekar-online.rs\/en\/wp-json\/wp\/v2\/types\/product"}],"wp:featuredmedia":[{"embeddable":true,"href":"https:\/\/apotekar-online.rs\/en\/wp-json\/wp\/v2\/media\/9121"}],"wp:attachment":[{"href":"https:\/\/apotekar-online.rs\/en\/wp-json\/wp\/v2\/media?parent=9120"}],"wp:term":[{"taxonomy":"product_brand","embeddable":true,"href":"https:\/\/apotekar-online.rs\/en\/wp-json\/wp\/v2\/product_brand?post=9120"},{"taxonomy":"product_cat","embeddable":true,"href":"https:\/\/apotekar-online.rs\/en\/wp-json\/wp\/v2\/product_cat?post=9120"},{"taxonomy":"product_tag","embeddable":true,"href":"https:\/\/apotekar-online.rs\/en\/wp-json\/wp\/v2\/product_tag?post=9120"}],"curies":[{"name":"wp","href":"https:\/\/api.w.org\/{rel}","templated":true}]}}