{"id":9133,"date":"2026-05-03T10:03:08","date_gmt":"2026-05-03T12:03:08","guid":{"rendered":"https:\/\/apotekar-online.rs\/?post_type=product&#038;p=9133"},"modified":"2026-05-03T10:03:09","modified_gmt":"2026-05-03T12:03:09","slug":"ave-calamina-cream-50ml","status":"publish","type":"product","link":"https:\/\/apotekar-online.rs\/en\/p\/ave-calamina-cream-50ml\/","title":{"rendered":"Ave Calamina cream 50ml"},"content":{"rendered":"","protected":false},"excerpt":{"rendered":"<p>Ave Calamina cream je krema koja je dermatolo\u0161ki testirana, bez parabena, alkohola i konzervansa. Bezbedna je za upotrebu kod dece i trudnica<\/p>\n<p>Sastojci: calamine, glicerin, cink oksid, Boswellia serrata, Gotu kola, aroma, alantonin<\/p>\n<p>Ima \u0161irok spektar delovanja:<\/p>\n<p>&#8211; ubla\u017eava svrab<\/p>\n<p>&#8211; deluje pozitivno na ko\u017ena oboljenja kao \u0161to su psorijaza i ekcem<\/p>\n<p>&#8211; ubrzava zarastanje rana<\/p>\n<p>&#8211; ubla\u017eava bore i strije<\/p>\n<p>&#8211; zate\u017ee opu\u0161tenu ko\u017eu<\/p>\n<p>&#8211; elimini\u0161e akne i bubuljice<\/p>\n<p>&#8211; poma\u017ee uklanjanju upornog celulita<\/p>\n<p>&#8211; poma\u017ee kod opekotina<\/p>\n<p>&#8211; umiruje ko\u017eu kod razli\u010ditih iritacija<\/p>\n<p>&#8211; ubrzava nestanak modrica i o\u017eiljaka<\/p>\n<p>&#8211; spre\u010dava i tretira pelenski osip<\/p>\n<p>&#8211; neguje ko\u017eu nakon brijanja<\/p>\n<p>&#8211; hidrira ko\u017eu i regeneri\u0161e je<\/p>","protected":false},"featured_media":9134,"template":"","meta":[],"product_brand":[],"product_cat":[3054,547,84,85],"product_tag":[1709],"class_list":{"0":"post-9133","1":"product","2":"type-product","3":"status-publish","4":"has-post-thumbnail","6":"product_cat-akcija","7":"product_cat-kozmetika-i-nega-za-odrasle","8":"product_cat-zdravlje-muskaraca","9":"product_cat-zdravlje-zena","10":"product_tag-betty","12":"first","13":"instock","14":"sale","15":"shipping-taxable","16":"purchasable","17":"product-type-simple"},"ams_default_variation_id":0,"ams_product_points_reward":[],"ams_product_discount_percentage":20,"ams_price_to_display":1214.4,"ams_acf":[],"jetpack_sharing_enabled":true,"_links":{"self":[{"href":"https:\/\/apotekar-online.rs\/en\/wp-json\/wp\/v2\/product\/9133","targetHints":{"allow":["GET"]}}],"collection":[{"href":"https:\/\/apotekar-online.rs\/en\/wp-json\/wp\/v2\/product"}],"about":[{"href":"https:\/\/apotekar-online.rs\/en\/wp-json\/wp\/v2\/types\/product"}],"wp:featuredmedia":[{"embeddable":true,"href":"https:\/\/apotekar-online.rs\/en\/wp-json\/wp\/v2\/media\/9134"}],"wp:attachment":[{"href":"https:\/\/apotekar-online.rs\/en\/wp-json\/wp\/v2\/media?parent=9133"}],"wp:term":[{"taxonomy":"product_brand","embeddable":true,"href":"https:\/\/apotekar-online.rs\/en\/wp-json\/wp\/v2\/product_brand?post=9133"},{"taxonomy":"product_cat","embeddable":true,"href":"https:\/\/apotekar-online.rs\/en\/wp-json\/wp\/v2\/product_cat?post=9133"},{"taxonomy":"product_tag","embeddable":true,"href":"https:\/\/apotekar-online.rs\/en\/wp-json\/wp\/v2\/product_tag?post=9133"}],"curies":[{"name":"wp","href":"https:\/\/api.w.org\/{rel}","templated":true}]}}