{"id":9193,"date":"2026-05-04T13:52:37","date_gmt":"2026-05-04T15:52:37","guid":{"rendered":"https:\/\/apotekar-online.rs\/?post_type=product&#038;p=9193"},"modified":"2026-05-04T14:42:41","modified_gmt":"2026-05-04T16:42:41","slug":"makulin-blue-protect-kapsule-a30","status":"publish","type":"product","link":"https:\/\/apotekar-online.rs\/en\/p\/makulin-blue-protect-kapsule-a30\/","title":{"rendered":"Dietpharm Makulin Blue Protect kapsule A30"},"content":{"rendered":"","protected":false},"excerpt":{"rendered":"<p>Dodatak ishrani za za\u0161titu o\u010diju i odr\u017eavanja normalnih funkcija vida. Namenjen je osobama koje \u010desto rade i\/ili borave na otvorenom &#8211; gra\u0111evinski radnici, poljoprivrednici, voza\u010di kamiona, sportisti, policajci, osobama koje rade pod fluorescentnom, LED, CFL rasvetom i osobama koje provode puno vremena ispred ra\u010dunara, TVa, mobilnih telefona\u2013 studenti, u\u010denici, svi koji rade kancelarijske poslove vezane za ra\u010dunare. Nakon operacije katarakte.<\/p>\n<p><b>Composition:\u00a0<\/b>FloraGLO\u00ae lutein suspenzija 55mg, lutein 10mg, zeaksantin 2mg, cink (cinkov citrat) 5mg, suvi ekstrakt ploda borovnice (Vaccinium myrtillus ) 40mg<\/p>\n<p><b>Method of application:\u00a0<\/b>1 kapsula na dan.<\/p>\n<p><b>Packaging:\u00a0<\/b>30 capsules<\/p>","protected":false},"featured_media":9194,"template":"","meta":[],"product_brand":[3079],"product_cat":[3054],"product_tag":[185,1861,3324],"class_list":{"0":"post-9193","1":"product","2":"type-product","3":"status-publish","4":"has-post-thumbnail","6":"product_brand-dietpharm","7":"product_cat-akcija","8":"product_tag-cink","9":"product_tag-lutein","10":"product_tag-plod-borovnice","12":"first","13":"instock","14":"shipping-taxable","15":"product-type-simple"},"ams_default_variation_id":0,"ams_product_points_reward":[],"ams_product_discount_percentage":0,"ams_price_to_display":0,"ams_acf":[],"jetpack_sharing_enabled":true,"_links":{"self":[{"href":"https:\/\/apotekar-online.rs\/en\/wp-json\/wp\/v2\/product\/9193","targetHints":{"allow":["GET"]}}],"collection":[{"href":"https:\/\/apotekar-online.rs\/en\/wp-json\/wp\/v2\/product"}],"about":[{"href":"https:\/\/apotekar-online.rs\/en\/wp-json\/wp\/v2\/types\/product"}],"wp:featuredmedia":[{"embeddable":true,"href":"https:\/\/apotekar-online.rs\/en\/wp-json\/wp\/v2\/media\/9194"}],"wp:attachment":[{"href":"https:\/\/apotekar-online.rs\/en\/wp-json\/wp\/v2\/media?parent=9193"}],"wp:term":[{"taxonomy":"product_brand","embeddable":true,"href":"https:\/\/apotekar-online.rs\/en\/wp-json\/wp\/v2\/product_brand?post=9193"},{"taxonomy":"product_cat","embeddable":true,"href":"https:\/\/apotekar-online.rs\/en\/wp-json\/wp\/v2\/product_cat?post=9193"},{"taxonomy":"product_tag","embeddable":true,"href":"https:\/\/apotekar-online.rs\/en\/wp-json\/wp\/v2\/product_tag?post=9193"}],"curies":[{"name":"wp","href":"https:\/\/api.w.org\/{rel}","templated":true}]}}