{"id":9202,"date":"2026-05-04T14:17:10","date_gmt":"2026-05-04T16:17:10","guid":{"rendered":"https:\/\/apotekar-online.rs\/?post_type=product&#038;p=9202"},"modified":"2026-05-04T14:18:38","modified_gmt":"2026-05-04T16:18:38","slug":"dietpharm-makulin-plus-30-kapsula-3","status":"publish","type":"product","link":"https:\/\/apotekar-online.rs\/en\/p\/dietpharm-makulin-plus-30-kapsula-3\/","title":{"rendered":"Dietpharm Makulin plus 30 kapsula"},"content":{"rendered":"","protected":false},"excerpt":{"rendered":"<div class=\"wysiwyg\">\n<h5>Product description<\/h5>\n<p>Makulin plus kapsule predstavljaju dopunski izvor antioksidanata, vitamina i minerala koji doprinose odr\u017eavanju normalnog vida. Koriste se kao pomo\u0107no sredstvo kod pacijenata kod kojih je smanjena o\u0161trina vida.<\/p>\n<h5>Dosage and method of administration<\/h5>\n<p>Odrasli: Jednom dnevno popiti po jednu kapsulu uz obrok. Preporu\u010dena dnevna doza se ne sme prekora\u010diti.<\/p>\n<h5>Composition<\/h5>\n<p>Lutein, Zeaksantin, Riblje ulje (DHA kiselina i EPA kiselina), vitamin C, vitamin E, Cink, Bakar. Ostali sastojci: gove\u0111i \u017eelatin, glicerol, cink-glukonat, bakar sulfat, titan- dioksid<\/p>\n<\/div>\n<div class=\"product-info\">\n<h3 class=\"title\"><i class=\"icon-clipboard mr-1\" aria-hidden=\"true\"><\/i>\u00a0Additional information<\/h3>\n<table class=\"info-table\">\n<tbody>\n<tr>\n<th>Manufacturer:<\/th>\n<td><a href=\"https:\/\/benu.rs\/fidifarm\">Fidifarm<\/a><\/td>\n<\/tr>\n<tr>\n<th>Brend:<\/th>\n<td><a href=\"https:\/\/benu.rs\/dietpharm\">Dietpharm<\/a><\/td>\n<\/tr>\n<tr>\n<th>Features:<\/th>\n<td>Makulin plus kapsule predstavljaju dopunski izvor antioksidanata. Vitamini C , E , cink i bakar doprinose za\u0161titi \u0107elija od oksidativnog stresa. Cink i riblje ulje doprinose odr\u017eavanju normalnog vida.<\/td>\n<\/tr>\n<tr>\n<th>Osobine artikla:<\/th>\n<td>Zna\u010dajan za vid<\/td>\n<\/tr>\n<\/tbody>\n<\/table>\n<\/div>","protected":false},"featured_media":9203,"template":"","meta":[],"product_brand":[3079],"product_cat":[3054],"product_tag":[186,185,1861,509,245,209],"class_list":{"0":"post-9202","1":"product","2":"type-product","3":"status-publish","4":"has-post-thumbnail","6":"product_brand-dietpharm","7":"product_cat-akcija","8":"product_tag-bakar","9":"product_tag-cink","10":"product_tag-lutein","11":"product_tag-riblje-ulje","12":"product_tag-vitamin-c","13":"product_tag-vitamin-e","15":"first","16":"instock","17":"shipping-taxable","18":"product-type-simple"},"ams_default_variation_id":0,"ams_product_points_reward":[],"ams_product_discount_percentage":0,"ams_price_to_display":0,"ams_acf":[],"jetpack_sharing_enabled":true,"_links":{"self":[{"href":"https:\/\/apotekar-online.rs\/en\/wp-json\/wp\/v2\/product\/9202","targetHints":{"allow":["GET"]}}],"collection":[{"href":"https:\/\/apotekar-online.rs\/en\/wp-json\/wp\/v2\/product"}],"about":[{"href":"https:\/\/apotekar-online.rs\/en\/wp-json\/wp\/v2\/types\/product"}],"wp:featuredmedia":[{"embeddable":true,"href":"https:\/\/apotekar-online.rs\/en\/wp-json\/wp\/v2\/media\/9203"}],"wp:attachment":[{"href":"https:\/\/apotekar-online.rs\/en\/wp-json\/wp\/v2\/media?parent=9202"}],"wp:term":[{"taxonomy":"product_brand","embeddable":true,"href":"https:\/\/apotekar-online.rs\/en\/wp-json\/wp\/v2\/product_brand?post=9202"},{"taxonomy":"product_cat","embeddable":true,"href":"https:\/\/apotekar-online.rs\/en\/wp-json\/wp\/v2\/product_cat?post=9202"},{"taxonomy":"product_tag","embeddable":true,"href":"https:\/\/apotekar-online.rs\/en\/wp-json\/wp\/v2\/product_tag?post=9202"}],"curies":[{"name":"wp","href":"https:\/\/api.w.org\/{rel}","templated":true}]}}