{"id":9284,"date":"2026-05-12T18:05:21","date_gmt":"2026-05-12T20:05:21","guid":{"rendered":"https:\/\/apotekar-online.rs\/?post_type=product&#038;p=9284"},"modified":"2026-05-12T18:05:21","modified_gmt":"2026-05-12T20:05:21","slug":"vichy-mineral-89-dnevni-buster-30-ml","status":"publish","type":"product","link":"https:\/\/apotekar-online.rs\/en\/p\/vichy-mineral-89-dnevni-buster-30-ml\/","title":{"rendered":"Vichy Mineral 89 Dnevni buster , 30 ml"},"content":{"rendered":"","protected":false},"excerpt":{"rendered":"<p>Izlo\u017eena svakodnevnim \u0161tetnim uticajima, ko\u017ea postaje dehidrirana i gubi puno\u0107u. Na\u0161a nova formula sadr\u017ei 89 % vulkanske vode Vichy i sna\u017enu kombinaciju hijaluronske i poliglutaminske kiseline za vidljivu hidrataciju i puno\u0107u ko\u017ee.<\/p>\n<p><strong>HIDRATACIJA<\/strong><br \/>\nDnevni hidratantni booster za puniju ko\u017eu nanesite ujutro i uve\u010de sa tri pritiska pumpice.<\/p>\n<p><strong>ZADR\u017dITE VLAGU<\/strong><br \/>\nObilno nanesite kremu Mineral 89 kako biste zadr\u017eali vlagu.<\/p>\n<p><strong>ZA\u0160TITA<\/strong><br \/>\nZa\u0161titite ko\u017eu i spre\u010dite o\u0161te\u0107enja od sunca nano\u0161enjem kreme Mineral 89 sa za\u0161titnim faktorom SPF50.<\/p>\n<p><strong>Active ingredients\u00a0<\/strong><\/p>\n<p>Hijaluronska kiselina: Hidrira i deluje na povr\u0161inu ko\u017ee<br \/>\nPoliglutaminska kiselina: Hidrira i deluje na do 10 slojeva duboko*<br \/>\nVulkanska voda Vichy: Oboga\u0107ena sa 15 esencijalnih minerala koji ja\u010daju ko\u017enu barijeru<br \/>\n*Gornji slojevi epidermisa<\/p>","protected":false},"featured_media":9285,"template":"","meta":[],"product_brand":[3337],"product_cat":[3333,3054],"product_tag":[],"class_list":{"0":"post-9284","1":"product","2":"type-product","3":"status-publish","4":"has-post-thumbnail","6":"product_brand-vichy","7":"product_cat-izdvojeno","8":"product_cat-akcija","9":"pa_brend-vichy","11":"first","12":"instock","13":"sale","14":"shipping-taxable","15":"purchasable","16":"product-type-simple"},"ams_default_variation_id":0,"ams_product_points_reward":[],"ams_product_discount_percentage":33.38,"ams_price_to_display":866,"ams_acf":[],"jetpack_sharing_enabled":true,"_links":{"self":[{"href":"https:\/\/apotekar-online.rs\/en\/wp-json\/wp\/v2\/product\/9284","targetHints":{"allow":["GET"]}}],"collection":[{"href":"https:\/\/apotekar-online.rs\/en\/wp-json\/wp\/v2\/product"}],"about":[{"href":"https:\/\/apotekar-online.rs\/en\/wp-json\/wp\/v2\/types\/product"}],"wp:featuredmedia":[{"embeddable":true,"href":"https:\/\/apotekar-online.rs\/en\/wp-json\/wp\/v2\/media\/9285"}],"wp:attachment":[{"href":"https:\/\/apotekar-online.rs\/en\/wp-json\/wp\/v2\/media?parent=9284"}],"wp:term":[{"taxonomy":"product_brand","embeddable":true,"href":"https:\/\/apotekar-online.rs\/en\/wp-json\/wp\/v2\/product_brand?post=9284"},{"taxonomy":"product_cat","embeddable":true,"href":"https:\/\/apotekar-online.rs\/en\/wp-json\/wp\/v2\/product_cat?post=9284"},{"taxonomy":"product_tag","embeddable":true,"href":"https:\/\/apotekar-online.rs\/en\/wp-json\/wp\/v2\/product_tag?post=9284"}],"curies":[{"name":"wp","href":"https:\/\/api.w.org\/{rel}","templated":true}]}}