{"id":1162,"date":"2022-07-12T10:06:10","date_gmt":"2022-07-12T10:06:10","guid":{"rendered":"https:\/\/apotekar-online.rs\/product\/strong-nature-aktivni-ugalj-problotik-1010-kapsula\/"},"modified":"2026-03-05T08:22:46","modified_gmt":"2026-03-05T10:22:46","slug":"eros-termeszetu-aktiv-szen-problotik-1010-kapszula","status":"publish","type":"product","link":"https:\/\/apotekar-online.rs\/hu\/p\/strong-nature-aktivni-ugalj-problotik-1010-kapsula\/","title":{"rendered":"Strong Nature akt\u00edv sz\u00e9n + Problotik 10+10 kapszula"},"content":{"rendered":"","protected":false},"excerpt":{"rendered":"<p>Most egy term\u00e9kben megtal\u00e1lhat\u00f3 minden, ami a gyomorpanaszokra kell: STRONG NATURE AKTIV\u00c1LT SZ\u00c9N + PROBIOTIK, 10+10 kapszula.<br \/>\nAz akt\u00edv (orvosi) sz\u00e9n nagysz\u00e1m\u00fa szerves \u00e9s szervetlen eredet\u0171 anyagot, valamint g\u00e1zokat k\u00e9pes adszorbe\u00e1lni.<br \/>\nA probiotikumok \u00e9l\u0151 mikroorganizmusok, amelyek k\u00fcl\u00f6nf\u00e9le j\u00f3t\u00e9kony hat\u00e1ssal vannak az eg\u00e9szs\u00e9gre. A leggyakrabban haszn\u00e1lt probiotikumok a Lactobacillus \u00e9s a Bifidobacterium k\u00fcl\u00f6nb\u00f6z\u0151 t\u00f6rzsei, \u00e9s az STRONG NATURE ACTIVATED CARBON + PROBIOTIC pontosan ezeket tartalmazza. Pozit\u00edv hat\u00e1st fejtenek ki egyes gyomor-b\u00e9lrendszeri betegs\u00e9gek, k\u00f6zt\u00fck az antibiotikumok vagy v\u00edrusfert\u0151z\u00e9s okozta hasmen\u00e9s megel\u0151z\u00e9s\u00e9ben \u00e9s kezel\u00e9s\u00e9ben. valamint puffad\u00e1s \u00e9s gyomorg\u00f6rcs.<br \/>\nAkt\u00edv sz\u00e9n \u00e9s probiotikum alap\u00fa \u00e9trend-kieg\u00e9sz\u00edt\u0151, amely j\u00f3t\u00e9kony hat\u00e1ssal van az em\u00e9szt\u0151rendszer eg\u00e9szs\u00e9g\u00e9re.<br \/>\nA probiotikus kult\u00far\u00e1k hozz\u00e1j\u00e1rulnak a k\u00f6vetkez\u0151k meg\u0151rz\u00e9s\u00e9hez:<br \/>\na b\u00e9l mikrofl\u00f3ra egyens\u00falya, valamint<br \/>\naz eg\u00e9szs\u00e9g \u00e9s az em\u00e9szt\u0151rendszer m\u0171k\u00f6d\u00e9se.<br \/>\nAz akt\u00edv sz\u00e9n j\u00f3t\u00e9kony hat\u00e1st fejt ki:<br \/>\naz em\u00e9szt\u00e9s szab\u00e1lyoz\u00e1sa;<br \/>\na szervezet m\u00e9regtelen\u00edt\u00e9se.<br \/>\nA term\u00e9k 3 \u00e9v alatti gyermekeknek, valamint a term\u00e9k \u00f6sszetev\u0151ire t\u00fal\u00e9rz\u00e9kenyeknek nem aj\u00e1nlott. Az akt\u00edv sz\u00e9n a sz\u00e9klet fekete elsz\u00ednez\u0151d\u00e9s\u00e9t okozza, ami \u00e1tmeneti.<br \/>\nMivel az akt\u00edv sz\u00e9n sz\u00e1mos t\u00e1panyag, \u00e9trend-kieg\u00e9sz\u00edt\u0151 \u00e9s gy\u00f3gyszer felsz\u00edv\u00f3d\u00e1s\u00e1t cs\u00f6kkentheti, ezeket legal\u00e1bb 2 \u00f3r\u00e1s id\u0151k\u00f6z\u00f6nk\u00e9nt kell beadni.<br \/>\nTerhes \u00e9s szoptat\u00f3 n\u0151knek a term\u00e9k alkalmaz\u00e1sa el\u0151tt konzult\u00e1lniuk kell orvosukkal.<\/p>\n<p><strong>Adagol\u00e1s \u00e9s felhaszn\u00e1l\u00e1si m\u00f3d<\/strong><br \/>\n3 \u00e9vesn\u00e9l id\u0151sebb gyermekek \u00e9s feln\u0151ttek:<br \/>\nAkt\u00edvsz\u00e9n:<br \/>\nEm\u00e9szt\u00e9si probl\u00e9m\u00e1k eset\u00e9n: 2-3 kapszula, napi 3-4 alkalommal, sz\u00fcks\u00e9g szerint. Sz\u00fcks\u00e9g eset\u00e9n a kapszula tartalm\u00e1t egy poh\u00e1r v\u00edzben elkeverhetj\u00fck \u00e9s megihatjuk.<br \/>\n\u00c9tkez\u00e9s ut\u00e1ni puffad\u00e1s eset\u00e9n: vegyen be 1 g-ot (4 kapszula) 30 perccel \u00e9tkez\u00e9s el\u0151tt \u00e9s 1 g-ot (4 kapszula) k\u00f6zvetlen\u00fcl \u00e9tkez\u00e9s ut\u00e1n.<br \/>\nProbiotikum: napi egy kapszula, legal\u00e1bb 2 \u00f3ra elt\u00e9r\u00e9ssel az akt\u00edv sz\u00e9nt\u0151l.<\/p>\n<p>&nbsp;<\/p>\n<p><strong>Jegyzet:<\/strong>\u00a0Arra t\u00f6reksz\u00fcnk, hogy minden term\u00e9k le\u00edr\u00e1s\u00e1n\u00e1l a lehet\u0151 legpontosabbak legy\u00fcnk, de nem tudjuk garant\u00e1lni, hogy minden le\u00edr\u00e1s teljes \u00e9s hibamentes. K\u00f6sz\u00f6n\u00f6m a meg\u00e9rt\u00e9st.<br \/>\nAz oldalon felt\u00fcntetett \u00f6sszes elem k\u00edn\u00e1latunk r\u00e9sz\u00e9t k\u00e9pezi, de ez nem jelenti azt, hogy mindenkor el\u00e9rhet\u0151.<\/p>","protected":false},"featured_media":1163,"template":"","meta":[],"product_brand":[],"product_cat":[105,81],"product_tag":[],"class_list":{"0":"post-1162","1":"product","2":"type-product","3":"status-publish","4":"has-post-thumbnail","6":"product_cat-dijareja-i-rehidratacija","7":"product_cat-probiotici-i-enzimi","9":"first","10":"instock","11":"product-type-simple"},"ams_default_variation_id":0,"ams_product_points_reward":[],"ams_product_discount_percentage":0,"ams_price_to_display":0,"ams_acf":[],"jetpack_sharing_enabled":true,"_links":{"self":[{"href":"https:\/\/apotekar-online.rs\/hu\/wp-json\/wp\/v2\/product\/1162","targetHints":{"allow":["GET"]}}],"collection":[{"href":"https:\/\/apotekar-online.rs\/hu\/wp-json\/wp\/v2\/product"}],"about":[{"href":"https:\/\/apotekar-online.rs\/hu\/wp-json\/wp\/v2\/types\/product"}],"wp:featuredmedia":[{"embeddable":true,"href":"https:\/\/apotekar-online.rs\/hu\/wp-json\/wp\/v2\/media\/1163"}],"wp:attachment":[{"href":"https:\/\/apotekar-online.rs\/hu\/wp-json\/wp\/v2\/media?parent=1162"}],"wp:term":[{"taxonomy":"product_brand","embeddable":true,"href":"https:\/\/apotekar-online.rs\/hu\/wp-json\/wp\/v2\/product_brand?post=1162"},{"taxonomy":"product_cat","embeddable":true,"href":"https:\/\/apotekar-online.rs\/hu\/wp-json\/wp\/v2\/product_cat?post=1162"},{"taxonomy":"product_tag","embeddable":true,"href":"https:\/\/apotekar-online.rs\/hu\/wp-json\/wp\/v2\/product_tag?post=1162"}],"curies":[{"name":"wp","href":"https:\/\/api.w.org\/{rel}","templated":true}]}}