{"id":1212,"date":"2022-07-12T10:07:08","date_gmt":"2022-07-12T10:07:08","guid":{"rendered":"https:\/\/apotekar-online.rs\/product\/babytol-d3-dha-omega-30-twist-off-kapsule\/"},"modified":"2026-03-05T08:22:44","modified_gmt":"2026-03-05T10:22:44","slug":"babytol-d3-dha-omega-30-csavarhato-kapszula","status":"publish","type":"product","link":"https:\/\/apotekar-online.rs\/hu\/p\/babytol-d3-dha-omega-30-twist-off-kapsule\/","title":{"rendered":"Babytol D3 + DHA Omega 30 kicsavarhat\u00f3 kapszula"},"content":{"rendered":"","protected":false},"excerpt":{"rendered":"<p>A mikroalg\u00e1kat szigor\u00faan ellen\u0151rz\u00f6tt k\u00f6r\u00fclm\u00e9nyek k\u00f6z\u00f6tt termesztik, \u00edgy az olajban nincsenek szennyez\u0151d\u00e9sek. Ez a mikroalgaolaj a legbiztons\u00e1gosabb DHA-forr\u00e1s a csecsem\u0151k sz\u00e1m\u00e1ra, ahogy azt az Eur\u00f3pai \u00c9lelmiszerbiztons\u00e1gi \u00dcgyn\u00f6ks\u00e9g is meger\u0151s\u00edtette.A DHA fontos gyermeke l\u00e1t\u00e1s\u00e1nak, agy\u00e1nak, kognit\u00edv \u00e9s pszichomotoros funkci\u00f3inak fejl\u0151d\u00e9s\u00e9ben, k\u00fcl\u00f6n\u00f6sen az els\u0151 \u00e9let\u00e9vben D3-vitamin hozz\u00e1j\u00e1rul a norm\u00e1l felsz\u00edv\u00f3d\u00e1shoz \u00e9s jav\u00edtja a kalcium \u00e9s a foszfor hasznosul\u00e1s\u00e1t az em\u00e9szt\u0151rendszerb\u0151l, valamint szerepet j\u00e1tszik a norm\u00e1l csont mineraliz\u00e1ci\u00f3ban. Sz\u00fcks\u00e9ges a fogak \u00e9s csontok megfelel\u0151 fejl\u0151d\u00e9s\u00e9hez \u00e9s n\u00f6veked\u00e9s\u00e9hez.<br \/>\nEnnek a vitaminnak a hi\u00e1nya t\u00f6r\u00e9keny, t\u00f6r\u00e9keny csontozat kialakul\u00e1s\u00e1hoz \u00e9s egy angolk\u00f3r nev\u0171 betegs\u00e9g kialakul\u00e1s\u00e1hoz vezethet, ez\u00e9rt az els\u0151 \u00e9let\u00e9vben, majd a t\u00e9li h\u00f3napokban (okt\u00f3bert\u0151l m\u00e1rciusig) napi 400 IJ k\u00f6telez\u0151 bevitel javasolt. ).<br \/>\nHa bab\u00e1ja Babytol D3 + K1-et kap helyetted! a sz\u00fclet\u00e9st k\u00f6vet\u0151 harmadik h\u00f3nap v\u00e9g\u00e9ig Babytol DHA Omeg\u00e1t a Babytol D3+ K1-gyel egy\u00fctt javasolt adni! (tiszta DHA napi 100 mg-os adagban). A Babytol D3+K1 alkalmaz\u00e1s\u00e1nak befejez\u00e9se ut\u00e1n folytassa a Babytol D3 + DHA Omega alkalmaz\u00e1s\u00e1t, mert a Babytol D3 + DHA Omega a baba sz\u00e1m\u00e1ra sz\u00fcks\u00e9ges DHA-t \u00e9s D3-vitamint tartalmazza a harmadik \u00e9v v\u00e9g\u00e9ig.<br \/>\nHa bab\u00e1ja adapt\u00e1lt anyatej-helyettes\u00edt\u0151 t\u00e1pszert kap, az m\u00e1r tartalmaz K1-vitamint. Ebben az esetben haszn\u00e1lja a Babytol D3 + DHA Omeg\u00e1t, mert a harmadik \u00e9let\u00e9v v\u00e9g\u00e9ig tartalmazza a baba sz\u00e1m\u00e1ra sz\u00fcks\u00e9ges DHA-t \u00e9s D3-vitamint.<\/p>\n<p><strong>Adagol\u00e1s \u00e9s felhaszn\u00e1l\u00e1si m\u00f3d<\/strong><br \/>\nFord\u00edtsa el a kapszula fels\u0151 r\u00e9sz\u00e9t, h\u00fazza meg \u00e9s vegye ki. Nyomja a kapszula tartalm\u00e1t k\u00f6zvetlen\u00fcl a baba sz\u00e1j\u00e1ba. Adjon egy kapszul\u00e1t naponta.<\/p>\n<p><strong>Jegyzet:<\/strong>\u00a0Arra t\u00f6reksz\u00fcnk, hogy minden term\u00e9k le\u00edr\u00e1s\u00e1n\u00e1l a lehet\u0151 legpontosabbak legy\u00fcnk, de nem tudjuk garant\u00e1lni, hogy minden le\u00edr\u00e1s teljes \u00e9s hibamentes. K\u00f6sz\u00f6n\u00f6m a meg\u00e9rt\u00e9st.<br \/>\nAz oldalon felt\u00fcntetett \u00f6sszes elem k\u00edn\u00e1latunk r\u00e9sz\u00e9t k\u00e9pezi, de ez nem jelenti azt, hogy mindenkor el\u00e9rhet\u0151.<\/p>","protected":false},"featured_media":1213,"template":"","meta":[],"product_brand":[],"product_cat":[340],"product_tag":[],"class_list":{"0":"post-1212","1":"product","2":"type-product","3":"status-publish","4":"has-post-thumbnail","6":"product_cat-deciji-program","7":"pa_brend-4u-pharma","9":"first","10":"instock","11":"purchasable","12":"product-type-simple"},"ams_default_variation_id":0,"ams_product_points_reward":[],"ams_product_discount_percentage":0,"ams_price_to_display":1111.73,"ams_acf":[],"jetpack_sharing_enabled":true,"_links":{"self":[{"href":"https:\/\/apotekar-online.rs\/hu\/wp-json\/wp\/v2\/product\/1212","targetHints":{"allow":["GET"]}}],"collection":[{"href":"https:\/\/apotekar-online.rs\/hu\/wp-json\/wp\/v2\/product"}],"about":[{"href":"https:\/\/apotekar-online.rs\/hu\/wp-json\/wp\/v2\/types\/product"}],"wp:featuredmedia":[{"embeddable":true,"href":"https:\/\/apotekar-online.rs\/hu\/wp-json\/wp\/v2\/media\/1213"}],"wp:attachment":[{"href":"https:\/\/apotekar-online.rs\/hu\/wp-json\/wp\/v2\/media?parent=1212"}],"wp:term":[{"taxonomy":"product_brand","embeddable":true,"href":"https:\/\/apotekar-online.rs\/hu\/wp-json\/wp\/v2\/product_brand?post=1212"},{"taxonomy":"product_cat","embeddable":true,"href":"https:\/\/apotekar-online.rs\/hu\/wp-json\/wp\/v2\/product_cat?post=1212"},{"taxonomy":"product_tag","embeddable":true,"href":"https:\/\/apotekar-online.rs\/hu\/wp-json\/wp\/v2\/product_tag?post=1212"}],"curies":[{"name":"wp","href":"https:\/\/api.w.org\/{rel}","templated":true}]}}