{"id":1288,"date":"2022-07-12T10:09:05","date_gmt":"2022-07-12T12:09:05","guid":{"rendered":"https:\/\/apotekar-online.rs\/product\/propomint-sprej-za-decu-30ml\/"},"modified":"2026-03-05T08:22:42","modified_gmt":"2026-03-05T10:22:42","slug":"propomint-spray-gyerekeknek-30ml","status":"publish","type":"product","link":"https:\/\/apotekar-online.rs\/hu\/p\/propomint-sprej-za-decu-30ml\/","title":{"rendered":"Propomint spray gyerekeknek 30ml"},"content":{"rendered":"","protected":false},"excerpt":{"rendered":"<p>A Propomint gyermekeknek sz\u00e1nt spray propolisz, izlandi zuzm\u00f3 \u00e9s N-acetilcisztein standardiz\u00e1lt kivonat\u00e1n alapul, \u00e9s c\u00e9lja a torok, a sz\u00e1j\u00fcreg \u00e9s az \u00edny ny\u00e1lkah\u00e1rty\u00e1j\u00e1nak eg\u00e9szs\u00e9g\u00e9nek meg\u0151rz\u00e9se.<br \/>\nA term\u00e9kben tal\u00e1lhat\u00f3 standardiz\u00e1lt propolisz kivonat enyh\u00edti a torok- \u00e9s mandulagyullad\u00e1ssal, torokirrit\u00e1ci\u00f3val \u00e9s rekedts\u00e9ggel, sz\u00e1raz k\u00f6h\u00f6g\u00e9ssel, fog\u00ednybetegs\u00e9ggel, aft\u00e1kkal, stb. Megf\u00e1z\u00e1s \u00e9s influenza kezel\u00e9s\u00e9re haszn\u00e1lj\u00e1k, mert ler\u00f6vid\u00edti a betegs\u00e9g id\u0151tartam\u00e1t \u00e9s er\u0151s\u00edti a szervezet teljes immunrendszer\u00e9t.<br \/>\nAz izlandi zuzm\u00f3 bebor\u00edtja a sz\u00e1j\u00fcreg \u00e9s a garat gyulladt \u00e9s irrit\u00e1lt ny\u00e1lkah\u00e1rty\u00e1j\u00e1t, ez\u00e1ltal csillap\u00edtja a sz\u00e1raz, irrit\u00e1l\u00f3 k\u00f6h\u00f6g\u00e9st, \u00e9s seg\u00edthet a k\u00f6h\u00f6g\u00e9ssel \u00e9s rekedts\u00e9ggel j\u00e1r\u00f3 megf\u00e1z\u00e1s \u00e9s influenza eset\u00e9n is.<br \/>\nA term\u00e9kben tal\u00e1lhat\u00f3 N-acetil-cisztein cs\u00f6kkenti a felgy\u00fclemlett ny\u00e1lka viszkozit\u00e1s\u00e1t \u00e9s el\u0151seg\u00edti annak kiv\u00e1laszt\u00e1s\u00e1t a l\u00e9gz\u0151szervekb\u0151l. V\u00edrusfert\u0151z\u00e9sek, arc\u00fcreggyullad\u00e1s, h\u00f6rghurut \u00e9s egy\u00e9b l\u00e9g\u00fati betegs\u00e9gek ter\u00e1pi\u00e1j\u00e1nak kieg\u00e9sz\u00edt\u0151jek\u00e9nt alkalmazz\u00e1k.<br \/>\nA gyermekeknek sz\u00e1nt Propomint spray nem tartalmaz alkoholt, a m\u00e9z hozz\u00e1ad\u00e1sa \u00e9s a fodormenta arom\u00e1ja pedig nagyon kellemes \u00edzt ad neki. Haszn\u00e1lata az els\u0151 \u00e9let\u00e9vt\u0151l biztons\u00e1gos.<\/p>\n<p><strong>Adagol\u00e1s \u00e9s felhaszn\u00e1l\u00e1si m\u00f3d<\/strong><br \/>\nGyermekek 1-3 \u00e9ves korig: naponta 3 alkalommal, el\u0151zetes orvosi konzult\u00e1ci\u00f3val<br \/>\n3 \u00e9vesn\u00e9l id\u0151sebb gyermekek: naponta 4 alkalommal, 2-szer megsz\u00f3rva.<\/p>\n<p>&nbsp;<\/p>\n<p><strong>Jegyzet:<\/strong>\u00a0Arra t\u00f6reksz\u00fcnk, hogy minden term\u00e9k le\u00edr\u00e1s\u00e1n\u00e1l a lehet\u0151 legpontosabbak legy\u00fcnk, de nem tudjuk garant\u00e1lni, hogy minden le\u00edr\u00e1s teljes \u00e9s hibamentes. K\u00f6sz\u00f6n\u00f6m a meg\u00e9rt\u00e9st.<br \/>\nAz oldalon felt\u00fcntetett \u00f6sszes elem k\u00edn\u00e1latunk r\u00e9sz\u00e9t k\u00e9pezi, de ez nem jelenti azt, hogy mindenkor el\u00e9rhet\u0151.<\/p>","protected":false},"featured_media":1289,"template":"","meta":[],"product_brand":[],"product_cat":[340,106,148],"product_tag":[180,181,248],"class_list":{"0":"post-1288","1":"product","2":"type-product","3":"status-publish","4":"has-post-thumbnail","6":"product_cat-deciji-program","7":"product_cat-preparati-za-apetit-i-imunitet-kod-dece","8":"product_cat-preparati-za-prehladu-i-kasalj-kod-dece","9":"product_tag-deca","10":"product_tag-prehlada","11":"product_tag-propolis","13":"first","14":"instock","15":"purchasable","16":"product-type-simple"},"ams_default_variation_id":0,"ams_product_points_reward":[],"ams_product_discount_percentage":0,"ams_price_to_display":660,"ams_acf":[],"jetpack_sharing_enabled":true,"_links":{"self":[{"href":"https:\/\/apotekar-online.rs\/hu\/wp-json\/wp\/v2\/product\/1288","targetHints":{"allow":["GET"]}}],"collection":[{"href":"https:\/\/apotekar-online.rs\/hu\/wp-json\/wp\/v2\/product"}],"about":[{"href":"https:\/\/apotekar-online.rs\/hu\/wp-json\/wp\/v2\/types\/product"}],"wp:featuredmedia":[{"embeddable":true,"href":"https:\/\/apotekar-online.rs\/hu\/wp-json\/wp\/v2\/media\/1289"}],"wp:attachment":[{"href":"https:\/\/apotekar-online.rs\/hu\/wp-json\/wp\/v2\/media?parent=1288"}],"wp:term":[{"taxonomy":"product_brand","embeddable":true,"href":"https:\/\/apotekar-online.rs\/hu\/wp-json\/wp\/v2\/product_brand?post=1288"},{"taxonomy":"product_cat","embeddable":true,"href":"https:\/\/apotekar-online.rs\/hu\/wp-json\/wp\/v2\/product_cat?post=1288"},{"taxonomy":"product_tag","embeddable":true,"href":"https:\/\/apotekar-online.rs\/hu\/wp-json\/wp\/v2\/product_tag?post=1288"}],"curies":[{"name":"wp","href":"https:\/\/api.w.org\/{rel}","templated":true}]}}