{"id":1778,"date":"2022-09-20T18:54:15","date_gmt":"2022-09-20T18:54:15","guid":{"rendered":"https:\/\/apotekar-online.rs\/?post_type=product&#038;p=1778"},"modified":"2026-03-05T08:21:58","modified_gmt":"2026-03-05T10:21:58","slug":"mixa-babagel-furdeshez-es-tusolashoz-olajokkal-dusitott-400-ml","status":"publish","type":"product","link":"https:\/\/apotekar-online.rs\/hu\/p\/mixa-baby-gel-za-kupanje-i-tusiranje-obogacen-uljima-400-ml\/","title":{"rendered":"Mixa Babaf\u00fcrd\u0151 \u00e9s olajokkal d\u00fas\u00edtott tusf\u00fcrd\u0151 400 ml"},"content":{"rendered":"","protected":false},"excerpt":{"rendered":"<p>A Mixa baba f\u00fcrd\u0151- \u00e9s tusf\u00fcrd\u0151 olajokkal d\u00fas\u00edtott \u00e9s \u00e9rz\u00e9keny b\u0151rre is alkalmas. Ez a gyeng\u00e9d habz\u00f3 formula, amely gazdag t\u00e1pl\u00e1l\u00f3 olajokban \u00e9s glicerinben, tiszt\u00edtja, t\u00e1pl\u00e1lja \u00e9s \u00e1polja a b\u0151rt. Seg\u00edt meger\u0151s\u00edteni a b\u0151r v\u00e9d\u0151g\u00e1tj\u00e1t, \u00e9s cs\u00f6kkenti a nagyon sz\u00e1raz b\u0151r\u00f6n gyakori viszket\u00e9s \u00e9rz\u00e9s\u00e9t. Napi haszn\u00e1latra aj\u00e1nljuk az eg\u00e9sz csal\u00e1dnak.<\/p>\n<p><strong>A ... haszna:<\/strong><\/p>\n<p>Ezt a gyeng\u00e9d formul\u00e1t tusf\u00fcrd\u0151nek \u00e9s hajmos\u00f3nak aj\u00e1nljuk az eg\u00e9sz csal\u00e1dnak. Tartsa t\u00e1vol gyermekekt\u0151l. Ha szembe ker\u00fcl, alaposan \u00f6bl\u00edtse ki. A term\u00e9k \u00e9tkez\u00e9sre nem alkalmas.<\/p>\n<p><strong>Fogalmaz\u00e1s:<\/strong><\/p>\n<h6><strong>AQUA \/ V\u00cdZ,GLICERIN,N\u00c1TRIUM-LAURET-SZULF\u00c1T,PEG-200 HIDROG\u00c9N\u00c1LT GLICERIL PALM\u00c1T,COCO-BETAIN,PPG-5-CETETH-20,POLISZORB\u00c1T 20,PEG-7 GLICERIL KAK\u00c1D,PEG-60 RECIL\u00c9SZ\u00cdTETT \/1440 HYDROSZ\u00cdTOTT \/1440 ,CI 47005 \/ SAVS\u00c1RGA 3,COCAMIDE MEA,CETEARETH-60 MIRISTIL-GLIKOL,PARF\u00dcM \/ ILLAT,N\u00c1TRIUM-KL\u00d3RID,N\u00c1TRIUM-BENZO\u00c1T,N\u00c1TRIUM-HIDROXID,PRUNUSAMYGDALUS DULCIS DULCIS OLAJ, SZ\u00cdVOSACID OLAJ<\/strong><\/h6>","protected":false},"featured_media":1779,"template":"","meta":[],"product_brand":[],"product_cat":[224,177],"product_tag":[226,180,225,229],"class_list":{"0":"post-1778","1":"product","2":"type-product","3":"status-publish","4":"has-post-thumbnail","6":"product_cat-kozmetika-za-decu","7":"product_cat-nega-tela","8":"product_tag-atopijski-dermatitis","9":"product_tag-deca","10":"product_tag-nega","11":"product_tag-uljana-kupka","12":"pa_brend-mixa","14":"first","15":"instock","16":"shipping-taxable","17":"purchasable","18":"product-type-simple"},"ams_default_variation_id":0,"ams_product_points_reward":[],"ams_product_discount_percentage":0,"ams_price_to_display":610,"ams_acf":[],"jetpack_sharing_enabled":true,"_links":{"self":[{"href":"https:\/\/apotekar-online.rs\/hu\/wp-json\/wp\/v2\/product\/1778","targetHints":{"allow":["GET"]}}],"collection":[{"href":"https:\/\/apotekar-online.rs\/hu\/wp-json\/wp\/v2\/product"}],"about":[{"href":"https:\/\/apotekar-online.rs\/hu\/wp-json\/wp\/v2\/types\/product"}],"wp:featuredmedia":[{"embeddable":true,"href":"https:\/\/apotekar-online.rs\/hu\/wp-json\/wp\/v2\/media\/1779"}],"wp:attachment":[{"href":"https:\/\/apotekar-online.rs\/hu\/wp-json\/wp\/v2\/media?parent=1778"}],"wp:term":[{"taxonomy":"product_brand","embeddable":true,"href":"https:\/\/apotekar-online.rs\/hu\/wp-json\/wp\/v2\/product_brand?post=1778"},{"taxonomy":"product_cat","embeddable":true,"href":"https:\/\/apotekar-online.rs\/hu\/wp-json\/wp\/v2\/product_cat?post=1778"},{"taxonomy":"product_tag","embeddable":true,"href":"https:\/\/apotekar-online.rs\/hu\/wp-json\/wp\/v2\/product_tag?post=1778"}],"curies":[{"name":"wp","href":"https:\/\/api.w.org\/{rel}","templated":true}]}}