{"id":1780,"date":"2022-09-22T09:23:55","date_gmt":"2022-09-22T09:23:55","guid":{"rendered":"https:\/\/apotekar-online.rs\/?post_type=product&#038;p=1780"},"modified":"2026-03-05T08:21:58","modified_gmt":"2026-03-05T10:21:58","slug":"mixa-baba-tusfurdo-szappan-nelkul-hajra-es-testre-400-ml","status":"publish","type":"product","link":"https:\/\/apotekar-online.rs\/hu\/p\/mixa-baby-gel-za-kupanje-bez-sapuna-za-kosu-i-telo-400-ml\/","title":{"rendered":"Mixa Baba f\u00fcrd\u0151zsel\u00e9 szappan n\u00e9lk\u00fcl - hajra \u00e9s testre 400 ml"},"content":{"rendered":"","protected":false},"excerpt":{"rendered":"","protected":false},"featured_media":1781,"template":"","meta":[],"product_brand":[],"product_cat":[340,224],"product_tag":[],"class_list":{"0":"post-1780","1":"product","2":"type-product","3":"status-publish","4":"has-post-thumbnail","6":"product_cat-deciji-program","7":"product_cat-kozmetika-za-decu","9":"first","10":"instock","11":"shipping-taxable","12":"purchasable","13":"product-type-simple"},"ams_default_variation_id":0,"ams_product_points_reward":[],"ams_product_discount_percentage":0,"ams_price_to_display":545,"ams_acf":[],"jetpack_sharing_enabled":true,"_links":{"self":[{"href":"https:\/\/apotekar-online.rs\/hu\/wp-json\/wp\/v2\/product\/1780","targetHints":{"allow":["GET"]}}],"collection":[{"href":"https:\/\/apotekar-online.rs\/hu\/wp-json\/wp\/v2\/product"}],"about":[{"href":"https:\/\/apotekar-online.rs\/hu\/wp-json\/wp\/v2\/types\/product"}],"wp:featuredmedia":[{"embeddable":true,"href":"https:\/\/apotekar-online.rs\/hu\/wp-json\/wp\/v2\/media\/1781"}],"wp:attachment":[{"href":"https:\/\/apotekar-online.rs\/hu\/wp-json\/wp\/v2\/media?parent=1780"}],"wp:term":[{"taxonomy":"product_brand","embeddable":true,"href":"https:\/\/apotekar-online.rs\/hu\/wp-json\/wp\/v2\/product_brand?post=1780"},{"taxonomy":"product_cat","embeddable":true,"href":"https:\/\/apotekar-online.rs\/hu\/wp-json\/wp\/v2\/product_cat?post=1780"},{"taxonomy":"product_tag","embeddable":true,"href":"https:\/\/apotekar-online.rs\/hu\/wp-json\/wp\/v2\/product_tag?post=1780"}],"curies":[{"name":"wp","href":"https:\/\/api.w.org\/{rel}","templated":true}]}}