{"id":1895,"date":"2022-09-28T20:04:17","date_gmt":"2022-09-28T22:04:17","guid":{"rendered":"https:\/\/apotekar-online.rs\/?post_type=product&#038;p=1895"},"modified":"2026-03-05T08:21:57","modified_gmt":"2026-03-05T10:21:57","slug":"immunilflor-junior-szirup-200ml","status":"publish","type":"product","link":"https:\/\/apotekar-online.rs\/hu\/p\/immunilflor-junior-sirup-200ml\/","title":{"rendered":"Immunilflor Junior szirup 200ml"},"content":{"rendered":"","protected":false},"excerpt":{"rendered":"<p>Di\u00e9t\u00e1s \u00e9trend-kieg\u00e9sz\u00edt\u0151 cinkkel, \u00e1fony\u00e1val, csipkebogy\u00f3 kivonattal, acerol\u00e1val \u00e9s tindaliz\u00e1lt probiotikus bakt\u00e9riumokkal. A csipkebogy\u00f3 \u00e9s az acerola kivonat term\u00e9szetes C-vitamin forr\u00e1s, \u00e9s a cinkkel egy\u00fctt j\u00f3t\u00e9kony hat\u00e1ssal van a szervezet ellen\u00e1ll\u00f3 k\u00e9pess\u00e9g\u00e9nek er\u0151s\u00edt\u00e9s\u00e9re. A t\u00f6m\u00e9ny \u00e1fonyal\u00e9 antioxid\u00e1ns hat\u00e1s\u00fa vegy\u00fcleteket tartalmaz, amelyek semleges\u00edtik a szabad gy\u00f6k\u00f6k k\u00e1ros hat\u00e1sait. Ezt a probiotikumot tartalmaz\u00f3 \u00e1sv\u00e1nyi-vitamin szirupot gyermekeknek aj\u00e1nljuk az immunit\u00e1s er\u0151s\u00edt\u00e9s\u00e9re.<\/p>\n<p><strong>Adagol\u00e1s \u00e9s felhaszn\u00e1l\u00e1si m\u00f3d:<\/strong><\/p>\n<p>Gyermekek 3-8 \u00e9ves korig: 5 ml (1 kiskan\u00e1l) naponta. Feln\u0151ttek 8 \u00e9ves kort\u00f3l: 10 ml (2 kiskan\u00e1l) naponta<\/p>\n<p><strong>Fogalmaz\u00e1s:<\/strong><\/p>\n<p>\u00c1fonya gy\u00fcm\u00f6lcsl\u00e9 koncentr\u00e1tum (Vaccinium myrtillus) \u2026\u2026.. 100 mg Acerola gy\u00fcm\u00f6lcs foly\u00e9kony kivonat (Malpighia punicifolia) \u2026\u2026\u2026\u2026\u2026. 16,7 mg sz\u00e1raz csipkebogy\u00f3 gy\u00fcm\u00f6lcs kivonat (Rosa canina) \u2026\u2026\u2026\u2026\u2026\u2026. 10 mg Cink (cink-szulf\u00e1t) \u2026\u2026\u2026\u2026\u2026\u2026\u2026\u2026.. 2 mg Tindaliz\u00e1lt probiotikus bakt\u00e9riumok kever\u00e9ke (Lactobacillus casei, L. acidophilus, L. plantarum, Streptococcus thermophilus) \u2026. nem kevesebb, mint 350 milli\u00f3<\/p>\n<p><strong>Jegyzet:<\/strong>\u00a0Arra t\u00f6reksz\u00fcnk, hogy minden term\u00e9k le\u00edr\u00e1s\u00e1n\u00e1l a lehet\u0151 legpontosabbak legy\u00fcnk, de nem tudjuk garant\u00e1lni, hogy minden le\u00edr\u00e1s teljes \u00e9s hibamentes. K\u00f6sz\u00f6n\u00f6m a meg\u00e9rt\u00e9st.<br \/>\nAz oldalon felt\u00fcntetett \u00f6sszes elem k\u00edn\u00e1latunk r\u00e9sz\u00e9t k\u00e9pezi, de ez nem jelenti azt, hogy mindenkor el\u00e9rhet\u0151.<\/p>","protected":false},"featured_media":1897,"template":"","meta":[],"product_brand":[],"product_cat":[340,106],"product_tag":[190,253,185,247,189,245],"class_list":{"0":"post-1895","1":"product","2":"type-product","3":"status-publish","4":"has-post-thumbnail","6":"product_cat-deciji-program","7":"product_cat-preparati-za-apetit-i-imunitet-kod-dece","8":"product_tag-acerola","9":"product_tag-borovnica","10":"product_tag-cink","11":"product_tag-probiotici","12":"product_tag-sipurak","13":"product_tag-vitamin-c","15":"first","16":"instock","17":"shipping-taxable","18":"purchasable","19":"product-type-simple"},"ams_default_variation_id":0,"ams_product_points_reward":[],"ams_product_discount_percentage":0,"ams_price_to_display":963.07,"ams_acf":[],"jetpack_sharing_enabled":true,"_links":{"self":[{"href":"https:\/\/apotekar-online.rs\/hu\/wp-json\/wp\/v2\/product\/1895","targetHints":{"allow":["GET"]}}],"collection":[{"href":"https:\/\/apotekar-online.rs\/hu\/wp-json\/wp\/v2\/product"}],"about":[{"href":"https:\/\/apotekar-online.rs\/hu\/wp-json\/wp\/v2\/types\/product"}],"wp:featuredmedia":[{"embeddable":true,"href":"https:\/\/apotekar-online.rs\/hu\/wp-json\/wp\/v2\/media\/1897"}],"wp:attachment":[{"href":"https:\/\/apotekar-online.rs\/hu\/wp-json\/wp\/v2\/media?parent=1895"}],"wp:term":[{"taxonomy":"product_brand","embeddable":true,"href":"https:\/\/apotekar-online.rs\/hu\/wp-json\/wp\/v2\/product_brand?post=1895"},{"taxonomy":"product_cat","embeddable":true,"href":"https:\/\/apotekar-online.rs\/hu\/wp-json\/wp\/v2\/product_cat?post=1895"},{"taxonomy":"product_tag","embeddable":true,"href":"https:\/\/apotekar-online.rs\/hu\/wp-json\/wp\/v2\/product_tag?post=1895"}],"curies":[{"name":"wp","href":"https:\/\/api.w.org\/{rel}","templated":true}]}}