{"id":1920,"date":"2023-01-29T19:24:10","date_gmt":"2023-01-29T19:24:10","guid":{"rendered":"https:\/\/apotekar-online.rs\/?post_type=product&#038;p=1920"},"modified":"2026-04-05T18:16:32","modified_gmt":"2026-04-05T20:16:32","slug":"dietpharm-omega-3-50-kapszula","status":"publish","type":"product","link":"https:\/\/apotekar-online.rs\/hu\/p\/dietpharm-omega-3-50-kapsula\/","title":{"rendered":"Dietpharm Omega 3 50 kapszula"},"content":{"rendered":"","protected":false},"excerpt":{"rendered":"<p>&nbsp;<\/p>\n<p>Az Omega 3 kapszula tartalm\u00fa \u00e9trend-kieg\u00e9sz\u00edt\u0151<\/p>\n<p>EPA (eikozapenta\u00e9nsav) \u00e9s DHA (dokozahexa\u00e9nsav).<br \/>\nsav), amelyek hozz\u00e1j\u00e1rulnak a sz\u00edv norm\u00e1l m\u0171k\u00f6d\u00e9s\u00e9hez.<br \/>\nHozz\u00e1j\u00e1rul a norm\u00e1l agym\u0171k\u00f6d\u00e9shez \u00e9s a norm\u00e1l l\u00e1t\u00e1s fenntart\u00e1s\u00e1hoz.<br \/>\nA j\u00f3t\u00e9kony hat\u00e1s napi 250 mg EPA \u00e9s DHA bevitel\u00e9vel \u00e9rhet\u0151 el.<\/p>\n<p><strong>Adagol\u00e1s \u00e9s felhaszn\u00e1l\u00e1si m\u00f3d:<\/strong><\/p>\n<p>Feln\u0151ttek \u00e9s 6 \u00e9vesn\u00e9l id\u0151sebb gyermekek: 1 kapszula naponta 2-3 alkalommal \u00e9tkez\u00e9s k\u00f6zben.<\/p>\n<p><strong>Fogalmaz\u00e1s :<\/strong><\/p>\n<p>1 kapszula tartalma:<br \/>\n-1000 mg halolaj szabv\u00e1ny szerint<br \/>\n\u2013 180 mg 18% EPA (eikozapenta\u00e9nsav)<br \/>\n-120 mg 12% DHA<br \/>\n(dokozahex\u00e9nsav)<br \/>\n3 kapszula tartalma:<br \/>\n-3000 mg halolaj szabv\u00e1ny szerint<br \/>\n\u2013 540 mg 18% EPA (eikozapenta\u00e9nsav)<br \/>\n-360 mg 12% DHA<br \/>\n(dokozahex\u00e9nsav)<\/p>\n<p>&nbsp;<\/p>","protected":false},"featured_media":1921,"template":"","meta":[],"product_brand":[3079],"product_cat":[77,168,79],"product_tag":[260,259,257,258],"class_list":{"0":"post-1920","1":"product","2":"type-product","3":"status-publish","4":"has-post-thumbnail","6":"product_brand-dietpharm","7":"product_cat-imunitet","8":"product_cat-pamcenje-i-koncentracija","9":"product_cat-srce-krvni-sudovi-i-holesterol","10":"product_tag-koncentracija","11":"product_tag-krvni-sudovi","12":"product_tag-omega","13":"product_tag-srce","14":"pa_brend-dietpharm","16":"first","17":"instock","18":"shipping-taxable","19":"purchasable","20":"product-type-simple"},"ams_default_variation_id":0,"ams_product_points_reward":[],"ams_product_discount_percentage":0,"ams_price_to_display":819,"ams_acf":[],"jetpack_sharing_enabled":true,"_links":{"self":[{"href":"https:\/\/apotekar-online.rs\/hu\/wp-json\/wp\/v2\/product\/1920","targetHints":{"allow":["GET"]}}],"collection":[{"href":"https:\/\/apotekar-online.rs\/hu\/wp-json\/wp\/v2\/product"}],"about":[{"href":"https:\/\/apotekar-online.rs\/hu\/wp-json\/wp\/v2\/types\/product"}],"wp:featuredmedia":[{"embeddable":true,"href":"https:\/\/apotekar-online.rs\/hu\/wp-json\/wp\/v2\/media\/1921"}],"wp:attachment":[{"href":"https:\/\/apotekar-online.rs\/hu\/wp-json\/wp\/v2\/media?parent=1920"}],"wp:term":[{"taxonomy":"product_brand","embeddable":true,"href":"https:\/\/apotekar-online.rs\/hu\/wp-json\/wp\/v2\/product_brand?post=1920"},{"taxonomy":"product_cat","embeddable":true,"href":"https:\/\/apotekar-online.rs\/hu\/wp-json\/wp\/v2\/product_cat?post=1920"},{"taxonomy":"product_tag","embeddable":true,"href":"https:\/\/apotekar-online.rs\/hu\/wp-json\/wp\/v2\/product_tag?post=1920"}],"curies":[{"name":"wp","href":"https:\/\/api.w.org\/{rel}","templated":true}]}}