{"id":1922,"date":"2023-01-29T20:34:56","date_gmt":"2023-01-29T20:34:56","guid":{"rendered":"https:\/\/apotekar-online.rs\/?post_type=product&#038;p=1922"},"modified":"2026-03-05T08:21:56","modified_gmt":"2026-03-05T10:21:56","slug":"ferrimore-forte-30-kapszula","status":"publish","type":"product","link":"https:\/\/apotekar-online.rs\/hu\/p\/ferrimore-forte-30-kapsula\/","title":{"rendered":"Ferrimore Forte 30 kapszula"},"content":{"rendered":"","protected":false},"excerpt":{"rendered":"<p>&nbsp;<\/p>\n<p>A Ferrimore Forte C-vitamint tartalmaz\u00f3 kapszul\u00e1k vasp\u00f3tl\u00e1sra szolg\u00e1lnak k\u00fcl\u00f6nb\u00f6z\u0151 eredet\u0171 siderop\u00e9ni\u00e1s v\u00e9rszeg\u00e9nys\u00e9g eset\u00e9n. A vas hozz\u00e1j\u00e1rul a norm\u00e1l v\u00f6r\u00f6sv\u00e9rtestek \u00e9s hemoglobin k\u00e9pz\u0151d\u00e9shez, valamint a norm\u00e1l kognit\u00edv funkci\u00f3khoz. A C-vitamin fokozza a vas felsz\u00edv\u00f3d\u00e1s\u00e1t, \u00e9s egy\u00fcttesen hozz\u00e1j\u00e1rulnak az immunrendszer norm\u00e1l m\u0171k\u00f6d\u00e9s\u00e9hez, valamint a f\u00e1radts\u00e1g \u00e9s kimer\u00fclts\u00e9g cs\u00f6kkent\u00e9s\u00e9hez.<\/p>\n<p>Nem irrit\u00e1lja az em\u00e9szt\u0151rendszert, \u00e9s alkalmas terhes \u00e9s szoptat\u00f3 n\u0151k sz\u00e1m\u00e1ra<\/p>\n<p><strong>Adagol\u00e1s \u00e9s felhaszn\u00e1l\u00e1si m\u00f3d:<\/strong><\/p>\n<p>Napi 1 kapszula \u00e9tkez\u00e9s ut\u00e1n egy poh\u00e1r v\u00edzzel. Feln\u0151tteknek sz\u00e1nt.<\/p>\n<p>&nbsp;<\/p>\n<p>&nbsp;<\/p>","protected":false},"featured_media":1923,"template":"","meta":[],"product_brand":[],"product_cat":[83,77,89,78,85],"product_tag":[261,262,263],"class_list":{"0":"post-1922","1":"product","2":"type-product","3":"status-publish","4":"has-post-thumbnail","6":"product_cat-preparati-za-anemiju","7":"product_cat-imunitet","8":"product_cat-trudnoca-i-dojenje","9":"product_cat-vitamini-i-minerali","10":"product_cat-zdravlje-zena","11":"product_tag-anemija","12":"product_tag-gvozdje","13":"product_tag-trudnoca","14":"pa_brend-hemofarm","16":"first","17":"instock","18":"shipping-taxable","19":"purchasable","20":"product-type-simple"},"ams_default_variation_id":0,"ams_product_points_reward":[],"ams_product_discount_percentage":0,"ams_price_to_display":1980,"ams_acf":[],"jetpack_sharing_enabled":true,"_links":{"self":[{"href":"https:\/\/apotekar-online.rs\/hu\/wp-json\/wp\/v2\/product\/1922","targetHints":{"allow":["GET"]}}],"collection":[{"href":"https:\/\/apotekar-online.rs\/hu\/wp-json\/wp\/v2\/product"}],"about":[{"href":"https:\/\/apotekar-online.rs\/hu\/wp-json\/wp\/v2\/types\/product"}],"wp:featuredmedia":[{"embeddable":true,"href":"https:\/\/apotekar-online.rs\/hu\/wp-json\/wp\/v2\/media\/1923"}],"wp:attachment":[{"href":"https:\/\/apotekar-online.rs\/hu\/wp-json\/wp\/v2\/media?parent=1922"}],"wp:term":[{"taxonomy":"product_brand","embeddable":true,"href":"https:\/\/apotekar-online.rs\/hu\/wp-json\/wp\/v2\/product_brand?post=1922"},{"taxonomy":"product_cat","embeddable":true,"href":"https:\/\/apotekar-online.rs\/hu\/wp-json\/wp\/v2\/product_cat?post=1922"},{"taxonomy":"product_tag","embeddable":true,"href":"https:\/\/apotekar-online.rs\/hu\/wp-json\/wp\/v2\/product_tag?post=1922"}],"curies":[{"name":"wp","href":"https:\/\/api.w.org\/{rel}","templated":true}]}}