{"id":1927,"date":"2023-01-29T21:12:25","date_gmt":"2023-01-29T21:12:25","guid":{"rendered":"https:\/\/apotekar-online.rs\/?post_type=product&#038;p=1927"},"modified":"2026-03-31T00:00:08","modified_gmt":"2026-03-31T02:00:08","slug":"k2d3-viva-30-kapszula","status":"publish","type":"product","link":"https:\/\/apotekar-online.rs\/hu\/p\/k2d3-viva-30-kapsula\/","title":{"rendered":"K2D3 Viva, 30 kapszula"},"content":{"rendered":"","protected":false},"excerpt":{"rendered":"<p>A csonts\u0171r\u0171s\u00e9g n\u00f6vel\u00e9s\u00e9re \u00e9s az er\u0151s immunit\u00e1s n\u00f6vel\u00e9s\u00e9re. Osteopeni\u00e1val \u00e9s csontritkul\u00e1ssal, t\u00f6r\u00e9sekkel. A nagy d\u00f3zis\u00fa K2- \u00e9s D3-vitaminnak k\u00f6sz\u00f6nhet\u0151en er\u0151s\u00edti a csontokat, az \u00edz\u00fcleteket, az immunit\u00e1st \u00e9s az izmokat.<\/p>\n<p>A K2D3\u00ae VIVA k\u00e9sz\u00edtm\u00e9nyben l\u00e9v\u0151 nagy d\u00f3zis\u00fa D3- \u00e9s K2-vitamin az aj\u00e1nl\u00e1soknak megfelel\u0151en hozz\u00e1j\u00e1rul a D3-vitamin-rakt\u00e1rak gyors felt\u00f6lt\u00e9s\u00e9hez, \u00e9s seg\u00edt megel\u0151zni az osteopenia \u00e9s a csontritkul\u00e1s kialakul\u00e1s\u00e1t. A D-vitamin hozz\u00e1j\u00e1rul a kalcium \u00e9s foszfor norm\u00e1l felsz\u00edv\u00f3d\u00e1s\u00e1hoz \u00e9s hasznosul\u00e1s\u00e1hoz, a v\u00e9r norm\u00e1l kalciumszintj\u00e9nek fenntart\u00e1s\u00e1hoz, a norm\u00e1l csontozat fenntart\u00e1s\u00e1hoz \u00e9s az immunrendszer norm\u00e1l m\u0171k\u00f6d\u00e9s\u00e9hez. A D-vitamin \u00e9s a kalcium cs\u00f6kkenti a csontt\u00f6meg cs\u00f6kken\u00e9s\u00e9t a menopauza ut\u00e1ni id\u0151szakban, csontritkul\u00e1ssal \u00e9s oszteop\u00e9ni\u00e1val. A K2-vitamin aktiv\u00e1lja az oszteokalcint, a kalcium csontba val\u00f3 be\u00e9p\u00fcl\u00e9s\u00e9\u00e9rt felel\u0151s feh\u00e9rj\u00e9t, ami a csonts\u0171r\u0171s\u00e9g n\u00f6veked\u00e9s\u00e9hez \u00e9s a t\u00f6r\u00e9sekkel szembeni ellen\u00e1ll\u00e1shoz vezet. Ezenk\u00edv\u00fcl megakad\u00e1lyozza a kalcium lerak\u00f3d\u00e1sok kialakul\u00e1s\u00e1t a l\u00e1gy sz\u00f6vetekben, p\u00e9ld\u00e1ul \u00edz\u00fcletekben, erekben stb. K2-vitamin hi\u00e1ny\u00e1ban a kalcium a l\u00e1gy sz\u00f6vetekben rak\u00f3dik le, \u00e9s az \u00edz\u00fcletek \u00e9s szervek hossz\u00fa t\u00e1v\u00fa vesz\u00e9lyes meszesed\u00e9s\u00e9hez vezet. Ez\u00e9rt mindig sz\u00fcks\u00e9ges a K2-vitamint a D3-vitamin mellett szedni.<\/p>\n<p><strong>Adagol\u00e1s \u00e9s felhaszn\u00e1l\u00e1si m\u00f3d:<\/strong><\/p>\n<p>1 kapszula naponta.<\/p>","protected":false},"featured_media":1928,"template":"","meta":[],"product_brand":[3145],"product_cat":[82,86,78,84,85],"product_tag":[179,267,1072,732,327,326,268],"class_list":{"0":"post-1927","1":"product","2":"type-product","3":"status-publish","4":"has-post-thumbnail","6":"product_brand-abela","7":"product_cat-kosti-zglobovi-i-neuropatski-bol","8":"product_cat-menopauza","9":"product_cat-vitamini-i-minerali","10":"product_cat-zdravlje-muskaraca","11":"product_cat-zdravlje-zena","12":"product_tag-imunitet","13":"product_tag-kosti","14":"product_tag-maligna-oboljenja","15":"product_tag-osteoporoza","16":"product_tag-vitamin-d3","17":"product_tag-vitamin-k2","18":"product_tag-zglobovi","19":"pa_brend-abela-pharm","21":"first","22":"instock","23":"shipping-taxable","24":"purchasable","25":"product-type-simple"},"ams_default_variation_id":0,"ams_product_points_reward":[],"ams_product_discount_percentage":0,"ams_price_to_display":1511.1,"ams_acf":[],"jetpack_sharing_enabled":true,"_links":{"self":[{"href":"https:\/\/apotekar-online.rs\/hu\/wp-json\/wp\/v2\/product\/1927","targetHints":{"allow":["GET"]}}],"collection":[{"href":"https:\/\/apotekar-online.rs\/hu\/wp-json\/wp\/v2\/product"}],"about":[{"href":"https:\/\/apotekar-online.rs\/hu\/wp-json\/wp\/v2\/types\/product"}],"wp:featuredmedia":[{"embeddable":true,"href":"https:\/\/apotekar-online.rs\/hu\/wp-json\/wp\/v2\/media\/1928"}],"wp:attachment":[{"href":"https:\/\/apotekar-online.rs\/hu\/wp-json\/wp\/v2\/media?parent=1927"}],"wp:term":[{"taxonomy":"product_brand","embeddable":true,"href":"https:\/\/apotekar-online.rs\/hu\/wp-json\/wp\/v2\/product_brand?post=1927"},{"taxonomy":"product_cat","embeddable":true,"href":"https:\/\/apotekar-online.rs\/hu\/wp-json\/wp\/v2\/product_cat?post=1927"},{"taxonomy":"product_tag","embeddable":true,"href":"https:\/\/apotekar-online.rs\/hu\/wp-json\/wp\/v2\/product_tag?post=1927"}],"curies":[{"name":"wp","href":"https:\/\/api.w.org\/{rel}","templated":true}]}}