{"id":1986,"date":"2023-03-04T17:01:26","date_gmt":"2023-03-04T17:01:26","guid":{"rendered":"https:\/\/apotekar-online.rs\/?post_type=product&#038;p=1986"},"modified":"2026-03-05T08:21:54","modified_gmt":"2026-03-05T10:21:54","slug":"dietpharm-makulin-vitreo-x30-tabletta","status":"publish","type":"product","link":"https:\/\/apotekar-online.rs\/hu\/p\/dietpharm-makulin-vitreo-x30-tableta\/","title":{"rendered":"Dietpharm MAKULIN\u00ae VITREO, x30 tabletta"},"content":{"rendered":"","protected":false},"excerpt":{"rendered":"<p><strong>Makulin Vitreo\u00ae<\/strong> a szem eg\u00e9szs\u00e9g\u00e9t szolg\u00e1l\u00f3 \u00e9trend-kieg\u00e9sz\u00edt\u0151 hialuronsavval, sz\u0151l\u0151mag-kivonattal, heszperidinnel, L-lizinnel, vitaminokkal, B2-, B6-, C- \u00e9s E-vitaminokkal, valamint cinkkel \u00e9s szel\u00e9nnel. Az \u00fcvegtestben degenerat\u00edv elv\u00e1ltoz\u00e1sokkal k\u00fczd\u0151 id\u0151s emberek sz\u00e1m\u00e1ra k\u00e9sz\u00fclt.<\/p>\n<p><strong>Adagol\u00e1s \u00e9s felhaszn\u00e1l\u00e1si m\u00f3d:<\/strong><\/p>\n<p>Napi 1 tabletta \u00e9tkez\u00e9s k\u00f6zben.<\/p>\n<p><strong>Fogalmaz\u00e1s :<\/strong><\/p>\n<div><strong>1 tabletta tartalma:<\/strong><\/div>\n<div>\u00a0\u2013 L-lizin (L-lizin-hidroklorid) 164 mg<\/div>\n<div>\u00a0- Heszperidin 65 mg<\/div>\n<div>\u00a0\u2013 Sz\u00e1raz sz\u0151l\u0151mag kivonat (Vitis vinifera) 95 % proantocianidinre standardiz\u00e1lt 29,5 mg<\/div>\n<div>\u00a0- Hialuronsav (n\u00e1trium-hialuron\u00e1t) 10 mg<\/div>\n<div>\u00a0\u2013 C-vitamin (L-aszkorbinsav) 80 mg<\/div>\n<div>\u00a0\u2013 E-vitamin (DL-alfa-tokoferil-acet\u00e1t) 10 mg \u03b1-TE<\/div>\n<div>\u00a0- Riboflavin (riboflavin) 1,4 mg<\/div>\n<div>\u00a0\u2013 B6-vitamin (piridoxin-hidroklorid) 1,4 mg<\/div>\n<div>\u00a0\u2013 Cink (cink-citr\u00e1t) 5 mg<\/div>\n<div>\u00a0\u2013 Szel\u00e9n (n\u00e1trium-szelenit) 28 \u00b5g.<\/div>\n<div><strong>Jegyzet:<\/strong>\u00a0Arra t\u00f6reksz\u00fcnk, hogy minden term\u00e9k le\u00edr\u00e1s\u00e1n\u00e1l a lehet\u0151 legpontosabbak legy\u00fcnk, de nem tudjuk garant\u00e1lni, hogy minden le\u00edr\u00e1s teljes \u00e9s hibamentes. K\u00f6sz\u00f6n\u00f6m a meg\u00e9rt\u00e9st.<br \/>\nAz oldalon felt\u00fcntetett \u00f6sszes elem k\u00edn\u00e1latunk r\u00e9sz\u00e9t k\u00e9pezi, de ez nem jelenti azt, hogy mindenkor el\u00e9rhet\u0151.<\/div>","protected":false},"featured_media":1987,"template":"","meta":[],"product_brand":[],"product_cat":[139],"product_tag":[185,235,306,232,245,209],"class_list":{"0":"post-1986","1":"product","2":"type-product","3":"status-publish","4":"has-post-thumbnail","6":"product_cat-vitamini-za-oci-i-vestacke-suze","7":"product_tag-cink","8":"product_tag-selen","9":"product_tag-vitamin-b2","10":"product_tag-vitamin-b6","11":"product_tag-vitamin-c","12":"product_tag-vitamin-e","14":"first","15":"instock","16":"shipping-taxable","17":"purchasable","18":"product-type-simple"},"ams_default_variation_id":0,"ams_product_points_reward":[],"ams_product_discount_percentage":0,"ams_price_to_display":1320,"ams_acf":[],"jetpack_sharing_enabled":true,"_links":{"self":[{"href":"https:\/\/apotekar-online.rs\/hu\/wp-json\/wp\/v2\/product\/1986","targetHints":{"allow":["GET"]}}],"collection":[{"href":"https:\/\/apotekar-online.rs\/hu\/wp-json\/wp\/v2\/product"}],"about":[{"href":"https:\/\/apotekar-online.rs\/hu\/wp-json\/wp\/v2\/types\/product"}],"wp:featuredmedia":[{"embeddable":true,"href":"https:\/\/apotekar-online.rs\/hu\/wp-json\/wp\/v2\/media\/1987"}],"wp:attachment":[{"href":"https:\/\/apotekar-online.rs\/hu\/wp-json\/wp\/v2\/media?parent=1986"}],"wp:term":[{"taxonomy":"product_brand","embeddable":true,"href":"https:\/\/apotekar-online.rs\/hu\/wp-json\/wp\/v2\/product_brand?post=1986"},{"taxonomy":"product_cat","embeddable":true,"href":"https:\/\/apotekar-online.rs\/hu\/wp-json\/wp\/v2\/product_cat?post=1986"},{"taxonomy":"product_tag","embeddable":true,"href":"https:\/\/apotekar-online.rs\/hu\/wp-json\/wp\/v2\/product_tag?post=1986"}],"curies":[{"name":"wp","href":"https:\/\/api.w.org\/{rel}","templated":true}]}}