{"id":1990,"date":"2023-03-04T17:18:03","date_gmt":"2023-03-04T19:18:03","guid":{"rendered":"https:\/\/apotekar-online.rs\/?post_type=product&#038;p=1990"},"modified":"2026-03-05T08:21:54","modified_gmt":"2026-03-05T10:21:54","slug":"dietpharm-makulin-retino-30-kapszula","status":"publish","type":"product","link":"https:\/\/apotekar-online.rs\/hu\/p\/dietpharm-makulin-retino-30-kapsula\/","title":{"rendered":"Dietpharm MAKULIN\u00ae RETINO, 30 kapszula"},"content":{"rendered":"","protected":false},"excerpt":{"rendered":"<p><strong>Dietpharm MAKULIN\u00ae RETINO<\/strong> egy t\u00e1pl\u00e1l\u00e9k-kieg\u00e9sz\u00edt\u0151 a szem strukt\u00far\u00e1inak, k\u00fcl\u00f6n\u00f6sen a retina eg\u00e9szs\u00e9g\u00e9nek \u00e9s v\u00e9delm\u00e9nek \u00e9rdek\u00e9ben.<\/p>\n<p><strong>Adagol\u00e1s \u00e9s felhaszn\u00e1l\u00e1si m\u00f3d:<\/strong><\/p>\n<p>Feln\u0151ttek \u00e9s 14 \u00e9v feletti gyermekek napi 1 kapszul\u00e1t vegyenek be.<\/p>\n<p><strong>Fogalmaz\u00e1s :<\/strong><\/p>\n<div><strong>1 kapszula tartalma:<\/strong><\/div>\n<div>\u00a0- Tiamin (tiamin-hidroklorid) - 1,1 mg<\/div>\n<div>\u00a0- B6-vitamin (piridoxin-hidroklorid) - 1,4 mg<\/div>\n<div>\u00a0\u2013 Folsav Quatrefolic\u00ae ((6S)-5-metiltetrahidrofolsav, gl\u00fck\u00f3zamin s\u00f3 (5-MTHF-gl\u00fck\u00f3zamin)) \u2013 200 \u00b5g<\/div>\n<div>\u00a0\u2013 B12-vitamin (cianokobalamin) \u2013 2,5 \u00b5g<\/div>\n<div>\u00a0- Cink (cink-citr\u00e1t) - 10 mg<\/div>\n<div>\u00a0\u2013 Szel\u00e9n (L-szelenometionin) \u2013 55 \u00b5g<\/div>\n<div>\u00a0- Lutein - 10 mg<\/div>\n<div>\u00a0- Zeaxanthin - 0,5 mg<\/div>\n<div>\u00a0- Rutin - 50 mg.<\/div>\n<div><strong>Jegyzet:<\/strong>\u00a0Arra t\u00f6reksz\u00fcnk, hogy minden term\u00e9k le\u00edr\u00e1s\u00e1n\u00e1l a lehet\u0151 legpontosabbak legy\u00fcnk, de nem tudjuk garant\u00e1lni, hogy minden le\u00edr\u00e1s teljes \u00e9s hibamentes. K\u00f6sz\u00f6n\u00f6m a meg\u00e9rt\u00e9st.<br \/>\nAz oldalon felt\u00fcntetett \u00f6sszes elem k\u00edn\u00e1latunk r\u00e9sz\u00e9t k\u00e9pezi, de ez nem jelenti azt, hogy mindenkor el\u00e9rhet\u0151.<\/div>","protected":false},"featured_media":1991,"template":"","meta":[],"product_brand":[],"product_cat":[139],"product_tag":[185,279,235,307,291,232,304],"class_list":{"0":"post-1990","1":"product","2":"type-product","3":"status-publish","4":"has-post-thumbnail","6":"product_cat-vitamini-za-oci-i-vestacke-suze","7":"product_tag-cink","8":"product_tag-folna-kiselina","9":"product_tag-selen","10":"product_tag-vitamin-b1","11":"product_tag-vitamin-b12","12":"product_tag-vitamin-b6","13":"product_tag-vitamini","15":"first","16":"instock","17":"shipping-taxable","18":"purchasable","19":"product-type-simple"},"ams_default_variation_id":0,"ams_product_points_reward":[],"ams_product_discount_percentage":0,"ams_price_to_display":1320,"ams_acf":[],"jetpack_sharing_enabled":true,"_links":{"self":[{"href":"https:\/\/apotekar-online.rs\/hu\/wp-json\/wp\/v2\/product\/1990","targetHints":{"allow":["GET"]}}],"collection":[{"href":"https:\/\/apotekar-online.rs\/hu\/wp-json\/wp\/v2\/product"}],"about":[{"href":"https:\/\/apotekar-online.rs\/hu\/wp-json\/wp\/v2\/types\/product"}],"wp:featuredmedia":[{"embeddable":true,"href":"https:\/\/apotekar-online.rs\/hu\/wp-json\/wp\/v2\/media\/1991"}],"wp:attachment":[{"href":"https:\/\/apotekar-online.rs\/hu\/wp-json\/wp\/v2\/media?parent=1990"}],"wp:term":[{"taxonomy":"product_brand","embeddable":true,"href":"https:\/\/apotekar-online.rs\/hu\/wp-json\/wp\/v2\/product_brand?post=1990"},{"taxonomy":"product_cat","embeddable":true,"href":"https:\/\/apotekar-online.rs\/hu\/wp-json\/wp\/v2\/product_cat?post=1990"},{"taxonomy":"product_tag","embeddable":true,"href":"https:\/\/apotekar-online.rs\/hu\/wp-json\/wp\/v2\/product_tag?post=1990"}],"curies":[{"name":"wp","href":"https:\/\/api.w.org\/{rel}","templated":true}]}}