{"id":2018,"date":"2023-03-05T14:56:46","date_gmt":"2023-03-05T16:56:46","guid":{"rendered":"https:\/\/apotekar-online.rs\/?post_type=product&#038;p=2018"},"modified":"2026-03-05T08:21:51","modified_gmt":"2026-03-05T10:21:51","slug":"dietpharm-b-complex-forte-60-tabletta","status":"publish","type":"product","link":"https:\/\/apotekar-online.rs\/hu\/p\/dietpharm-b-complex-forte-60-tableta\/","title":{"rendered":"Dietpharm B KOMPLEX FORTE 60 tabletta"},"content":{"rendered":"","protected":false},"excerpt":{"rendered":"<p><strong>Dietpharm B Complex Forte<\/strong> egy \u00e9trend-kieg\u00e9sz\u00edt\u0151, amely nagy d\u00f3zisban tartalmazza mind a 8 B csoport vitaminj\u00e1t. A B1, B2, B3, B6, B7 \u00e9s B12 vitaminok hozz\u00e1j\u00e1rulnak az idegrendszer norm\u00e1l m\u0171k\u00f6d\u00e9s\u00e9hez. A B5-vitamin hozz\u00e1j\u00e1rul a norm\u00e1l szellemi k\u00e9pess\u00e9gekhez. A B6, B9 \u00e9s B12 vitaminok hozz\u00e1j\u00e1rulnak az immunrendszer norm\u00e1l m\u0171k\u00f6d\u00e9s\u00e9hez. A B7-vitamin hozz\u00e1j\u00e1rul a b\u0151r \u00e9s a haj eg\u00e9szs\u00e9g\u00e9nek meg\u0151rz\u00e9s\u00e9hez.<\/p>\n<p><strong>Adagol\u00e1s \u00e9s felhaszn\u00e1l\u00e1si m\u00f3d:<\/strong><\/p>\n<p>Feln\u0151tteknek napi 1 tablett\u00e1t kell bevenni \u00e9tkez\u00e9s ut\u00e1n.<\/p>\n<p><strong>Fogalmaz\u00e1s :<\/strong><\/p>\n<p>B1-vitamin \/ tiamin (tiamin-mononitr\u00e1t) - 23 mg<br \/>\nB2-vitamin \/ riboflavin - 23 mg<br \/>\nB3-vitamin \/ niacin (nikotinamid) - 33 mg<br \/>\nB5-vitamin \/ pantot\u00e9nsav - 16 mg<br \/>\nB6-vitamin \/ piridoxin-hidroklorid - 18 mg<br \/>\nB7-vitamin \/ biotin (D-biotin) \u2013 145 \u00b5g<br \/>\nB9-vitamin \/ folsav (kalcium-L-metilfol\u00e1t) - 450 \u00b5g<br \/>\nB12-vitamin \/ cianokobalamin \u2013 20 \u00b5g.<\/p>\n<p><strong>Jegyzet:<\/strong>\u00a0Arra t\u00f6reksz\u00fcnk, hogy minden term\u00e9k le\u00edr\u00e1s\u00e1n\u00e1l a lehet\u0151 legpontosabbak legy\u00fcnk, de nem tudjuk garant\u00e1lni, hogy minden le\u00edr\u00e1s teljes \u00e9s hibamentes. K\u00f6sz\u00f6n\u00f6m a meg\u00e9rt\u00e9st.<br \/>\nAz oldalon felt\u00fcntetett \u00f6sszes elem k\u00edn\u00e1latunk r\u00e9sz\u00e9t k\u00e9pezi, de ez nem jelenti azt, hogy mindenkor el\u00e9rhet\u0151.<\/p>","protected":false},"featured_media":2019,"template":"","meta":[],"product_brand":[],"product_cat":[77,136,78],"product_tag":[179,287,299,322,307,291,306,324,232],"class_list":{"0":"post-2018","1":"product","2":"type-product","3":"status-publish","4":"has-post-thumbnail","6":"product_cat-imunitet","7":"product_cat-stres-depresija-i-miran-san","8":"product_cat-vitamini-i-minerali","9":"product_tag-imunitet","10":"product_tag-kosa","11":"product_tag-nega-koze","12":"product_tag-nervni-sistem","13":"product_tag-vitamin-b1","14":"product_tag-vitamin-b12","15":"product_tag-vitamin-b2","16":"product_tag-vitamin-b3","17":"product_tag-vitamin-b6","19":"first","20":"instock","21":"shipping-taxable","22":"purchasable","23":"product-type-simple"},"ams_default_variation_id":0,"ams_product_points_reward":[],"ams_product_discount_percentage":0,"ams_price_to_display":525,"ams_acf":[],"jetpack_sharing_enabled":true,"_links":{"self":[{"href":"https:\/\/apotekar-online.rs\/hu\/wp-json\/wp\/v2\/product\/2018","targetHints":{"allow":["GET"]}}],"collection":[{"href":"https:\/\/apotekar-online.rs\/hu\/wp-json\/wp\/v2\/product"}],"about":[{"href":"https:\/\/apotekar-online.rs\/hu\/wp-json\/wp\/v2\/types\/product"}],"wp:featuredmedia":[{"embeddable":true,"href":"https:\/\/apotekar-online.rs\/hu\/wp-json\/wp\/v2\/media\/2019"}],"wp:attachment":[{"href":"https:\/\/apotekar-online.rs\/hu\/wp-json\/wp\/v2\/media?parent=2018"}],"wp:term":[{"taxonomy":"product_brand","embeddable":true,"href":"https:\/\/apotekar-online.rs\/hu\/wp-json\/wp\/v2\/product_brand?post=2018"},{"taxonomy":"product_cat","embeddable":true,"href":"https:\/\/apotekar-online.rs\/hu\/wp-json\/wp\/v2\/product_cat?post=2018"},{"taxonomy":"product_tag","embeddable":true,"href":"https:\/\/apotekar-online.rs\/hu\/wp-json\/wp\/v2\/product_tag?post=2018"}],"curies":[{"name":"wp","href":"https:\/\/api.w.org\/{rel}","templated":true}]}}