{"id":2020,"date":"2023-03-05T15:16:36","date_gmt":"2023-03-05T17:16:36","guid":{"rendered":"https:\/\/apotekar-online.rs\/?post_type=product&#038;p=2020"},"modified":"2026-03-05T08:21:51","modified_gmt":"2026-03-05T10:21:51","slug":"dietpharm-folic-active","status":"publish","type":"product","link":"https:\/\/apotekar-online.rs\/hu\/p\/dietpharm-folic-active\/","title":{"rendered":"Dietpharm Folic Active"},"content":{"rendered":"","protected":false},"excerpt":{"rendered":"<p><strong>Folic Active kapszula<\/strong> akt\u00edv fol\u00e1tot tartalmaz\u00f3 \u00e9trend-kieg\u00e9sz\u00edt\u0151k. A reprodukt\u00edv szakaszban l\u00e9v\u0151 n\u0151k sz\u00e1m\u00e1ra k\u00e9sz\u00fcltek. Veget\u00e1ri\u00e1nusok sz\u00e1m\u00e1ra is alkalmas. A j\u00f3t\u00e9kony hat\u00e1st legal\u00e1bb 400 \u03bcg folsav napi bevitel\u00e9vel \u00e9ri el legal\u00e1bb egy h\u00f3nappal a fogantat\u00e1s el\u0151tt \u00e9s h\u00e1rom h\u00f3nappal a fogantat\u00e1s ut\u00e1n.<\/p>\n<p><strong>Adagol\u00e1s \u00e9s felhaszn\u00e1l\u00e1si m\u00f3d:<\/strong><\/p>\n<p>Feln\u0151ttek \u00e9s 14 \u00e9v feletti gyermekek: 1 kapszula naponta.<\/p>\n<p><strong>Fogalmaz\u00e1s :<\/strong><\/p>\n<p>Egy kapszul\u00e1ban: 400mcg folsav.<\/p>\n<p><strong>Jegyzet:<\/strong>\u00a0Arra t\u00f6reksz\u00fcnk, hogy minden term\u00e9k le\u00edr\u00e1s\u00e1n\u00e1l a lehet\u0151 legpontosabbak legy\u00fcnk, de nem tudjuk garant\u00e1lni, hogy minden le\u00edr\u00e1s teljes \u00e9s hibamentes. K\u00f6sz\u00f6n\u00f6m a meg\u00e9rt\u00e9st.<br \/>\nAz oldalon felt\u00fcntetett \u00f6sszes elem k\u00edn\u00e1latunk r\u00e9sz\u00e9t k\u00e9pezi, de ez nem jelenti azt, hogy mindenkor el\u00e9rhet\u0151.<\/p>","protected":false},"featured_media":2021,"template":"","meta":[],"product_brand":[],"product_cat":[89,85],"product_tag":[279,263,325],"class_list":{"0":"post-2020","1":"product","2":"type-product","3":"status-publish","4":"has-post-thumbnail","6":"product_cat-trudnoca-i-dojenje","7":"product_cat-zdravlje-zena","8":"product_tag-folna-kiselina","9":"product_tag-trudnoca","10":"product_tag-zdravlje-zena","12":"first","13":"outofstock","14":"shipping-taxable","15":"purchasable","16":"product-type-simple"},"ams_default_variation_id":0,"ams_product_points_reward":[],"ams_product_discount_percentage":0,"ams_price_to_display":510,"ams_acf":[],"jetpack_sharing_enabled":true,"_links":{"self":[{"href":"https:\/\/apotekar-online.rs\/hu\/wp-json\/wp\/v2\/product\/2020","targetHints":{"allow":["GET"]}}],"collection":[{"href":"https:\/\/apotekar-online.rs\/hu\/wp-json\/wp\/v2\/product"}],"about":[{"href":"https:\/\/apotekar-online.rs\/hu\/wp-json\/wp\/v2\/types\/product"}],"wp:featuredmedia":[{"embeddable":true,"href":"https:\/\/apotekar-online.rs\/hu\/wp-json\/wp\/v2\/media\/2021"}],"wp:attachment":[{"href":"https:\/\/apotekar-online.rs\/hu\/wp-json\/wp\/v2\/media?parent=2020"}],"wp:term":[{"taxonomy":"product_brand","embeddable":true,"href":"https:\/\/apotekar-online.rs\/hu\/wp-json\/wp\/v2\/product_brand?post=2020"},{"taxonomy":"product_cat","embeddable":true,"href":"https:\/\/apotekar-online.rs\/hu\/wp-json\/wp\/v2\/product_cat?post=2020"},{"taxonomy":"product_tag","embeddable":true,"href":"https:\/\/apotekar-online.rs\/hu\/wp-json\/wp\/v2\/product_tag?post=2020"}],"curies":[{"name":"wp","href":"https:\/\/api.w.org\/{rel}","templated":true}]}}