{"id":2029,"date":"2023-03-05T16:34:00","date_gmt":"2023-03-05T16:34:00","guid":{"rendered":"https:\/\/apotekar-online.rs\/?post_type=product&#038;p=2029"},"modified":"2026-03-05T08:21:51","modified_gmt":"2026-03-05T10:21:51","slug":"floradix-tonik-vassal-250-ml","status":"publish","type":"product","link":"https:\/\/apotekar-online.rs\/hu\/p\/floradix-tonik-sa-gvozdem-250-ml\/","title":{"rendered":"Floradix tonik vassal 250 ml"},"content":{"rendered":"","protected":false},"excerpt":{"rendered":"<p><strong>Floradix<\/strong> egy \u00edzletes \u00e9trend-kieg\u00e9sz\u00edt\u0151, amely v\u00e1logatott vitaminok, vas \u00e9lettani tulajdons\u00e1gain, valamint v\u00e1logatott gy\u00f3gyn\u00f6v\u00e9nyek vizes kivonatainak \u00e9s v\u00e1logatott gy\u00fcm\u00f6lcs\u00f6k koncentr\u00e1tumainak fiziol\u00f3giai tulajdons\u00e1gain alapul. A vas n\u00e9lk\u00fcl\u00f6zhetetlen \u00e9trend-\u00f6sszetev\u0151, amely lehet\u0151v\u00e9 teszi, hogy a v\u00f6r\u00f6sv\u00e9rtestek oxig\u00e9nt sz\u00e1ll\u00edtsanak a test minden r\u00e9sz\u00e9be. A Floradix j\u00f3l felsz\u00edv\u00f3d\u00f3 vasat tartalmaz \u00e9leszt\u0151kivonat alap\u00fa t\u00e1pl\u00e1l\u00e9k-kieg\u00e9sz\u00edt\u0151k form\u00e1j\u00e1ban. A gy\u00fcm\u00f6lcssavak \u00e9s a n\u00f6v\u00e9nyi kivonatok enyhe em\u00e9szt\u00e9st serkent\u0151 hat\u00e1ssal b\u00edrnak, megel\u0151zik a vask\u00e9sz\u00edtm\u00e9nyekn\u00e9l megszokott em\u00e9szt\u00e9si probl\u00e9m\u00e1kat. A Floradix k\u00fcl\u00f6n\u00f6sen alkalmas n\u0151knek (bele\u00e9rtve a terhes n\u0151ket \u00e9s any\u00e1kat), de f\u00e9rfiaknak, feln\u00f6v\u0151 gyermekeknek \u00e9s term\u00e9szetes vasban \u00e9s vitaminokban szeg\u00e9ny \u00e9trendben \u00e9l\u0151knek is.<\/p>\n<p><strong>Adagol\u00e1s \u00e9s felhaszn\u00e1l\u00e1si m\u00f3d:<\/strong><\/p>\n<p>Vegy\u00fcnk 10 ml-t 30 perccel \u00e9tkez\u00e9s el\u0151tt naponta k\u00e9tszer. Ne vegye be ezt a term\u00e9ket fekete te\u00e1val, k\u00e1v\u00e9val vagy tejterm\u00e9kekkel egy\u00fctt. Ilyen esetekben a vas felsz\u00edv\u00f3d\u00e1sa kisebb lesz.<\/p>\n<p><strong>Fogalmaz\u00e1s :<\/strong><\/p>\n<p>H\u00edg\u00edtott kivonat (54%): s\u00e1rgar\u00e9pa (Daucus carota), csal\u00e1nlev\u00e9l (Urtica dioica), spen\u00f3t (Spinacia oleracea), s\u00e1s gy\u00f6k\u00e9r (Agropyron repens), vad \u00e9desk\u00f6m\u00e9ny (Foeniculum vulgare), h\u00edn\u00e1r (Marcrocystis pyrifera), csipkebogy\u00f3 vir\u00e1gai (Hibiscus) sabdariffa). Gy\u00fcm\u00f6lcsl\u00e9-koncentr\u00e1tum kever\u00e9k (29,4%): k\u00f6rte-, sz\u0151l\u0151-, feketeribizli-l\u00e9, v\u00edz, szeder, cseresznye, narancs, v\u00f6r\u00f6s, retek, citroml\u00e9-koncentr\u00e1tum, szentj\u00e1noskeny\u00e9r-kivonat, almal\u00e9-koncentr\u00e1tum. H\u00edg\u00edtott \u00e9leszt\u0151kivonat, m\u00e9z, h\u00edg\u00edtott l\u00e1gy csipkebogy\u00f3 kivonat 4% C-vitaminnal, vas-gl\u00fckon\u00e1t, b\u00fazacs\u00edra kivonat, C-vitamin, term\u00e9szetes arom\u00e1k, B1-vitamin (tiamin-klorid-hidroklorid), B2-vitamin (riboflavin-n\u00e1trium-foszf\u00e1t), B6-vitamin (piridoxin-hidroklorid) ), B12-vitamin (cianokobalamin).<\/p>\n<p>&nbsp;<\/p>\n<p><strong>Jegyzet:<\/strong>\u00a0Arra t\u00f6reksz\u00fcnk, hogy minden term\u00e9k le\u00edr\u00e1s\u00e1n\u00e1l a lehet\u0151 legpontosabbak legy\u00fcnk, de nem tudjuk garant\u00e1lni, hogy minden le\u00edr\u00e1s teljes \u00e9s hibamentes. K\u00f6sz\u00f6n\u00f6m a meg\u00e9rt\u00e9st.<br \/>\nAz oldalon felt\u00fcntetett \u00f6sszes elem k\u00edn\u00e1latunk r\u00e9sz\u00e9t k\u00e9pezi, de ez nem jelenti azt, hogy mindenkor el\u00e9rhet\u0151.<\/p>\n<p>&nbsp;<\/p>","protected":false},"featured_media":2030,"template":"","meta":[],"product_brand":[],"product_cat":[77,83,126,89,78,84,85],"product_tag":[262,270,263,331,304],"class_list":{"0":"post-2029","1":"product","2":"type-product","3":"status-publish","4":"has-post-thumbnail","6":"product_cat-imunitet","7":"product_cat-preparati-za-anemiju","8":"product_cat-preparati-za-gorusicu-i-otezano-varenje","9":"product_cat-trudnoca-i-dojenje","10":"product_cat-vitamini-i-minerali","11":"product_cat-zdravlje-muskaraca","12":"product_cat-zdravlje-zena","13":"product_tag-gvozdje","14":"product_tag-minerali","15":"product_tag-trudnoca","16":"product_tag-varenje","17":"product_tag-vitamini","19":"first","20":"instock","21":"shipping-taxable","22":"purchasable","23":"product-type-simple"},"ams_default_variation_id":0,"ams_product_points_reward":[],"ams_product_discount_percentage":0,"ams_price_to_display":1440,"ams_acf":[],"jetpack_sharing_enabled":true,"_links":{"self":[{"href":"https:\/\/apotekar-online.rs\/hu\/wp-json\/wp\/v2\/product\/2029","targetHints":{"allow":["GET"]}}],"collection":[{"href":"https:\/\/apotekar-online.rs\/hu\/wp-json\/wp\/v2\/product"}],"about":[{"href":"https:\/\/apotekar-online.rs\/hu\/wp-json\/wp\/v2\/types\/product"}],"wp:featuredmedia":[{"embeddable":true,"href":"https:\/\/apotekar-online.rs\/hu\/wp-json\/wp\/v2\/media\/2030"}],"wp:attachment":[{"href":"https:\/\/apotekar-online.rs\/hu\/wp-json\/wp\/v2\/media?parent=2029"}],"wp:term":[{"taxonomy":"product_brand","embeddable":true,"href":"https:\/\/apotekar-online.rs\/hu\/wp-json\/wp\/v2\/product_brand?post=2029"},{"taxonomy":"product_cat","embeddable":true,"href":"https:\/\/apotekar-online.rs\/hu\/wp-json\/wp\/v2\/product_cat?post=2029"},{"taxonomy":"product_tag","embeddable":true,"href":"https:\/\/apotekar-online.rs\/hu\/wp-json\/wp\/v2\/product_tag?post=2029"}],"curies":[{"name":"wp","href":"https:\/\/api.w.org\/{rel}","templated":true}]}}