{"id":2038,"date":"2023-03-06T12:04:11","date_gmt":"2023-03-06T12:04:11","guid":{"rendered":"https:\/\/apotekar-online.rs\/?post_type=product&#038;p=2038"},"modified":"2026-03-05T08:21:50","modified_gmt":"2026-03-05T10:21:50","slug":"pharmas-floriotic-boulardii-kapszula-x-10","status":"publish","type":"product","link":"https:\/\/apotekar-online.rs\/hu\/p\/pharmas-floriotic-boulardii-kapsule-x-10\/","title":{"rendered":"PharmaS FLORIOTIC\u00ae BOULARDII kapszula x 10 db"},"content":{"rendered":"","protected":false},"excerpt":{"rendered":"<p><strong>PharmaS FLORIOTIC\u00ae BOULARDII<\/strong> Probiotikus di\u00e9t\u00e1s k\u00e9sz\u00edtm\u00e9ny gyermekeknek \u00e9s feln\u0151tteknek, szinergikus hat\u00e1st fejt ki a b\u00e9lrendszer kiegyens\u00falyozatlan mikrobi\u00f3t\u00e1j\u00e1nak helyre\u00e1ll\u00edt\u00e1s\u00e1ban. A FLORIOTIC BOULARDII-ben tal\u00e1lhat\u00f3 S Boulardii hat\u00e1sos az antibiotikum-haszn\u00e1lat okozta hasmen\u00e9s, akut hasmen\u00e9s, utaz\u00e1si hasmen\u00e9s \u00e9s a Clostridium difficile bakt\u00e9rium \u00e1ltal okozott visszat\u00e9r\u0151 fert\u0151z\u00e9sek kezel\u00e9s\u00e9ben, ellen\u00e1ll az antibiotikumok hat\u00e1s\u00e1nak \u00e9s ellen\u00e1ll a gyomor savas k\u00f6rnyezet\u00e9nek.<\/p>\n<p><strong>Adagol\u00e1s \u00e9s felhaszn\u00e1l\u00e1si m\u00f3d:<\/strong><\/p>\n<p>Az aj\u00e1nlott adag napi 1 kapszula<br \/>\n\u2013 Napi 1 kapszula, f\u00e9l poh\u00e1r folyad\u00e9kkal igyuk meg<br \/>\n-A PharmaS Floriotic Boulardii kapszul\u00e1t \u00e9tkez\u00e9st\u0151l f\u00fcggetlen\u00fcl kell bevenni<br \/>\n- A PharmaS Floriotic Boulardii rezisztens, \u00e9s antibiotikumokkal egyidej\u0171leg is szedhet\u0151<br \/>\n- Gyermekekn\u00e9l t\u00f6rt\u00e9n\u0151 alkalmaz\u00e1s eset\u00e9n a kapszula felnyithat\u00f3, \u00e9s a tartalma \u00e9tellel vagy folyad\u00e9kkal egy\u00fctt bevehet\u0151<br \/>\n\u2013 A PharmaS Floriotic Boulardii 6 \u00e9v feletti koroszt\u00e1ly sz\u00e1m\u00e1ra k\u00e9sz\u00fclt.<\/p>\n<p><strong>Fogalmaz\u00e1s :<\/strong><\/p>\n<p>Egy kapszula tartalma:<br \/>\n5 milli\u00e1rd \u00e9l\u0151 liofiliz\u00e1lt \u00e9leszt\u0151teny\u00e9szet Saccharomyces cerevisiae var boulardiiI-3799 \u00e9s 1 milli\u00e1rd tejsavbakt\u00e9rium teny\u00e9szet: Lactobacillus acidophilus LA3, Bifidobacterium animalis ssp.lactis BLC1, Lactobacillus casei BGP93.<\/p>\n<p><strong>Jegyzet:<\/strong>\u00a0Arra t\u00f6reksz\u00fcnk, hogy minden term\u00e9k le\u00edr\u00e1s\u00e1n\u00e1l a lehet\u0151 legpontosabbak legy\u00fcnk, de nem tudjuk garant\u00e1lni, hogy minden le\u00edr\u00e1s teljes \u00e9s hibamentes. K\u00f6sz\u00f6n\u00f6m a meg\u00e9rt\u00e9st.<br \/>\nAz oldalon felt\u00fcntetett \u00f6sszes elem k\u00edn\u00e1latunk r\u00e9sz\u00e9t k\u00e9pezi, de ez nem jelenti azt, hogy mindenkor el\u00e9rhet\u0151.<\/p>\n<p>&nbsp;<\/p>","protected":false},"featured_media":2039,"template":"","meta":[],"product_brand":[],"product_cat":[81,105],"product_tag":[296,179,337],"class_list":{"0":"post-2038","1":"product","2":"type-product","3":"status-publish","4":"has-post-thumbnail","6":"product_cat-probiotici-i-enzimi","7":"product_cat-dijareja-i-rehidratacija","8":"product_tag-enzimi","9":"product_tag-imunitet","10":"product_tag-probiotik","12":"first","13":"instock","14":"shipping-taxable","15":"purchasable","16":"product-type-simple"},"ams_default_variation_id":0,"ams_product_points_reward":[],"ams_product_discount_percentage":0,"ams_price_to_display":541.44,"ams_acf":[],"jetpack_sharing_enabled":true,"_links":{"self":[{"href":"https:\/\/apotekar-online.rs\/hu\/wp-json\/wp\/v2\/product\/2038","targetHints":{"allow":["GET"]}}],"collection":[{"href":"https:\/\/apotekar-online.rs\/hu\/wp-json\/wp\/v2\/product"}],"about":[{"href":"https:\/\/apotekar-online.rs\/hu\/wp-json\/wp\/v2\/types\/product"}],"wp:featuredmedia":[{"embeddable":true,"href":"https:\/\/apotekar-online.rs\/hu\/wp-json\/wp\/v2\/media\/2039"}],"wp:attachment":[{"href":"https:\/\/apotekar-online.rs\/hu\/wp-json\/wp\/v2\/media?parent=2038"}],"wp:term":[{"taxonomy":"product_brand","embeddable":true,"href":"https:\/\/apotekar-online.rs\/hu\/wp-json\/wp\/v2\/product_brand?post=2038"},{"taxonomy":"product_cat","embeddable":true,"href":"https:\/\/apotekar-online.rs\/hu\/wp-json\/wp\/v2\/product_cat?post=2038"},{"taxonomy":"product_tag","embeddable":true,"href":"https:\/\/apotekar-online.rs\/hu\/wp-json\/wp\/v2\/product_tag?post=2038"}],"curies":[{"name":"wp","href":"https:\/\/api.w.org\/{rel}","templated":true}]}}