{"id":2042,"date":"2023-03-06T12:39:36","date_gmt":"2023-03-06T12:39:36","guid":{"rendered":"https:\/\/apotekar-online.rs\/?post_type=product&#038;p=2042"},"modified":"2026-03-05T08:21:50","modified_gmt":"2026-03-05T10:21:50","slug":"harticol-plus-kapszula-x-30","status":"publish","type":"product","link":"https:\/\/apotekar-online.rs\/hu\/p\/hartikol-plus-kapsule-x-30\/","title":{"rendered":"PharmaS Hartikol PLUS kapszula x 30 db"},"content":{"rendered":"","protected":false},"excerpt":{"rendered":"<p><strong>Harticol Plus<\/strong> egy v\u00f6r\u00f6s rizs \u00e9s artics\u00f3ka alap\u00fa \u00e9trend-kieg\u00e9sz\u00edt\u0151, amely seg\u00edt a v\u00e9r koleszterinszintj\u00e9nek szab\u00e1lyoz\u00e1s\u00e1ban, hozz\u00e1j\u00e1rul a norm\u00e1l sz\u00edvm\u0171k\u00f6d\u00e9shez, a norm\u00e1l lipid- \u00e9s homocisztein anyagcser\u00e9hez.<\/p>\n<p><strong>Adagol\u00e1s \u00e9s felhaszn\u00e1l\u00e1si m\u00f3d:<\/strong><\/p>\n<p>Napi 1 kapszul\u00e1t vegyen be az utols\u00f3 \u00e9tkez\u00e9s ut\u00e1n, f\u00e9l poh\u00e1r folyad\u00e9kkal.<\/p>\n<p><strong>Fogalmaz\u00e1s :<\/strong><\/p>\n<p>Egy kapszul\u00e1ban:<br id=\"&quot;c1-id-8&quot;\" \/>- ferment\u00e1lt v\u00f6r\u00f6srizs sz\u00e1raz kivonata 85 mg, amelyb\u0151l monakolin 2,9 mg<br id=\"&quot;c1-id-9&quot;\" \/>- kolin 82,5 mg<br id=\"&quot;c1-id-10&quot;\" \/>-tiamin (B1-vitamin) 1,1 mg<br id=\"&quot;c1-id-11&quot;\" \/>- sz\u00e1raz artics\u00f3kalev\u00e9l kivonat 5% cinarinra standardiz\u00e1lt 155 mg<br id=\"&quot;c1-id-12&quot;\" \/>- folsav 200 \u00b5g.<\/p>\n<p>&nbsp;<\/p>\n<p>&nbsp;<\/p>","protected":false},"featured_media":2043,"template":"","meta":[],"product_brand":[3072],"product_cat":[79],"product_tag":[339,259,258],"class_list":{"0":"post-2042","1":"product","2":"type-product","3":"status-publish","4":"has-post-thumbnail","6":"product_brand-pharmas","7":"product_cat-srce-krvni-sudovi-i-holesterol","8":"product_tag-holesterol","9":"product_tag-krvni-sudovi","10":"product_tag-srce","12":"first","13":"instock","14":"shipping-taxable","15":"purchasable","16":"product-type-simple"},"ams_default_variation_id":0,"ams_product_points_reward":[],"ams_product_discount_percentage":0,"ams_price_to_display":1395,"ams_acf":[],"jetpack_sharing_enabled":true,"_links":{"self":[{"href":"https:\/\/apotekar-online.rs\/hu\/wp-json\/wp\/v2\/product\/2042","targetHints":{"allow":["GET"]}}],"collection":[{"href":"https:\/\/apotekar-online.rs\/hu\/wp-json\/wp\/v2\/product"}],"about":[{"href":"https:\/\/apotekar-online.rs\/hu\/wp-json\/wp\/v2\/types\/product"}],"wp:featuredmedia":[{"embeddable":true,"href":"https:\/\/apotekar-online.rs\/hu\/wp-json\/wp\/v2\/media\/2043"}],"wp:attachment":[{"href":"https:\/\/apotekar-online.rs\/hu\/wp-json\/wp\/v2\/media?parent=2042"}],"wp:term":[{"taxonomy":"product_brand","embeddable":true,"href":"https:\/\/apotekar-online.rs\/hu\/wp-json\/wp\/v2\/product_brand?post=2042"},{"taxonomy":"product_cat","embeddable":true,"href":"https:\/\/apotekar-online.rs\/hu\/wp-json\/wp\/v2\/product_cat?post=2042"},{"taxonomy":"product_tag","embeddable":true,"href":"https:\/\/apotekar-online.rs\/hu\/wp-json\/wp\/v2\/product_tag?post=2042"}],"curies":[{"name":"wp","href":"https:\/\/api.w.org\/{rel}","templated":true}]}}